{"id":1141300,"date":"2025-04-11T18:32:05","date_gmt":"2025-04-11T22:32:05","guid":{"rendered":"https:\/\/stoic-curie.212-227-153-4.plesk.page\/product\/conjunto-2-helices-solas-duoprop-a3\/"},"modified":"2026-02-25T00:28:30","modified_gmt":"2026-02-25T00:28:30","slug":"conjunto-2-helices-solas-duoprop-a3","status":"publish","type":"product","link":"https:\/\/stoic-curie.212-227-153-4.plesk.page\/pt\/product\/conjunto-2-helices-solas-duoprop-a3\/","title":{"rendered":"Conjunto 2 H\u00e9lices Solas Duoprop A3"},"content":{"rendered":"<p>Conjunto 2 H\u00e9lices Solas Duoprop A3 &#8211; <\/p>\n<p style=\"color: rgb(34, 34, 34); font-family: Arial, Helvetica, sans-serif; font-size: small;\">Conjunto de h\u00e9lices Duoprop de alum\u00ednio Solas Tipo A3 para Volvo Penta 280 e 290 DP (Diesel)<\/p>\n<ul style=\"color: rgb(34, 34, 34); font-family: Arial, Helvetica, sans-serif; font-size: small;\">\n<li>H\u00e9lice Frontal: 3 l\u00e2minas<\/li>\n<li>H\u00e9lice Traseira: 4 l\u00e2minas<\/li>\n<\/ul>\n<p style=\"color: rgb(34, 34, 34); font-family: Arial, Helvetica, sans-serif; font-size: small;\">As h\u00e9lices SOLAS Duo possuem um design de l\u00e2mina com alta inclina\u00e7\u00e3o e curvatura, oferecendo excelente eleva\u00e7\u00e3o de popa e acelera\u00e7\u00e3o. Essas h\u00e9lices de estilo duo de reposi\u00e7\u00e3o s\u00e3o uma op\u00e7\u00e3o para os profissionais da Volvo Penta Duo. No entanto, observe que a carga da h\u00e9lice e a rpm do motor podem diferir entre as h\u00e9lices Solas e as op\u00e7\u00f5es de fabricante de equipamentos originais (OEM). (Essas informa\u00e7\u00f5es de tamanho s\u00e3o diretamente provenientes do Cat\u00e1logo Solas 2013.) A instala\u00e7\u00e3o de h\u00e9lices de estilo duo Solas pode exigir ferramentas especiais e hardware OEM. Recomendamos consultar o manual OEM para instala\u00e7\u00e3o adequada e especifica\u00e7\u00f5es de torque.<\/p>\n<p style=\"color: rgb(34, 34, 34); font-family: Arial, Helvetica, sans-serif; font-size: small;\">As h\u00e9lices de alum\u00ednio SOLAS Duo-Prop da s\u00e9rie A s\u00e3o projetadas para motores diesel de at\u00e9 D41. A combina\u00e7\u00e3o \u00fanica de uma h\u00e9lice frontal de 3 l\u00e2minas e uma h\u00e9lice traseira de 4 l\u00e2minas oferece ader\u00eancia excepcional na \u00e1gua.<\/p>\n<p style=\"color: rgb(34, 34, 34); font-family: Arial, Helvetica, sans-serif; font-size: small;\">As h\u00e9lices Solas s\u00e3o fabricadas atrav\u00e9s de um avan\u00e7ado processo de fundi\u00e7\u00e3o sob press\u00e3o, tornando-as mais fortes e dur\u00e1veis do que produtos de fundi\u00e7\u00e3o tradicionais. Esse processo resulta em uma h\u00e9lice praticamente n\u00e3o porosa com uma estrutura de gr\u00e3o mais fina. Al\u00e9m disso, os h\u00e9lices de alum\u00ednio Solas s\u00e3o revestidos com quatro camadas de tinta, utilizando revestimentos de alta qualidade e uma t\u00e9cnica de pintura sofisticada para garantir prote\u00e7\u00e3o excepcional contra corros\u00e3o. Cada h\u00e9lice passa por mais de 500 horas de testes em um tanque de spray de \u00e1gua salgada, simulando mais de seis meses de uso t\u00edpico em \u00e1gua salgada.<\/p>\n<p style=\"color: rgb(34, 34, 34); font-family: Arial, Helvetica, sans-serif; font-size: small;\"><strong>Nota:<\/strong>\u00a0Para motores que excedem velocidades de 35 n\u00f3s, recomendamos o uso da H\u00e9lice de A\u00e7o Inoxid\u00e1vel Tipo C.<\/p>\n","protected":false},"excerpt":{"rendered":"<p>Conjunto 2 H\u00e9lices Solas Duoprop A3 &#8211; Conjunto de h\u00e9lices Duoprop de alum\u00ednio Solas Tipo A3 para Volvo Penta 280<\/p>\n","protected":false},"featured_media":5948309,"comment_status":"closed","ping_status":"closed","template":"","meta":[],"product_brand":[3412],"product_cat":[2116],"product_tag":[],"class_list":{"0":"post-1141300","1":"product","2":"type-product","3":"status-publish","4":"has-post-thumbnail","6":"product_brand-solas-pt","7":"product_cat-pecas-para-motores-volvo-penta","9":"first","10":"instock","11":"shipping-taxable","12":"purchasable","13":"product-type-simple"},"_links":{"self":[{"href":"https:\/\/stoic-curie.212-227-153-4.plesk.page\/pt\/wp-json\/wp\/v2\/product\/1141300","targetHints":{"allow":["GET"]}}],"collection":[{"href":"https:\/\/stoic-curie.212-227-153-4.plesk.page\/pt\/wp-json\/wp\/v2\/product"}],"about":[{"href":"https:\/\/stoic-curie.212-227-153-4.plesk.page\/pt\/wp-json\/wp\/v2\/types\/product"}],"replies":[{"embeddable":true,"href":"https:\/\/stoic-curie.212-227-153-4.plesk.page\/pt\/wp-json\/wp\/v2\/comments?post=1141300"}],"version-history":[{"count":0,"href":"https:\/\/stoic-curie.212-227-153-4.plesk.page\/pt\/wp-json\/wp\/v2\/product\/1141300\/revisions"}],"wp:featuredmedia":[{"embeddable":true,"href":"https:\/\/stoic-curie.212-227-153-4.plesk.page\/pt\/wp-json\/wp\/v2\/media\/5948309"}],"wp:attachment":[{"href":"https:\/\/stoic-curie.212-227-153-4.plesk.page\/pt\/wp-json\/wp\/v2\/media?parent=1141300"}],"wp:term":[{"taxonomy":"product_brand","embeddable":true,"href":"https:\/\/stoic-curie.212-227-153-4.plesk.page\/pt\/wp-json\/wp\/v2\/product_brand?post=1141300"},{"taxonomy":"product_cat","embeddable":true,"href":"https:\/\/stoic-curie.212-227-153-4.plesk.page\/pt\/wp-json\/wp\/v2\/product_cat?post=1141300"},{"taxonomy":"product_tag","embeddable":true,"href":"https:\/\/stoic-curie.212-227-153-4.plesk.page\/pt\/wp-json\/wp\/v2\/product_tag?post=1141300"}],"curies":[{"name":"wp","href":"https:\/\/api.w.org\/{rel}","templated":true}]}}