{"id":1141301,"date":"2025-04-11T18:32:05","date_gmt":"2025-04-11T22:32:05","guid":{"rendered":"https:\/\/stoic-curie.212-227-153-4.plesk.page\/product\/conjunto-2-helices-solas-duoprop-a5\/"},"modified":"2026-02-25T00:28:30","modified_gmt":"2026-02-25T00:28:30","slug":"conjunto-2-helices-solas-duoprop-a5","status":"publish","type":"product","link":"https:\/\/stoic-curie.212-227-153-4.plesk.page\/pt\/product\/conjunto-2-helices-solas-duoprop-a5\/","title":{"rendered":"Conjunto 2 H\u00e9lices Solas Duoprop A5"},"content":{"rendered":"<p>Conjunto 2 H\u00e9lices Solas Duoprop A5 &#8211; <\/p>\n<p style=\"color: rgb(34, 34, 34); font-family: Arial, Helvetica, sans-serif; font-size: small;\">Conjunto de h\u00e9lices em alum\u00ednio Solas Tipo A5 projetado para Volvo Penta 280 e 290 DP (Diesel)<\/p>\n<ul style=\"color: rgb(34, 34, 34); font-family: Arial, Helvetica, sans-serif; font-size: small;\">\n<li>H\u00e9lice dianteira: 3 l\u00e2minas<\/li>\n<li>H\u00e9lice traseira: 4 l\u00e2minas<\/li>\n<\/ul>\n<p style=\"color: rgb(34, 34, 34); font-family: Arial, Helvetica, sans-serif; font-size: small;\">As h\u00e9lices SOLAS Duo s\u00e3o engenhadas com um design de l\u00e2mina de alto \u00e2ngulo, que proporciona uma excelente eleva\u00e7\u00e3o na popa e acelera\u00e7\u00e3o. Essas h\u00e9lices do tipo duo de reposi\u00e7\u00e3o s\u00e3o destinadas a substituir os conjuntos Duo da Volvo Penta. \u00c9 importante lembrar que a carga no h\u00e9lice e as RPM do motor podem variar entre as h\u00e9lices Solas e os modelos do fabricante de equipamento original (OEM). (Essas informa\u00e7\u00f5es de tamanho s\u00e3o diretamente extra\u00eddas do Cat\u00e1logo Solas 2013.) A instala\u00e7\u00e3o das h\u00e9lices do tipo duo da Solas pode exigir ferramentas especializadas e hardware do OEM. Recomendamos consultar o manual do OEM para especifica\u00e7\u00f5es precisas de instala\u00e7\u00e3o e torque.<\/p>\n<p style=\"color: rgb(34, 34, 34); font-family: Arial, Helvetica, sans-serif; font-size: small;\">As h\u00e9lices de alum\u00ednio SOLAS da s\u00e9rie Duo-Prop A s\u00e3o especificamente projetadas para motores a diesel at\u00e9 D41. A combina\u00e7\u00e3o distinta de uma h\u00e9lice dianteira de 3 l\u00e2minas e uma h\u00e9lice traseira de 4 l\u00e2minas garante uma ader\u00eancia not\u00e1vel na \u00e1gua.<\/p>\n<p style=\"color: rgb(34, 34, 34); font-family: Arial, Helvetica, sans-serif; font-size: small;\">As h\u00e9lices Solas s\u00e3o produzidas usando uma t\u00e9cnica avan\u00e7ada de fundi\u00e7\u00e3o sob press\u00e3o, que melhora sua resist\u00eancia e durabilidade em compara\u00e7\u00e3o com produtos de fundi\u00e7\u00e3o convencionais. Este m\u00e9todo resulta em uma h\u00e9lice quase n\u00e3o porosa com uma estrutura de gr\u00e3o mais fina. Al\u00e9m disso, as H\u00e9lices de Alum\u00ednio Solas s\u00e3o tratadas com quatro camadas de tinta, utilizando revestimentos de alta qualidade e um processo de pintura avan\u00e7ado para fornecer prote\u00e7\u00e3o excecional contra corros\u00e3o. Cada h\u00e9lice \u00e9 submetida a mais de 500 horas de testes em um tanque de spray de \u00e1gua salgada, simulando mais de seis meses de exposi\u00e7\u00e3o t\u00edpica \u00e0 \u00e1gua salgada.<\/p>\n<p style=\"color: rgb(34, 34, 34); font-family: Arial, Helvetica, sans-serif; font-size: small;\"><strong>Nota:<\/strong>\u00a0Para motores que alcan\u00e7am velocidades superiores a 35 n\u00f3s, sugerimos utilizar a h\u00e9lice de a\u00e7o inoxid\u00e1vel Tipo C.<\/p>\n","protected":false},"excerpt":{"rendered":"<p>Conjunto 2 H\u00e9lices Solas Duoprop A5 &#8211; Conjunto de h\u00e9lices em alum\u00ednio Solas Tipo A5 projetado para Volvo Penta 280<\/p>\n","protected":false},"featured_media":5948309,"comment_status":"closed","ping_status":"closed","template":"","meta":[],"product_brand":[3412],"product_cat":[2116],"product_tag":[],"class_list":{"0":"post-1141301","1":"product","2":"type-product","3":"status-publish","4":"has-post-thumbnail","6":"product_brand-solas-pt","7":"product_cat-pecas-para-motores-volvo-penta","9":"first","10":"instock","11":"shipping-taxable","12":"purchasable","13":"product-type-simple"},"_links":{"self":[{"href":"https:\/\/stoic-curie.212-227-153-4.plesk.page\/pt\/wp-json\/wp\/v2\/product\/1141301","targetHints":{"allow":["GET"]}}],"collection":[{"href":"https:\/\/stoic-curie.212-227-153-4.plesk.page\/pt\/wp-json\/wp\/v2\/product"}],"about":[{"href":"https:\/\/stoic-curie.212-227-153-4.plesk.page\/pt\/wp-json\/wp\/v2\/types\/product"}],"replies":[{"embeddable":true,"href":"https:\/\/stoic-curie.212-227-153-4.plesk.page\/pt\/wp-json\/wp\/v2\/comments?post=1141301"}],"version-history":[{"count":0,"href":"https:\/\/stoic-curie.212-227-153-4.plesk.page\/pt\/wp-json\/wp\/v2\/product\/1141301\/revisions"}],"wp:featuredmedia":[{"embeddable":true,"href":"https:\/\/stoic-curie.212-227-153-4.plesk.page\/pt\/wp-json\/wp\/v2\/media\/5948309"}],"wp:attachment":[{"href":"https:\/\/stoic-curie.212-227-153-4.plesk.page\/pt\/wp-json\/wp\/v2\/media?parent=1141301"}],"wp:term":[{"taxonomy":"product_brand","embeddable":true,"href":"https:\/\/stoic-curie.212-227-153-4.plesk.page\/pt\/wp-json\/wp\/v2\/product_brand?post=1141301"},{"taxonomy":"product_cat","embeddable":true,"href":"https:\/\/stoic-curie.212-227-153-4.plesk.page\/pt\/wp-json\/wp\/v2\/product_cat?post=1141301"},{"taxonomy":"product_tag","embeddable":true,"href":"https:\/\/stoic-curie.212-227-153-4.plesk.page\/pt\/wp-json\/wp\/v2\/product_tag?post=1141301"}],"curies":[{"name":"wp","href":"https:\/\/api.w.org\/{rel}","templated":true}]}}