{"id":1141302,"date":"2025-04-11T18:32:05","date_gmt":"2025-04-11T22:32:05","guid":{"rendered":"https:\/\/stoic-curie.212-227-153-4.plesk.page\/product\/conjunto-2-helices-solas-duoprop-a6\/"},"modified":"2026-02-25T00:28:30","modified_gmt":"2026-02-25T00:28:30","slug":"conjunto-2-helices-solas-duoprop-a6","status":"publish","type":"product","link":"https:\/\/stoic-curie.212-227-153-4.plesk.page\/pt\/product\/conjunto-2-helices-solas-duoprop-a6\/","title":{"rendered":"Conjunto 2 H\u00e9lices Solas Duoprop A6"},"content":{"rendered":"<p>Conjunto 2 H\u00e9lices Solas Duoprop A6 &#8211; <\/p>\n<p style=\"color: rgb(34, 34, 34); font-family: Arial, Helvetica, sans-serif; font-size: small;\">Conjunto de h\u00e9lices duopropulsoras de alum\u00ednio Solas Tipo A6 para Volvo Penta 280 e 290 DP (Diesel)<\/p>\n<ul style=\"color: rgb(34, 34, 34); font-family: Arial, Helvetica, sans-serif; font-size: small;\">\n<li>H\u00e9lice frontal: 3 l\u00e2minas<\/li>\n<li>H\u00e9lice traseira: 4 l\u00e2minas<\/li>\n<\/ul>\n<p style=\"color: rgb(34, 34, 34); font-family: Arial, Helvetica, sans-serif; font-size: small;\">As h\u00e9lices SOLAS Duo apresentam um design de l\u00e2mina de alta inclina\u00e7\u00e3o com curvatura, proporcionando excelente eleva\u00e7\u00e3o na popa e acelera\u00e7\u00e3o. Essas h\u00e9lices de estilo duo aftermarket servem como uma op\u00e7\u00e3o de substitui\u00e7\u00e3o para os motores Volvo Penta Duo. No entanto, observe que a carga da h\u00e9lice e as RPM do motor podem diferir entre as h\u00e9lices Solas e as op\u00e7\u00f5es do fabricante original (OEM). Para dimensionamento preciso, consulte o Cat\u00e1logo Solas 2013. A instala\u00e7\u00e3o das h\u00e9lices de estilo duo Solas pode exigir ferramentas especiais e hardware OEM. Sempre consulte o manual OEM para as especifica\u00e7\u00f5es corretas de instala\u00e7\u00e3o e torque.<\/p>\n<p style=\"color: rgb(34, 34, 34); font-family: Arial, Helvetica, sans-serif; font-size: small;\">As h\u00e9lices de alum\u00ednio SOLAS da s\u00e9rie A s\u00e3o projetadas para motores a diesel de at\u00e9 D41. A combina\u00e7\u00e3o de uma h\u00e9lice frontal de 3 l\u00e2minas e uma h\u00e9lice traseira de 4 l\u00e2minas oferece ader\u00eancia excepcional na \u00e1gua.<\/p>\n<p style=\"color: rgb(34, 34, 34); font-family: Arial, Helvetica, sans-serif; font-size: small;\">As h\u00e9lices Solas s\u00e3o fabricadas usando um avan\u00e7ado processo de fundi\u00e7\u00e3o sob press\u00e3o, tornando-as mais fortes e mais dur\u00e1veis do que os produtos fundidos tradicionais. Este processo resulta em uma h\u00e9lice quase n\u00e3o porosa, com uma estrutura de gr\u00e3o mais fina. Al\u00e9m disso, as h\u00e9lices de alum\u00ednio Solas s\u00e3o revestidas com quatro camadas de tinta, utilizando revestimentos de alta qualidade e uma t\u00e9cnica de pintura sofisticada para garantir prote\u00e7\u00e3o excepcional contra corros\u00e3o. Cada h\u00e9lice passa por mais de 500 horas de testes em um tanque de pulveriza\u00e7\u00e3o de \u00e1gua salgada, simulando mais de seis meses de uso t\u00edpico em \u00e1gua salgada.<\/p>\n<p style=\"color: rgb(34, 34, 34); font-family: Arial, Helvetica, sans-serif; font-size: small;\"><strong>Nota:<\/strong> Para motores que excedem velocidades de 35 n\u00f3s, recomenda-se a h\u00e9lice de a\u00e7o inoxid\u00e1vel Tipo C.<\/p>\n","protected":false},"excerpt":{"rendered":"<p>Conjunto 2 H\u00e9lices Solas Duoprop A6 &#8211; Conjunto de h\u00e9lices duopropulsoras de alum\u00ednio Solas Tipo A6 para Volvo Penta 280<\/p>\n","protected":false},"featured_media":5948309,"comment_status":"closed","ping_status":"closed","template":"","meta":[],"product_brand":[3412],"product_cat":[2116],"product_tag":[],"class_list":{"0":"post-1141302","1":"product","2":"type-product","3":"status-publish","4":"has-post-thumbnail","6":"product_brand-solas-pt","7":"product_cat-pecas-para-motores-volvo-penta","9":"first","10":"instock","11":"shipping-taxable","12":"purchasable","13":"product-type-simple"},"_links":{"self":[{"href":"https:\/\/stoic-curie.212-227-153-4.plesk.page\/pt\/wp-json\/wp\/v2\/product\/1141302","targetHints":{"allow":["GET"]}}],"collection":[{"href":"https:\/\/stoic-curie.212-227-153-4.plesk.page\/pt\/wp-json\/wp\/v2\/product"}],"about":[{"href":"https:\/\/stoic-curie.212-227-153-4.plesk.page\/pt\/wp-json\/wp\/v2\/types\/product"}],"replies":[{"embeddable":true,"href":"https:\/\/stoic-curie.212-227-153-4.plesk.page\/pt\/wp-json\/wp\/v2\/comments?post=1141302"}],"version-history":[{"count":0,"href":"https:\/\/stoic-curie.212-227-153-4.plesk.page\/pt\/wp-json\/wp\/v2\/product\/1141302\/revisions"}],"wp:featuredmedia":[{"embeddable":true,"href":"https:\/\/stoic-curie.212-227-153-4.plesk.page\/pt\/wp-json\/wp\/v2\/media\/5948309"}],"wp:attachment":[{"href":"https:\/\/stoic-curie.212-227-153-4.plesk.page\/pt\/wp-json\/wp\/v2\/media?parent=1141302"}],"wp:term":[{"taxonomy":"product_brand","embeddable":true,"href":"https:\/\/stoic-curie.212-227-153-4.plesk.page\/pt\/wp-json\/wp\/v2\/product_brand?post=1141302"},{"taxonomy":"product_cat","embeddable":true,"href":"https:\/\/stoic-curie.212-227-153-4.plesk.page\/pt\/wp-json\/wp\/v2\/product_cat?post=1141302"},{"taxonomy":"product_tag","embeddable":true,"href":"https:\/\/stoic-curie.212-227-153-4.plesk.page\/pt\/wp-json\/wp\/v2\/product_tag?post=1141302"}],"curies":[{"name":"wp","href":"https:\/\/api.w.org\/{rel}","templated":true}]}}