{"id":1141308,"date":"2025-04-11T18:32:06","date_gmt":"2025-04-11T22:32:06","guid":{"rendered":"https:\/\/stoic-curie.212-227-153-4.plesk.page\/product\/transmissao-sobressalente-para-vetus-60-2\/"},"modified":"2026-02-25T00:28:30","modified_gmt":"2026-02-25T00:28:30","slug":"transmissao-sobressalente-para-vetus-60-2","status":"publish","type":"product","link":"https:\/\/stoic-curie.212-227-153-4.plesk.page\/pt\/product\/transmissao-sobressalente-para-vetus-60-2\/","title":{"rendered":"Transmiss\u00e3o Sobressalente para Vetus 60kgf"},"content":{"rendered":"<p>Transmiss\u00e3o Sobressalente para Vetus 60kgf &#8211; <\/p>\n<p style=\"color: rgb(34, 34, 34); font-family: Arial, Helvetica, sans-serif; font-size: small;\">Esta \u00e9 uma unidade de propuls\u00e3o inferior de substitui\u00e7\u00e3o completa, especialmente projetada para os modelos Vetus BOW6012D e BOW5524D. Ela atua como um pe\u00e7a de cauda sobressalente para os propulsores de proa Vetus (Thrusters de Proa). Se o seu modelo for anterior a 2019, por favor, verifique a placa de identifica\u00e7\u00e3o do motor para garantir a compatibilidade antes de realizar sua compra.<\/p>\n<p style=\"color: rgb(34, 34, 34); font-family: Arial, Helvetica, sans-serif; font-size: small;\">Este kit inclui:<\/p>\n<ul style=\"color: rgb(34, 34, 34); font-family: Arial, Helvetica, sans-serif; font-size: small;\">\n<li>Uma pe\u00e7a de cauda completa com acionamento por fenda<\/li>\n<li>Gaxeta do t\u00fanel<\/li>\n<li>Wedge e gaxetas para a pe\u00e7a de cauda<\/li>\n<li>Parafusos de seguran\u00e7a (M8x40 DIN84) com arruelas de press\u00e3o<\/li>\n<li>Pino de acionamento (5mm x 27.5mm)<\/li>\n<li>Anodo (pr\u00e9-instalado)<\/li>\n<\/ul>\n","protected":false},"excerpt":{"rendered":"<p>Transmiss\u00e3o Sobressalente para Vetus 60kgf &#8211; Esta \u00e9 uma unidade de propuls\u00e3o inferior de substitui\u00e7\u00e3o completa, especialmente projetada para os<\/p>\n","protected":false},"featured_media":5945846,"comment_status":"closed","ping_status":"closed","template":"","meta":[],"product_brand":[3522],"product_cat":[1896],"product_tag":[],"class_list":{"0":"post-1141308","1":"product","2":"type-product","3":"status-publish","4":"has-post-thumbnail","6":"product_brand-vetus-pt","7":"product_cat-propulsores-de-proa-vetus","9":"first","10":"instock","11":"shipping-taxable","12":"purchasable","13":"product-type-simple"},"_links":{"self":[{"href":"https:\/\/stoic-curie.212-227-153-4.plesk.page\/pt\/wp-json\/wp\/v2\/product\/1141308","targetHints":{"allow":["GET"]}}],"collection":[{"href":"https:\/\/stoic-curie.212-227-153-4.plesk.page\/pt\/wp-json\/wp\/v2\/product"}],"about":[{"href":"https:\/\/stoic-curie.212-227-153-4.plesk.page\/pt\/wp-json\/wp\/v2\/types\/product"}],"replies":[{"embeddable":true,"href":"https:\/\/stoic-curie.212-227-153-4.plesk.page\/pt\/wp-json\/wp\/v2\/comments?post=1141308"}],"version-history":[{"count":0,"href":"https:\/\/stoic-curie.212-227-153-4.plesk.page\/pt\/wp-json\/wp\/v2\/product\/1141308\/revisions"}],"wp:featuredmedia":[{"embeddable":true,"href":"https:\/\/stoic-curie.212-227-153-4.plesk.page\/pt\/wp-json\/wp\/v2\/media\/5945846"}],"wp:attachment":[{"href":"https:\/\/stoic-curie.212-227-153-4.plesk.page\/pt\/wp-json\/wp\/v2\/media?parent=1141308"}],"wp:term":[{"taxonomy":"product_brand","embeddable":true,"href":"https:\/\/stoic-curie.212-227-153-4.plesk.page\/pt\/wp-json\/wp\/v2\/product_brand?post=1141308"},{"taxonomy":"product_cat","embeddable":true,"href":"https:\/\/stoic-curie.212-227-153-4.plesk.page\/pt\/wp-json\/wp\/v2\/product_cat?post=1141308"},{"taxonomy":"product_tag","embeddable":true,"href":"https:\/\/stoic-curie.212-227-153-4.plesk.page\/pt\/wp-json\/wp\/v2\/product_tag?post=1141308"}],"curies":[{"name":"wp","href":"https:\/\/api.w.org\/{rel}","templated":true}]}}