{"id":1230693,"date":"2025-04-22T16:48:37","date_gmt":"2025-04-22T20:48:37","guid":{"rendered":"https:\/\/stoic-curie.212-227-153-4.plesk.page\/product\/dinghy-eurovinil-inflatable-plus-180\/"},"modified":"2026-02-25T00:28:30","modified_gmt":"2026-02-25T00:28:30","slug":"dinghy-eurovinil-inflatable-plus-180","status":"publish","type":"product","link":"https:\/\/stoic-curie.212-227-153-4.plesk.page\/pt\/product\/dinghy-eurovinil-inflatable-plus-180\/","title":{"rendered":"Dinghy Eurovinil Inflatable Plus 180"},"content":{"rendered":"<p>Dinghy Eurovinil Inflatable Plus 180 &#8211; <\/p>\n<p>Apresentamos nosso bote, confeccionado em tecido de alta resist\u00eancia 1100D com revestimento de PVC soldado a quente. Este modelo apresenta um quilha em V infl\u00e1vel \u00fanico feito de tecido DropStitch e um fundo Airmat, garantindo excelente rigidez, resist\u00eancia \u00e0 abras\u00e3o e estabilidade durante a navega\u00e7\u00e3o.<\/p>\n<p>O bote \u00e9 projetado com tubos grandes e uma faixa anti-espirro, facilitando o esvaziamento e armazenamento em um arm\u00e1rio.<\/p>\n<p>Com a sua compra, voc\u00ea recebe uma bomba, um kit de reparo, remos, um banco, corda de amarra\u00e7\u00e3o e uma bolsa de transporte. Esta linha infl\u00e1vel \u00e9 o best-seller da Eurovinil, mostrando sua ampla experi\u00eancia no setor de barcos pneum\u00e1ticos. Possui uma quilha infl\u00e1vel em &#8220;V&#8221; e um dunnage &#8220;airmat&#8221; especial feito com tecido DropStitch, oferecendo rigidez excepcional e resist\u00eancia a furos e desgaste.<\/p>\n<p>O banco deslizante padr\u00e3o permite a cada usu\u00e1rio encontrar sua posi\u00e7\u00e3o preferida, facilitando a entrada no bote em qualquer situa\u00e7\u00e3o e com qualquer carga a bordo. Al\u00e9m disso, a asa anti-proje\u00e7\u00e3o evita que a \u00e1gua entre nas estruturas tubulares, mesmo quando est\u00e3o totalmente carregadas.<\/p>\n<p>Este bote pode ser facilmente desinflado e armazenado em um arm\u00e1rio, colocado de cabe\u00e7a para baixo no conv\u00e9s da proa ou no teto da ponte, ou preso aos davits traseiros. Seu design compacto permite armazenamento conveniente em qualquer lugar a bordo, oferecendo as confortos de um bote sem sacrificar espa\u00e7o vital. A linha inclui seis comprimentos diferentes para atender a diversas necessidades.<\/p>\n<p><strong>Especifica\u00e7\u00f5es Eurovinil Inflatable Plus:<\/strong><\/p>\n<table>\n<thead>\n<tr>\n<th>Modelo<\/th>\n<th>Comprimento Total (cm)<\/th>\n<th>Largura Total (cm)<\/th>\n<th>Comprimento Interno (cm)<\/th>\n<th>Largura Interna (cm)<\/th>\n<th>Altura da Proa (cm)<\/th>\n<th>Altura do Transom (cm)<\/th>\n<th>Di\u00e2metro das Estruturas Tubulares (cm)<\/th>\n<th>N\u00famero de Pessoas<\/th>\n<th>N\u00famero de Compartimentos<\/th>\n<th>Peso (kg)<\/th>\n<th>Pot\u00eancia M\u00e1xima (HP)<\/th>\n<th>Eixo<\/th>\n<th>Medida Quando Rolado (cm)<\/th>\n<\/tr>\n<\/thead>\n<tbody>\n<tr>\n<td>PLUS 160<\/td>\n<td>160<\/td>\n<td>118<\/td>\n<td>98<\/td>\n<td>54<\/td>\n<td>54<\/td>\n<td>32<\/td>\n<td>32<\/td>\n<td>1<\/td>\n<td>4<\/td>\n<td>14<\/td>\n<td>2.5<\/td>\n<td>Curto<\/td>\n<td>60 x 40 x 50<\/td>\n<\/tr>\n<tr>\n<td>PLUS 180<\/td>\n<td>180<\/td>\n<td>129<\/td>\n<td>117<\/td>\n<td>56<\/td>\n<td>54<\/td>\n<td>32<\/td>\n<td>32<\/td>\n<td>2<\/td>\n<td>4<\/td>\n<td>15.5<\/td>\n<td>2.5<\/td>\n<td>Curto<\/td>\n<td>70 x 40 x 50<\/td>\n<\/tr>\n<tr>\n<td>PLUS 200<\/td>\n<td>200<\/td>\n<td>129<\/td>\n<td>130<\/td>\n<td>63<\/td>\n<td>54<\/td>\n<td>34<\/td>\n<td>34<\/td>\n<td>3<\/td>\n<td>4<\/td>\n<td>17<\/td>\n<td>3.5<\/td>\n<td>Curto<\/td>\n<td>80 x 40 x 50<\/td>\n<\/tr>\n<tr>\n<td>PLUS 230<\/td>\n<td>230<\/td>\n<td>131<\/td>\n<td>157<\/td>\n<td>63<\/td>\n<td>54<\/td>\n<td>34<\/td>\n<td>34<\/td>\n<td>3<\/td>\n<td>4<\/td>\n<td>18<\/td>\n<td>4.5<\/td>\n<td>Curto<\/td>\n<td>80 x 40 x 50<\/td>\n<\/tr>\n<tr>\n<td>PLUS 250<\/td>\n<td>250<\/td>\n<td>131<\/td>\n<td>177<\/td>\n<td>67<\/td>\n<td>57<\/td>\n<td>34<\/td>\n<td>34<\/td>\n<td>4<\/td>\n<td>4<\/td>\n<td>23<\/td>\n<td>5.5<\/td>\n<td>Curto<\/td>\n<td>85 x 40 x 50<\/td>\n<\/tr>\n<tr>\n<td>PLUS 270<\/td>\n<td>270<\/td>\n<td>135<\/td>\n<td>193<\/td>\n<td>67<\/td>\n<td>57<\/td>\n<td>34<\/td>\n<td>34<\/td>\n<td>4<\/td>\n<td>4<\/td>\n<td>28<\/td>\n<td>5.5<\/td>\n<td>Curto<\/td>\n<td>90 x 40 x 50<\/td>\n<\/tr>\n<\/tbody>\n<\/table>\n<p>Convidamos voc\u00ea a explorar nossa linha de botes e experimentar a qualidade e a conveni\u00eancia que ela oferece para suas aventuras n\u00e1uticas.<\/p>\n","protected":false},"excerpt":{"rendered":"<p>Dinghy Eurovinil Inflatable Plus 180 &#8211; Apresentamos nosso bote, confeccionado em tecido de alta resist\u00eancia 1100D com revestimento de PVC<\/p>\n","protected":false},"featured_media":5937418,"comment_status":"closed","ping_status":"closed","template":"","meta":[],"product_brand":[2927],"product_cat":[2120],"product_tag":[],"class_list":{"0":"post-1230693","1":"product","2":"type-product","3":"status-publish","4":"has-post-thumbnail","6":"product_brand-eurovinil-pt","7":"product_cat-auxiliares-insuflaveis","9":"first","10":"instock","11":"shipping-taxable","12":"purchasable","13":"product-type-simple"},"_links":{"self":[{"href":"https:\/\/stoic-curie.212-227-153-4.plesk.page\/pt\/wp-json\/wp\/v2\/product\/1230693","targetHints":{"allow":["GET"]}}],"collection":[{"href":"https:\/\/stoic-curie.212-227-153-4.plesk.page\/pt\/wp-json\/wp\/v2\/product"}],"about":[{"href":"https:\/\/stoic-curie.212-227-153-4.plesk.page\/pt\/wp-json\/wp\/v2\/types\/product"}],"replies":[{"embeddable":true,"href":"https:\/\/stoic-curie.212-227-153-4.plesk.page\/pt\/wp-json\/wp\/v2\/comments?post=1230693"}],"version-history":[{"count":0,"href":"https:\/\/stoic-curie.212-227-153-4.plesk.page\/pt\/wp-json\/wp\/v2\/product\/1230693\/revisions"}],"wp:featuredmedia":[{"embeddable":true,"href":"https:\/\/stoic-curie.212-227-153-4.plesk.page\/pt\/wp-json\/wp\/v2\/media\/5937418"}],"wp:attachment":[{"href":"https:\/\/stoic-curie.212-227-153-4.plesk.page\/pt\/wp-json\/wp\/v2\/media?parent=1230693"}],"wp:term":[{"taxonomy":"product_brand","embeddable":true,"href":"https:\/\/stoic-curie.212-227-153-4.plesk.page\/pt\/wp-json\/wp\/v2\/product_brand?post=1230693"},{"taxonomy":"product_cat","embeddable":true,"href":"https:\/\/stoic-curie.212-227-153-4.plesk.page\/pt\/wp-json\/wp\/v2\/product_cat?post=1230693"},{"taxonomy":"product_tag","embeddable":true,"href":"https:\/\/stoic-curie.212-227-153-4.plesk.page\/pt\/wp-json\/wp\/v2\/product_tag?post=1230693"}],"curies":[{"name":"wp","href":"https:\/\/api.w.org\/{rel}","templated":true}]}}