{"id":1230695,"date":"2025-04-22T16:48:37","date_gmt":"2025-04-22T20:48:37","guid":{"rendered":"https:\/\/stoic-curie.212-227-153-4.plesk.page\/product\/dinghy-eurovinil-modelo-inflavel-plus-250\/"},"modified":"2026-02-25T00:28:30","modified_gmt":"2026-02-25T00:28:30","slug":"dinghy-eurovinil-modelo-inflavel-plus-250","status":"publish","type":"product","link":"https:\/\/stoic-curie.212-227-153-4.plesk.page\/pt\/product\/dinghy-eurovinil-modelo-inflavel-plus-250\/","title":{"rendered":"Dinghy Eurovinil Modelo: Infl\u00e1vel Plus 250"},"content":{"rendered":"<p>Dinghy Eurovinil Modelo: Infl\u00e1vel Plus 250 &#8211; Apresentamos o nosso barco auxiliar, feito de tecido 1100D de alta resist\u00eancia com um revestimento de PVC termofusionado. Este modelo conta com uma quilha infl\u00e1vel em forma de &#8220;V&#8221; feita de tecido DropStitch e um piso Airmat, garantindo excelente rigidez, resist\u00eancia \u00e0 abras\u00e3o e estabilidade durante a navega\u00e7\u00e3o.<br \/>O barco auxiliar \u00e9 projetado com tubos grandes e um batente que desvia o spray, facilitando o desinflar e o armazenamento em um arm\u00e1rio.<br \/>Inclu\u00eddo com sua compra est\u00e3o uma bomba, kit de reparo, remos, um banco, corda de amarra\u00e7\u00e3o e uma bolsa de transporte. Esta linha infl\u00e1vel \u00e9 o best-seller da Eurovinil, mostrando sua ampla experi\u00eancia no setor de barcos pneum\u00e1ticos. Possui uma quilha infl\u00e1vel em forma de &#8220;V&#8221; e uma &#8220;airmat&#8221; especial feita de tecido DropStitch, proporcionando rigidez excepcional e resist\u00eancia a perfura\u00e7\u00f5es e desgastes.<br \/>O banco deslizante padr\u00e3o permite que cada usu\u00e1rio encontre sua posi\u00e7\u00e3o preferida, facilitando a entrada no barco auxiliar em qualquer situa\u00e7\u00e3o e com qualquer carga a bordo. Al\u00e9m disso, a asa anti-splash evita a entrada de \u00e1gua nas estruturas tubulares, mesmo quando totalmente carregado.<br \/>Este barco auxiliar pode ser facilmente desinflado e armazenado em um arm\u00e1rio, colocado de cabe\u00e7a para baixo no conv\u00e9s da proa ou no teto da ponte, ou preso \u00e0s davits de popa. Seu design compacto permite um armazenamento conveniente em qualquer lugar a bordo, oferecendo o conforto de um barco auxiliar sem sacrificar o espa\u00e7o de vida. A linha inclui seis comprimentos diferentes para atender a diversas necessidades.<br \/><strong>Especifica\u00e7\u00f5es do Eurovinil Inflatable Plus:<\/strong><\/p>\n<table>\n<thead>\n<tr>\n<th>Modelo<\/th>\n<th>Comprimento Total (cm)<\/th>\n<th>Largura Total (cm)<\/th>\n<th>Comprimento Interno (cm)<\/th>\n<th>Largura Interna (cm)<\/th>\n<th>Altura do Proa (cm)<\/th>\n<th>Altura do Transom (cm)<\/th>\n<th>Di\u00e2metro das Estruturas Tubulares (cm)<\/th>\n<th>N\u00famero de Pessoas<\/th>\n<th>N\u00famero de Compartimentos<\/th>\n<th>Peso (kg)<\/th>\n<th>Pot\u00eancia M\u00e1xima (HP)<\/th>\n<th>Eixo<\/th>\n<th>Medidas Quando Enrolado (cm)<\/th>\n<\/tr>\n<\/thead>\n<tbody>\n<tr>\n<td>PLUS 160<\/td>\n<td>160<\/td>\n<td>118<\/td>\n<td>98<\/td>\n<td>54<\/td>\n<td>54<\/td>\n<td>32<\/td>\n<td>32<\/td>\n<td>1<\/td>\n<td>4<\/td>\n<td>14<\/td>\n<td>2.5<\/td>\n<td>Curto<\/td>\n<td>60 x 40 x 50<\/td>\n<\/tr>\n<tr>\n<td>PLUS 180<\/td>\n<td>180<\/td>\n<td>129<\/td>\n<td>117<\/td>\n<td>56<\/td>\n<td>54<\/td>\n<td>32<\/td>\n<td>32<\/td>\n<td>2<\/td>\n<td>4<\/td>\n<td>15.5<\/td>\n<td>2.5<\/td>\n<td>Curto<\/td>\n<td>70 x 40 x 50<\/td>\n<\/tr>\n<tr>\n<td>PLUS 200<\/td>\n<td>200<\/td>\n<td>129<\/td>\n<td>130<\/td>\n<td>63<\/td>\n<td>54<\/td>\n<td>34<\/td>\n<td>34<\/td>\n<td>3<\/td>\n<td>4<\/td>\n<td>17<\/td>\n<td>3.5<\/td>\n<td>Curto<\/td>\n<td>80 x 40 x 50<\/td>\n<\/tr>\n<tr>\n<td>PLUS 230<\/td>\n<td>230<\/td>\n<td>131<\/td>\n<td>157<\/td>\n<td>63<\/td>\n<td>54<\/td>\n<td>34<\/td>\n<td>34<\/td>\n<td>3<\/td>\n<td>4<\/td>\n<td>18<\/td>\n<td>4.5<\/td>\n<td>Curto<\/td>\n<td>80 x 40 x 50<\/td>\n<\/tr>\n<tr>\n<td>PLUS 250<\/td>\n<td>250<\/td>\n<td>131<\/td>\n<td>177<\/td>\n<td>67<\/td>\n<td>57<\/td>\n<td>34<\/td>\n<td>34<\/td>\n<td>4<\/td>\n<td>4<\/td>\n<td>23<\/td>\n<td>5.5<\/td>\n<td>Curto<\/td>\n<td>85 x 40 x 50<\/td>\n<\/tr>\n<tr>\n<td>PLUS 270<\/td>\n<td>270<\/td>\n<td>135<\/td>\n<td>193<\/td>\n<td>67<\/td>\n<td>57<\/td>\n<td>34<\/td>\n<td>34<\/td>\n<td>4<\/td>\n<td>4<\/td>\n<td>28<\/td>\n<td>5.5<\/td>\n<td>Curto<\/td>\n<td>90 x 40 x 50<\/td>\n<\/tr>\n<\/tbody>\n<\/table>\n<p>Convidamos voc\u00ea a explorar nossa linha de barcos auxiliares e experimentar a qualidade e conveni\u00eancia que ela oferece para suas aventuras n\u00e1uticas.<\/p>\n","protected":false},"excerpt":{"rendered":"<p>Dinghy Eurovinil Modelo: Infl\u00e1vel Plus 250 &#8211; Apresentamos o nosso barco auxiliar, feito de tecido 1100D de alta resist\u00eancia com<\/p>\n","protected":false},"featured_media":5937418,"comment_status":"closed","ping_status":"closed","template":"","meta":[],"product_brand":[2927],"product_cat":[2120],"product_tag":[],"class_list":{"0":"post-1230695","1":"product","2":"type-product","3":"status-publish","4":"has-post-thumbnail","6":"product_brand-eurovinil-pt","7":"product_cat-auxiliares-insuflaveis","9":"first","10":"instock","11":"shipping-taxable","12":"purchasable","13":"product-type-simple"},"_links":{"self":[{"href":"https:\/\/stoic-curie.212-227-153-4.plesk.page\/pt\/wp-json\/wp\/v2\/product\/1230695","targetHints":{"allow":["GET"]}}],"collection":[{"href":"https:\/\/stoic-curie.212-227-153-4.plesk.page\/pt\/wp-json\/wp\/v2\/product"}],"about":[{"href":"https:\/\/stoic-curie.212-227-153-4.plesk.page\/pt\/wp-json\/wp\/v2\/types\/product"}],"replies":[{"embeddable":true,"href":"https:\/\/stoic-curie.212-227-153-4.plesk.page\/pt\/wp-json\/wp\/v2\/comments?post=1230695"}],"version-history":[{"count":0,"href":"https:\/\/stoic-curie.212-227-153-4.plesk.page\/pt\/wp-json\/wp\/v2\/product\/1230695\/revisions"}],"wp:featuredmedia":[{"embeddable":true,"href":"https:\/\/stoic-curie.212-227-153-4.plesk.page\/pt\/wp-json\/wp\/v2\/media\/5937418"}],"wp:attachment":[{"href":"https:\/\/stoic-curie.212-227-153-4.plesk.page\/pt\/wp-json\/wp\/v2\/media?parent=1230695"}],"wp:term":[{"taxonomy":"product_brand","embeddable":true,"href":"https:\/\/stoic-curie.212-227-153-4.plesk.page\/pt\/wp-json\/wp\/v2\/product_brand?post=1230695"},{"taxonomy":"product_cat","embeddable":true,"href":"https:\/\/stoic-curie.212-227-153-4.plesk.page\/pt\/wp-json\/wp\/v2\/product_cat?post=1230695"},{"taxonomy":"product_tag","embeddable":true,"href":"https:\/\/stoic-curie.212-227-153-4.plesk.page\/pt\/wp-json\/wp\/v2\/product_tag?post=1230695"}],"curies":[{"name":"wp","href":"https:\/\/api.w.org\/{rel}","templated":true}]}}