{"id":1390393,"date":"2025-05-12T12:30:52","date_gmt":"2025-05-12T16:30:52","guid":{"rendered":"https:\/\/stoic-curie.212-227-153-4.plesk.page\/product\/glomex-webboat-link-high-speed\/"},"modified":"2026-02-25T00:28:30","modified_gmt":"2026-02-25T00:28:30","slug":"glomex-webboat-link-high-speed","status":"publish","type":"product","link":"https:\/\/stoic-curie.212-227-153-4.plesk.page\/pt\/product\/glomex-webboat-link-high-speed\/","title":{"rendered":"Glomex weBBoat Link High Speed"},"content":{"rendered":"<p>Glomex weBBoat Link High Speed &#8211; <\/p>\n<p style=\"color: rgb(34, 34, 34); font-family: Arial, Helvetica, sans-serif; font-size: small;\">Apresentamos a antena do roteador Wi-Fi Webboat 4G\/LTE Link da Glomex, projetada para melhorar a recep\u00e7\u00e3o do seu sinal de internet e GSM a at\u00e9 10 milhas da costa. Este dispositivo funciona como um ponto de acesso Wi-Fi e roteador a bordo, permitindo conectar v\u00e1rios dispositivos, como smartphones, PCs ou tablets, \u00e0 rede. Criado especificamente para o ambiente marinho, possui um slot para SIM para conex\u00f5es GSM e uma entrada SAT que comuta automaticamente entre os sistemas para ajudar a reduzir custos. Voc\u00ea pode gerenciar o dispositivo atrav\u00e9s de um aplicativo dedicado gratuito, que oferece uma interface amig\u00e1vel e configura\u00e7\u00e3o autom\u00e1tica de APN.<\/p>\n<p style=\"color: rgb(34, 34, 34); font-family: Arial, Helvetica, sans-serif; font-size: small;\">O weBBoat\u00ae Link High Speed (c\u00f3digo IT1304HS) \u00e9 uma nova unidade interna com um \u00fanico SIM 4G\/Wi-Fi, projetada para acesso \u00e0 internet em \u00e1reas costeiras e oce\u00e2nicas. Ele fornece um hotspot Wi-Fi seguro tanto dentro quanto fora do seu barco, utilizando antenas 4G e Wi-Fi embutidas para conex\u00f5es r\u00e1pidas de at\u00e9 10 milhas da costa.<\/p>\n<p style=\"color: rgb(34, 34, 34); font-family: Arial, Helvetica, sans-serif; font-size: small;\">Equipado com duas antenas de diversidade 4G e duas antenas MIMO Wi-Fi de 2.4GHz, o weBBoat\u00ae Link High Speed apresenta um roteador 4G\/Wi-Fi de alta velocidade que cria um hotspot seguro para o seu barco ou motorhome. Ele garante altas velocidades de conex\u00e3o de at\u00e9 300Mbps para downloads, permitindo que voc\u00ea navegue na web, fa\u00e7a chamadas de v\u00eddeo e transmita conte\u00fado ao longo da costa. Al\u00e9m disso, inclui um poderoso processador de n\u00facleo duplo e funcionalidade de agrega\u00e7\u00e3o de portadora para otimizar as velocidades de transfer\u00eancia de dados e maximizar o seu potencial de internet. Com o sistema weBBoat\u00ae Link, voc\u00ea pode conectar at\u00e9 24 dispositivos simultaneamente sem comprometer a qualidade do sinal ou o desempenho.<\/p>\n<p style=\"color: rgb(34, 34, 34); font-family: Arial, Helvetica, sans-serif; font-size: small;\">O weBBoat\u00ae Link \u00e9 um dispositivo compacto Plug &amp; Play que requer m\u00ednima configura\u00e7\u00e3o. Ele suporta m\u00faltiplos m\u00e9todos de conex\u00e3o \u00e0 internet, permitindo combinar satellite, celular, Wi-Fi ou qualquer servi\u00e7o de linha fixa dispon\u00edvel em um \u00fanico sistema de internet a bordo. Isso assegura uma conex\u00e3o de internet cont\u00ednua enquanto navega, seja pr\u00f3ximo \u00e0 costa ou em alto-mar. Conforme seu barco se afasta do marina, o weBBoat\u00ae Link perder\u00e1 o acesso ao Wi-Fi do marina, mas ainda manter\u00e1 a conectividade celular e via sat\u00e9lite.<\/p>\n<p style=\"color: rgb(34, 34, 34); font-family: Arial, Helvetica, sans-serif; font-size: small;\">Principais caracter\u00edsticas do weBBoat\u00ae Link High Speed incluem:<\/p>\n<ul style=\"color: rgb(34, 34, 34); font-family: Arial, Helvetica, sans-serif; font-size: small;\">\n<li><strong>APN autom\u00e1tico<\/strong>: Simplifica e agiliza a configura\u00e7\u00e3o, selecionando automaticamente o APN da operadora do seu cart\u00e3o SIM.<\/li>\n<li><strong>Gerenciamento via Glomex webUI ou App<\/strong>: Gerencie e configure facilmente o sistema de conex\u00e3o \u00e0 internet a bordo. Voc\u00ea tamb\u00e9m pode ler\/enviar SMS, verificar o cr\u00e9dito do SIM e monitorar o uso de dados da internet celular.<\/li>\n<li><strong>Fun\u00e7\u00e3o de Prioridade<\/strong>: Escolha qual tipo de conex\u00e3o utilizar e defina sua ordem de prioridade. Tipicamente, os links de maior prioridade s\u00e3o as op\u00e7\u00f5es de alta largura de banda mais acess\u00edveis (Wi-Fi do marina, depois celular), enquanto a menor prioridade \u00e9 a conex\u00e3o de internet via sat\u00e9lite, que \u00e9 mais cara. Voc\u00ea tamb\u00e9m pode optar por habilitar apenas um m\u00e9todo de conex\u00e3o \u00e0 internet, como o Wi-Fi do marina, para minimizar os custos de dados celulares ou via sat\u00e9lite.<\/li>\n<li><strong>Conex\u00e3o Ponto-a-Ponto Criptografada em Tempo Real<\/strong>: Permite configura\u00e7\u00e3o e servi\u00e7o remoto.<\/li>\n<\/ul>\n<p style=\"color: rgb(34, 34, 34); font-family: Arial, Helvetica, sans-serif; font-size: small;\"><strong>Especifica\u00e7\u00f5es T\u00e9cnicas:<\/strong><\/p>\n<ul style=\"color: rgb(34, 34, 34); font-family: Arial, Helvetica, sans-serif; font-size: small;\">\n<li>Sistema de SIM Micro \u00danico<\/li>\n<li>LTE CAT6: Velocidade de download de at\u00e9 300Mbps<\/li>\n<li>DC-HSPA+: Velocidade de download m\u00e1xima de 42Mbps<\/li>\n<li>Modo sem fio: IEEE 802.11b\/g\/n<\/li>\n<li>CPU: 650MHz (atualizado de 400MHz padr\u00e3o)<\/li>\n<li>RAM: 128MB (atualizado de 64MB padr\u00e3o)<\/li>\n<li>Comuta\u00e7\u00e3o autom\u00e1tica entre redes Wi-Fi registradas e 4G<\/li>\n<li>Configura\u00e7\u00e3o autom\u00e1tica de APN<\/li>\n<li>Fun\u00e7\u00e3o de gerenciamento de SMS<\/li>\n<li>Modo autom\u00e1tico de comuta\u00e7\u00e3o de V-SAT\/SAT para internet<\/li>\n<li>Comuta\u00e7\u00e3o de dados celulares para Wi-Fi externo<\/li>\n<li>Conex\u00e3o Ponto-a-Ponto criptografada em tempo real para configura\u00e7\u00e3o e servi\u00e7o remoto<\/li>\n<li>Fun\u00e7\u00e3o WAN de backup 4G<\/li>\n<li>Fonte de Alimenta\u00e7\u00e3o: 10\/30 Vdc<\/li>\n<\/ul>\n<p style=\"color: rgb(34, 34, 34); font-family: Arial, Helvetica, sans-serif; font-size: small;\">Com o weBBoat\u00ae Link High Speed, voc\u00ea pode desfrutar de acesso \u00e0 internet confi\u00e1vel no seu barco, garantindo que voc\u00ea permane\u00e7a conectado aonde quer que suas aventuras o levem.<\/p>\n","protected":false},"excerpt":{"rendered":"<p>Glomex weBBoat Link High Speed &#8211; Apresentamos a antena do roteador Wi-Fi Webboat 4G\/LTE Link da Glomex, projetada para melhorar<\/p>\n","protected":false},"featured_media":5949189,"comment_status":"closed","ping_status":"closed","template":"","meta":[],"product_brand":[2982],"product_cat":[2041,2031],"product_tag":[],"class_list":{"0":"post-1390393","1":"product","2":"type-product","3":"status-publish","4":"has-post-thumbnail","6":"product_brand-glomex-pt","7":"product_cat-antenas-tv","8":"product_cat-equipamento-eletronico","10":"first","11":"instock","12":"shipping-taxable","13":"purchasable","14":"product-type-simple"},"_links":{"self":[{"href":"https:\/\/stoic-curie.212-227-153-4.plesk.page\/pt\/wp-json\/wp\/v2\/product\/1390393","targetHints":{"allow":["GET"]}}],"collection":[{"href":"https:\/\/stoic-curie.212-227-153-4.plesk.page\/pt\/wp-json\/wp\/v2\/product"}],"about":[{"href":"https:\/\/stoic-curie.212-227-153-4.plesk.page\/pt\/wp-json\/wp\/v2\/types\/product"}],"replies":[{"embeddable":true,"href":"https:\/\/stoic-curie.212-227-153-4.plesk.page\/pt\/wp-json\/wp\/v2\/comments?post=1390393"}],"version-history":[{"count":0,"href":"https:\/\/stoic-curie.212-227-153-4.plesk.page\/pt\/wp-json\/wp\/v2\/product\/1390393\/revisions"}],"wp:featuredmedia":[{"embeddable":true,"href":"https:\/\/stoic-curie.212-227-153-4.plesk.page\/pt\/wp-json\/wp\/v2\/media\/5949189"}],"wp:attachment":[{"href":"https:\/\/stoic-curie.212-227-153-4.plesk.page\/pt\/wp-json\/wp\/v2\/media?parent=1390393"}],"wp:term":[{"taxonomy":"product_brand","embeddable":true,"href":"https:\/\/stoic-curie.212-227-153-4.plesk.page\/pt\/wp-json\/wp\/v2\/product_brand?post=1390393"},{"taxonomy":"product_cat","embeddable":true,"href":"https:\/\/stoic-curie.212-227-153-4.plesk.page\/pt\/wp-json\/wp\/v2\/product_cat?post=1390393"},{"taxonomy":"product_tag","embeddable":true,"href":"https:\/\/stoic-curie.212-227-153-4.plesk.page\/pt\/wp-json\/wp\/v2\/product_tag?post=1390393"}],"curies":[{"name":"wp","href":"https:\/\/api.w.org\/{rel}","templated":true}]}}