{"id":3693669,"date":"2025-10-13T13:56:36","date_gmt":"2025-10-13T17:56:36","guid":{"rendered":"https:\/\/stoic-curie.212-227-153-4.plesk.page\/product\/anodos-ogivais-hexagonais-para-eixo-de-22-25-mm\/"},"modified":"2026-02-25T00:27:32","modified_gmt":"2026-02-25T00:27:32","slug":"anodos-ogivais-hexagonais-para-eixo-de-22-25-mm","status":"publish","type":"product","link":"https:\/\/stoic-curie.212-227-153-4.plesk.page\/pt\/product\/anodos-ogivais-hexagonais-para-eixo-de-22-25-mm\/","title":{"rendered":"\u00c2nodos Ogivais hexagonais para eixo de 22-25 mm"},"content":{"rendered":"<p>\u00c2nodos Ogivais hexagonais para eixo de 22-25 mm &#8211; <\/p>\n<p>Anodo ogiva com inserto hexagonal c\u00f4nico para eixos de h\u00e9lices.<\/p>\n","protected":false},"excerpt":{"rendered":"<p>\u00c2nodos Ogivais hexagonais para eixo de 22-25 mm &#8211; Anodo ogiva com inserto hexagonal c\u00f4nico para eixos de h\u00e9lices.<\/p>\n","protected":false},"featured_media":5935614,"comment_status":"closed","ping_status":"closed","template":"","meta":[],"product_brand":[3477],"product_cat":[1923],"product_tag":[],"class_list":{"0":"post-3693669","1":"product","2":"type-product","3":"status-publish","4":"has-post-thumbnail","6":"product_brand-tecnoseal-pt","7":"product_cat-anodos-para-helice","9":"first","10":"instock","11":"shipping-taxable","12":"purchasable","13":"product-type-simple"},"_links":{"self":[{"href":"https:\/\/stoic-curie.212-227-153-4.plesk.page\/pt\/wp-json\/wp\/v2\/product\/3693669","targetHints":{"allow":["GET"]}}],"collection":[{"href":"https:\/\/stoic-curie.212-227-153-4.plesk.page\/pt\/wp-json\/wp\/v2\/product"}],"about":[{"href":"https:\/\/stoic-curie.212-227-153-4.plesk.page\/pt\/wp-json\/wp\/v2\/types\/product"}],"replies":[{"embeddable":true,"href":"https:\/\/stoic-curie.212-227-153-4.plesk.page\/pt\/wp-json\/wp\/v2\/comments?post=3693669"}],"version-history":[{"count":0,"href":"https:\/\/stoic-curie.212-227-153-4.plesk.page\/pt\/wp-json\/wp\/v2\/product\/3693669\/revisions"}],"wp:featuredmedia":[{"embeddable":true,"href":"https:\/\/stoic-curie.212-227-153-4.plesk.page\/pt\/wp-json\/wp\/v2\/media\/5935614"}],"wp:attachment":[{"href":"https:\/\/stoic-curie.212-227-153-4.plesk.page\/pt\/wp-json\/wp\/v2\/media?parent=3693669"}],"wp:term":[{"taxonomy":"product_brand","embeddable":true,"href":"https:\/\/stoic-curie.212-227-153-4.plesk.page\/pt\/wp-json\/wp\/v2\/product_brand?post=3693669"},{"taxonomy":"product_cat","embeddable":true,"href":"https:\/\/stoic-curie.212-227-153-4.plesk.page\/pt\/wp-json\/wp\/v2\/product_cat?post=3693669"},{"taxonomy":"product_tag","embeddable":true,"href":"https:\/\/stoic-curie.212-227-153-4.plesk.page\/pt\/wp-json\/wp\/v2\/product_tag?post=3693669"}],"curies":[{"name":"wp","href":"https:\/\/api.w.org\/{rel}","templated":true}]}}