{"id":3694639,"date":"2025-10-13T14:01:22","date_gmt":"2025-10-13T18:01:22","guid":{"rendered":"https:\/\/stoic-curie.212-227-153-4.plesk.page\/product\/destorcedor-giratorio-profiled-para-corrente-6-8mm\/"},"modified":"2026-02-25T00:27:45","modified_gmt":"2026-02-25T00:27:45","slug":"destorcedor-giratorio-profiled-para-corrente-6-8mm","status":"publish","type":"product","link":"https:\/\/stoic-curie.212-227-153-4.plesk.page\/pt\/product\/destorcedor-giratorio-profiled-para-corrente-6-8mm\/","title":{"rendered":"Destorcedor girat\u00f3rio Profiled para corrente 6 \/ 8mm"},"content":{"rendered":"<p>Destorcedor girat\u00f3rio Profiled para corrente 6 \/ 8mm &#8211; <\/p>\n<p>Conector girat\u00f3rio em a\u00e7o inoxid\u00e1vel. Desliza suavemente sobre os roletes de \u00e2ncora, enquanto evita que a corrente se enrosque.<\/p>\n","protected":false},"excerpt":{"rendered":"<p>Destorcedor girat\u00f3rio Profiled para corrente 6 \/ 8mm &#8211; Conector girat\u00f3rio em a\u00e7o inoxid\u00e1vel. Desliza suavemente sobre os roletes de<\/p>\n","protected":false},"featured_media":5937796,"comment_status":"closed","ping_status":"closed","template":"","meta":[],"product_brand":[3122],"product_cat":[2152],"product_tag":[],"class_list":{"0":"post-3694639","1":"product","2":"type-product","3":"status-publish","4":"has-post-thumbnail","6":"product_brand-marinetech-pt","7":"product_cat-destorcedores-de-ancora","9":"first","10":"instock","11":"shipping-taxable","12":"purchasable","13":"product-type-simple"},"_links":{"self":[{"href":"https:\/\/stoic-curie.212-227-153-4.plesk.page\/pt\/wp-json\/wp\/v2\/product\/3694639","targetHints":{"allow":["GET"]}}],"collection":[{"href":"https:\/\/stoic-curie.212-227-153-4.plesk.page\/pt\/wp-json\/wp\/v2\/product"}],"about":[{"href":"https:\/\/stoic-curie.212-227-153-4.plesk.page\/pt\/wp-json\/wp\/v2\/types\/product"}],"replies":[{"embeddable":true,"href":"https:\/\/stoic-curie.212-227-153-4.plesk.page\/pt\/wp-json\/wp\/v2\/comments?post=3694639"}],"version-history":[{"count":0,"href":"https:\/\/stoic-curie.212-227-153-4.plesk.page\/pt\/wp-json\/wp\/v2\/product\/3694639\/revisions"}],"wp:featuredmedia":[{"embeddable":true,"href":"https:\/\/stoic-curie.212-227-153-4.plesk.page\/pt\/wp-json\/wp\/v2\/media\/5937796"}],"wp:attachment":[{"href":"https:\/\/stoic-curie.212-227-153-4.plesk.page\/pt\/wp-json\/wp\/v2\/media?parent=3694639"}],"wp:term":[{"taxonomy":"product_brand","embeddable":true,"href":"https:\/\/stoic-curie.212-227-153-4.plesk.page\/pt\/wp-json\/wp\/v2\/product_brand?post=3694639"},{"taxonomy":"product_cat","embeddable":true,"href":"https:\/\/stoic-curie.212-227-153-4.plesk.page\/pt\/wp-json\/wp\/v2\/product_cat?post=3694639"},{"taxonomy":"product_tag","embeddable":true,"href":"https:\/\/stoic-curie.212-227-153-4.plesk.page\/pt\/wp-json\/wp\/v2\/product_tag?post=3694639"}],"curies":[{"name":"wp","href":"https:\/\/api.w.org\/{rel}","templated":true}]}}