{"id":3694657,"date":"2025-10-13T14:01:27","date_gmt":"2025-10-13T18:01:27","guid":{"rendered":"https:\/\/stoic-curie.212-227-153-4.plesk.page\/product\/conector-de-cadeia-dupla-de-aco-inoxidavel-de-6-8-mm\/"},"modified":"2026-02-25T00:27:45","modified_gmt":"2026-02-25T00:27:45","slug":"conector-de-cadeia-dupla-de-aco-inoxidavel-de-6-8-mm","status":"publish","type":"product","link":"https:\/\/stoic-curie.212-227-153-4.plesk.page\/pt\/product\/conector-de-cadeia-dupla-de-aco-inoxidavel-de-6-8-mm\/","title":{"rendered":"Conector de cadeia dupla de a\u00e7o inoxid\u00e1vel de 6-8 mm"},"content":{"rendered":"<p>Conector de cadeia dupla de a\u00e7o inoxid\u00e1vel de 6-8 mm &#8211; <\/p>\n<p>Conector girat\u00f3rio duplo em a\u00e7o inoxid\u00e1vel. Desliza suavemente sobre os rolos de \u00e2ncora, enquanto evita que a corrente se enrosque. Permite posicionar corretamente a \u00e2ncora no rolo de proa.<\/p>\n","protected":false},"excerpt":{"rendered":"<p>Conector de cadeia dupla de a\u00e7o inoxid\u00e1vel de 6-8 mm &#8211; Conector girat\u00f3rio duplo em a\u00e7o inoxid\u00e1vel. Desliza suavemente sobre<\/p>\n","protected":false},"featured_media":5937835,"comment_status":"closed","ping_status":"closed","template":"","meta":[],"product_brand":[3122],"product_cat":[2152],"product_tag":[],"class_list":{"0":"post-3694657","1":"product","2":"type-product","3":"status-publish","4":"has-post-thumbnail","6":"product_brand-marinetech-pt","7":"product_cat-destorcedores-de-ancora","9":"first","10":"instock","11":"shipping-taxable","12":"purchasable","13":"product-type-simple"},"_links":{"self":[{"href":"https:\/\/stoic-curie.212-227-153-4.plesk.page\/pt\/wp-json\/wp\/v2\/product\/3694657","targetHints":{"allow":["GET"]}}],"collection":[{"href":"https:\/\/stoic-curie.212-227-153-4.plesk.page\/pt\/wp-json\/wp\/v2\/product"}],"about":[{"href":"https:\/\/stoic-curie.212-227-153-4.plesk.page\/pt\/wp-json\/wp\/v2\/types\/product"}],"replies":[{"embeddable":true,"href":"https:\/\/stoic-curie.212-227-153-4.plesk.page\/pt\/wp-json\/wp\/v2\/comments?post=3694657"}],"version-history":[{"count":0,"href":"https:\/\/stoic-curie.212-227-153-4.plesk.page\/pt\/wp-json\/wp\/v2\/product\/3694657\/revisions"}],"wp:featuredmedia":[{"embeddable":true,"href":"https:\/\/stoic-curie.212-227-153-4.plesk.page\/pt\/wp-json\/wp\/v2\/media\/5937835"}],"wp:attachment":[{"href":"https:\/\/stoic-curie.212-227-153-4.plesk.page\/pt\/wp-json\/wp\/v2\/media?parent=3694657"}],"wp:term":[{"taxonomy":"product_brand","embeddable":true,"href":"https:\/\/stoic-curie.212-227-153-4.plesk.page\/pt\/wp-json\/wp\/v2\/product_brand?post=3694657"},{"taxonomy":"product_cat","embeddable":true,"href":"https:\/\/stoic-curie.212-227-153-4.plesk.page\/pt\/wp-json\/wp\/v2\/product_cat?post=3694657"},{"taxonomy":"product_tag","embeddable":true,"href":"https:\/\/stoic-curie.212-227-153-4.plesk.page\/pt\/wp-json\/wp\/v2\/product_tag?post=3694657"}],"curies":[{"name":"wp","href":"https:\/\/api.w.org\/{rel}","templated":true}]}}