{"id":3694658,"date":"2025-10-13T14:01:27","date_gmt":"2025-10-13T18:01:27","guid":{"rendered":"https:\/\/stoic-curie.212-227-153-4.plesk.page\/product\/ancoragem-segura-chain-lock-para-cadeia-de-10-12mm\/"},"modified":"2026-02-25T00:27:45","modified_gmt":"2026-02-25T00:27:45","slug":"ancoragem-segura-chain-lock-para-cadeia-de-10-12mm","status":"publish","type":"product","link":"https:\/\/stoic-curie.212-227-153-4.plesk.page\/pt\/product\/ancoragem-segura-chain-lock-para-cadeia-de-10-12mm\/","title":{"rendered":"\u00c2ncoragem segura CHAIN LOCK para cadeia de 10-12mm"},"content":{"rendered":"<p>\u00c2ncoragem segura CHAIN LOCK para cadeia de 10-12mm &#8211; <\/p>\n<p>A parada da corrente de \u00e2ncora em a\u00e7o inoxid\u00e1vel protege o guincho contra choques e batidas durante a ancoragem, eliminando a transmiss\u00e3o de vibra\u00e7\u00f5es inc\u00f4modas do barco ancorado que balan\u00e7a. Evita que a corrente passe sobre o gypsy.<\/p>\n","protected":false},"excerpt":{"rendered":"<p>\u00c2ncoragem segura CHAIN LOCK para cadeia de 10-12mm &#8211; A parada da corrente de \u00e2ncora em a\u00e7o inoxid\u00e1vel protege o<\/p>\n","protected":false},"featured_media":5937846,"comment_status":"closed","ping_status":"closed","template":"","meta":[],"product_brand":[2902],"product_cat":[1907,1906],"product_tag":[],"class_list":{"0":"post-3694658","1":"product","2":"type-product","3":"status-publish","4":"has-post-thumbnail","6":"product_brand-douglas-marine-pt","7":"product_cat-corrente-em-aco-inoxidavel-calibrada","8":"product_cat-corrente-galvanizada-calibrada","10":"first","11":"instock","12":"shipping-taxable","13":"purchasable","14":"product-type-simple"},"_links":{"self":[{"href":"https:\/\/stoic-curie.212-227-153-4.plesk.page\/pt\/wp-json\/wp\/v2\/product\/3694658","targetHints":{"allow":["GET"]}}],"collection":[{"href":"https:\/\/stoic-curie.212-227-153-4.plesk.page\/pt\/wp-json\/wp\/v2\/product"}],"about":[{"href":"https:\/\/stoic-curie.212-227-153-4.plesk.page\/pt\/wp-json\/wp\/v2\/types\/product"}],"replies":[{"embeddable":true,"href":"https:\/\/stoic-curie.212-227-153-4.plesk.page\/pt\/wp-json\/wp\/v2\/comments?post=3694658"}],"version-history":[{"count":0,"href":"https:\/\/stoic-curie.212-227-153-4.plesk.page\/pt\/wp-json\/wp\/v2\/product\/3694658\/revisions"}],"wp:featuredmedia":[{"embeddable":true,"href":"https:\/\/stoic-curie.212-227-153-4.plesk.page\/pt\/wp-json\/wp\/v2\/media\/5937846"}],"wp:attachment":[{"href":"https:\/\/stoic-curie.212-227-153-4.plesk.page\/pt\/wp-json\/wp\/v2\/media?parent=3694658"}],"wp:term":[{"taxonomy":"product_brand","embeddable":true,"href":"https:\/\/stoic-curie.212-227-153-4.plesk.page\/pt\/wp-json\/wp\/v2\/product_brand?post=3694658"},{"taxonomy":"product_cat","embeddable":true,"href":"https:\/\/stoic-curie.212-227-153-4.plesk.page\/pt\/wp-json\/wp\/v2\/product_cat?post=3694658"},{"taxonomy":"product_tag","embeddable":true,"href":"https:\/\/stoic-curie.212-227-153-4.plesk.page\/pt\/wp-json\/wp\/v2\/product_tag?post=3694658"}],"curies":[{"name":"wp","href":"https:\/\/api.w.org\/{rel}","templated":true}]}}