{"id":3694659,"date":"2025-10-13T14:01:27","date_gmt":"2025-10-13T18:01:27","guid":{"rendered":"https:\/\/stoic-curie.212-227-153-4.plesk.page\/product\/gancho-de-desengate-de-ancora\/"},"modified":"2026-02-25T00:27:46","modified_gmt":"2026-02-25T00:27:46","slug":"gancho-de-desengate-de-ancora","status":"publish","type":"product","link":"https:\/\/stoic-curie.212-227-153-4.plesk.page\/pt\/product\/gancho-de-desengate-de-ancora\/","title":{"rendered":"Gancho de desengate de \u00e2ncora"},"content":{"rendered":"<p>Gancho de desengate de \u00e2ncora &#8211; <\/p>\n<p>Salvaguarda de \u00e2ncora de gancho em a\u00e7o carbono galvanizado. Perfeito para recuperar \u00e2ncoras bloqueadas, liberando-as de cordas ou correntes emaranhadas.<\/p>\n","protected":false},"excerpt":{"rendered":"<p>Gancho de desengate de \u00e2ncora &#8211; Salvaguarda de \u00e2ncora de gancho em a\u00e7o carbono galvanizado. Perfeito para recuperar \u00e2ncoras bloqueadas,<\/p>\n","protected":false},"featured_media":5937849,"comment_status":"closed","ping_status":"closed","template":"","meta":[],"product_brand":[2837],"product_cat":[2149,1903],"product_tag":[],"class_list":{"0":"post-3694659","1":"product","2":"type-product","3":"status-publish","4":"has-post-thumbnail","6":"product_brand-boatasy-pt","7":"product_cat-cabos-de-fundear","8":"product_cat-ganchos-de-amarracao-e-ancoragem","10":"first","11":"instock","12":"shipping-taxable","13":"purchasable","14":"product-type-simple"},"_links":{"self":[{"href":"https:\/\/stoic-curie.212-227-153-4.plesk.page\/pt\/wp-json\/wp\/v2\/product\/3694659","targetHints":{"allow":["GET"]}}],"collection":[{"href":"https:\/\/stoic-curie.212-227-153-4.plesk.page\/pt\/wp-json\/wp\/v2\/product"}],"about":[{"href":"https:\/\/stoic-curie.212-227-153-4.plesk.page\/pt\/wp-json\/wp\/v2\/types\/product"}],"replies":[{"embeddable":true,"href":"https:\/\/stoic-curie.212-227-153-4.plesk.page\/pt\/wp-json\/wp\/v2\/comments?post=3694659"}],"version-history":[{"count":0,"href":"https:\/\/stoic-curie.212-227-153-4.plesk.page\/pt\/wp-json\/wp\/v2\/product\/3694659\/revisions"}],"wp:featuredmedia":[{"embeddable":true,"href":"https:\/\/stoic-curie.212-227-153-4.plesk.page\/pt\/wp-json\/wp\/v2\/media\/5937849"}],"wp:attachment":[{"href":"https:\/\/stoic-curie.212-227-153-4.plesk.page\/pt\/wp-json\/wp\/v2\/media?parent=3694659"}],"wp:term":[{"taxonomy":"product_brand","embeddable":true,"href":"https:\/\/stoic-curie.212-227-153-4.plesk.page\/pt\/wp-json\/wp\/v2\/product_brand?post=3694659"},{"taxonomy":"product_cat","embeddable":true,"href":"https:\/\/stoic-curie.212-227-153-4.plesk.page\/pt\/wp-json\/wp\/v2\/product_cat?post=3694659"},{"taxonomy":"product_tag","embeddable":true,"href":"https:\/\/stoic-curie.212-227-153-4.plesk.page\/pt\/wp-json\/wp\/v2\/product_tag?post=3694659"}],"curies":[{"name":"wp","href":"https:\/\/api.w.org\/{rel}","templated":true}]}}