{"id":3694664,"date":"2025-10-13T14:01:29","date_gmt":"2025-10-13T18:01:29","guid":{"rendered":"https:\/\/stoic-curie.212-227-153-4.plesk.page\/product\/kong-mosquetao-amplo-12mm-fenda-lateral\/"},"modified":"2026-02-25T00:27:46","modified_gmt":"2026-02-25T00:27:46","slug":"kong-mosquetao-amplo-12mm-fenda-lateral","status":"publish","type":"product","link":"https:\/\/stoic-curie.212-227-153-4.plesk.page\/pt\/product\/kong-mosquetao-amplo-12mm-fenda-lateral\/","title":{"rendered":"Kong Mosquet\u00e3o Amplo 12mm fenda Lateral"},"content":{"rendered":"<p>Kong Mosquet\u00e3o Amplo 12mm fenda Lateral &#8211; <\/p>\n<p>Gancho de carabina em a\u00e7o inoxid\u00e1vel 316 com ampla abertura lateral. Sistema de engate antideslizante. Evita que as linhas se emaranhem.<\/p>\n","protected":false},"excerpt":{"rendered":"<p>Kong Mosquet\u00e3o Amplo 12mm fenda Lateral &#8211; Gancho de carabina em a\u00e7o inoxid\u00e1vel 316 com ampla abertura lateral. Sistema de<\/p>\n","protected":false},"featured_media":5937860,"comment_status":"closed","ping_status":"closed","template":"","meta":[],"product_brand":[3052],"product_cat":[1992],"product_tag":[],"class_list":{"0":"post-3694664","1":"product","2":"type-product","3":"status-publish","4":"has-post-thumbnail","6":"product_brand-kong-pt","7":"product_cat-mosquetoes","9":"first","10":"instock","11":"shipping-taxable","12":"purchasable","13":"product-type-simple"},"_links":{"self":[{"href":"https:\/\/stoic-curie.212-227-153-4.plesk.page\/pt\/wp-json\/wp\/v2\/product\/3694664","targetHints":{"allow":["GET"]}}],"collection":[{"href":"https:\/\/stoic-curie.212-227-153-4.plesk.page\/pt\/wp-json\/wp\/v2\/product"}],"about":[{"href":"https:\/\/stoic-curie.212-227-153-4.plesk.page\/pt\/wp-json\/wp\/v2\/types\/product"}],"replies":[{"embeddable":true,"href":"https:\/\/stoic-curie.212-227-153-4.plesk.page\/pt\/wp-json\/wp\/v2\/comments?post=3694664"}],"version-history":[{"count":0,"href":"https:\/\/stoic-curie.212-227-153-4.plesk.page\/pt\/wp-json\/wp\/v2\/product\/3694664\/revisions"}],"wp:featuredmedia":[{"embeddable":true,"href":"https:\/\/stoic-curie.212-227-153-4.plesk.page\/pt\/wp-json\/wp\/v2\/media\/5937860"}],"wp:attachment":[{"href":"https:\/\/stoic-curie.212-227-153-4.plesk.page\/pt\/wp-json\/wp\/v2\/media?parent=3694664"}],"wp:term":[{"taxonomy":"product_brand","embeddable":true,"href":"https:\/\/stoic-curie.212-227-153-4.plesk.page\/pt\/wp-json\/wp\/v2\/product_brand?post=3694664"},{"taxonomy":"product_cat","embeddable":true,"href":"https:\/\/stoic-curie.212-227-153-4.plesk.page\/pt\/wp-json\/wp\/v2\/product_cat?post=3694664"},{"taxonomy":"product_tag","embeddable":true,"href":"https:\/\/stoic-curie.212-227-153-4.plesk.page\/pt\/wp-json\/wp\/v2\/product_tag?post=3694664"}],"curies":[{"name":"wp","href":"https:\/\/api.w.org\/{rel}","templated":true}]}}