{"id":3694668,"date":"2025-10-13T14:01:30","date_gmt":"2025-10-13T18:01:30","guid":{"rendered":"https:\/\/stoic-curie.212-227-153-4.plesk.page\/product\/mosquetao-de-6-mm-de-largura-com-bloqueio-de-linha\/"},"modified":"2026-02-25T00:27:46","modified_gmt":"2026-02-25T00:27:46","slug":"mosquetao-de-6-mm-de-largura-com-bloqueio-de-linha","status":"publish","type":"product","link":"https:\/\/stoic-curie.212-227-153-4.plesk.page\/pt\/product\/mosquetao-de-6-mm-de-largura-com-bloqueio-de-linha\/","title":{"rendered":"Mosquet\u00e3o de 6 mm de largura com bloqueio de linha"},"content":{"rendered":"<p>Mosquet\u00e3o de 6 mm de largura com bloqueio de linha &#8211; <\/p>\n<p>Ganchos de carabina de a\u00e7o inoxid\u00e1vel 316 com abertura larga e bloqueio por parafuso.<\/p>\n","protected":false},"excerpt":{"rendered":"<p>Mosquet\u00e3o de 6 mm de largura com bloqueio de linha &#8211; Ganchos de carabina de a\u00e7o inoxid\u00e1vel 316 com abertura<\/p>\n","protected":false},"featured_media":5937865,"comment_status":"closed","ping_status":"closed","template":"","meta":[],"product_brand":[3122],"product_cat":[1992],"product_tag":[],"class_list":{"0":"post-3694668","1":"product","2":"type-product","3":"status-publish","4":"has-post-thumbnail","6":"product_brand-marinetech-pt","7":"product_cat-mosquetoes","9":"first","10":"instock","11":"shipping-taxable","12":"purchasable","13":"product-type-simple"},"_links":{"self":[{"href":"https:\/\/stoic-curie.212-227-153-4.plesk.page\/pt\/wp-json\/wp\/v2\/product\/3694668","targetHints":{"allow":["GET"]}}],"collection":[{"href":"https:\/\/stoic-curie.212-227-153-4.plesk.page\/pt\/wp-json\/wp\/v2\/product"}],"about":[{"href":"https:\/\/stoic-curie.212-227-153-4.plesk.page\/pt\/wp-json\/wp\/v2\/types\/product"}],"replies":[{"embeddable":true,"href":"https:\/\/stoic-curie.212-227-153-4.plesk.page\/pt\/wp-json\/wp\/v2\/comments?post=3694668"}],"version-history":[{"count":0,"href":"https:\/\/stoic-curie.212-227-153-4.plesk.page\/pt\/wp-json\/wp\/v2\/product\/3694668\/revisions"}],"wp:featuredmedia":[{"embeddable":true,"href":"https:\/\/stoic-curie.212-227-153-4.plesk.page\/pt\/wp-json\/wp\/v2\/media\/5937865"}],"wp:attachment":[{"href":"https:\/\/stoic-curie.212-227-153-4.plesk.page\/pt\/wp-json\/wp\/v2\/media?parent=3694668"}],"wp:term":[{"taxonomy":"product_brand","embeddable":true,"href":"https:\/\/stoic-curie.212-227-153-4.plesk.page\/pt\/wp-json\/wp\/v2\/product_brand?post=3694668"},{"taxonomy":"product_cat","embeddable":true,"href":"https:\/\/stoic-curie.212-227-153-4.plesk.page\/pt\/wp-json\/wp\/v2\/product_cat?post=3694668"},{"taxonomy":"product_tag","embeddable":true,"href":"https:\/\/stoic-curie.212-227-153-4.plesk.page\/pt\/wp-json\/wp\/v2\/product_tag?post=3694668"}],"curies":[{"name":"wp","href":"https:\/\/api.w.org\/{rel}","templated":true}]}}