{"id":3694674,"date":"2025-10-13T14:01:32","date_gmt":"2025-10-13T18:01:32","guid":{"rendered":"https:\/\/stoic-curie.212-227-153-4.plesk.page\/product\/kong-mosquetao-amplo-5mm-grande-abertura\/"},"modified":"2026-02-25T00:27:46","modified_gmt":"2026-02-25T00:27:46","slug":"kong-mosquetao-amplo-5mm-grande-abertura","status":"publish","type":"product","link":"https:\/\/stoic-curie.212-227-153-4.plesk.page\/pt\/product\/kong-mosquetao-amplo-5mm-grande-abertura\/","title":{"rendered":"Kong Mosquet\u00e3o Amplo 5mm Grande Abertura"},"content":{"rendered":"<p>Kong Mosquet\u00e3o Amplo 5mm Grande Abertura &#8211; <\/p>\n<p>Gancho em carabina de a\u00e7o inoxid\u00e1vel 316 com ampla abertura. Sistema de engate antideslizante. Evita o emaranhamento das cordas.<\/p>\n","protected":false},"excerpt":{"rendered":"<p>Kong Mosquet\u00e3o Amplo 5mm Grande Abertura &#8211; Gancho em carabina de a\u00e7o inoxid\u00e1vel 316 com ampla abertura. Sistema de engate<\/p>\n","protected":false},"featured_media":5935762,"comment_status":"closed","ping_status":"closed","template":"","meta":[],"product_brand":[3052],"product_cat":[1992],"product_tag":[],"class_list":{"0":"post-3694674","1":"product","2":"type-product","3":"status-publish","4":"has-post-thumbnail","6":"product_brand-kong-pt","7":"product_cat-mosquetoes","9":"first","10":"instock","11":"shipping-taxable","12":"purchasable","13":"product-type-simple"},"_links":{"self":[{"href":"https:\/\/stoic-curie.212-227-153-4.plesk.page\/pt\/wp-json\/wp\/v2\/product\/3694674","targetHints":{"allow":["GET"]}}],"collection":[{"href":"https:\/\/stoic-curie.212-227-153-4.plesk.page\/pt\/wp-json\/wp\/v2\/product"}],"about":[{"href":"https:\/\/stoic-curie.212-227-153-4.plesk.page\/pt\/wp-json\/wp\/v2\/types\/product"}],"replies":[{"embeddable":true,"href":"https:\/\/stoic-curie.212-227-153-4.plesk.page\/pt\/wp-json\/wp\/v2\/comments?post=3694674"}],"version-history":[{"count":0,"href":"https:\/\/stoic-curie.212-227-153-4.plesk.page\/pt\/wp-json\/wp\/v2\/product\/3694674\/revisions"}],"wp:featuredmedia":[{"embeddable":true,"href":"https:\/\/stoic-curie.212-227-153-4.plesk.page\/pt\/wp-json\/wp\/v2\/media\/5935762"}],"wp:attachment":[{"href":"https:\/\/stoic-curie.212-227-153-4.plesk.page\/pt\/wp-json\/wp\/v2\/media?parent=3694674"}],"wp:term":[{"taxonomy":"product_brand","embeddable":true,"href":"https:\/\/stoic-curie.212-227-153-4.plesk.page\/pt\/wp-json\/wp\/v2\/product_brand?post=3694674"},{"taxonomy":"product_cat","embeddable":true,"href":"https:\/\/stoic-curie.212-227-153-4.plesk.page\/pt\/wp-json\/wp\/v2\/product_cat?post=3694674"},{"taxonomy":"product_tag","embeddable":true,"href":"https:\/\/stoic-curie.212-227-153-4.plesk.page\/pt\/wp-json\/wp\/v2\/product_tag?post=3694674"}],"curies":[{"name":"wp","href":"https:\/\/api.w.org\/{rel}","templated":true}]}}