{"id":3694675,"date":"2025-10-13T14:01:32","date_gmt":"2025-10-13T18:01:32","guid":{"rendered":"https:\/\/stoic-curie.212-227-153-4.plesk.page\/product\/mosquetao-de-mola-de-seguranca-10mm\/"},"modified":"2026-02-25T00:27:46","modified_gmt":"2026-02-25T00:27:46","slug":"mosquetao-de-mola-de-seguranca-10mm","status":"publish","type":"product","link":"https:\/\/stoic-curie.212-227-153-4.plesk.page\/pt\/product\/mosquetao-de-mola-de-seguranca-10mm\/","title":{"rendered":"Mosquet\u00e3o de mola de Seguran\u00e7a 10mm"},"content":{"rendered":"<p>Mosquet\u00e3o de mola de Seguran\u00e7a 10mm &#8211; <\/p>\n<p>Gancho de carabina de mola sim\u00e9trica com ilh\u00f3 para cinto\/cabo para cintos de seguran\u00e7a de veleiros e envolvimentos de mestre de cerim\u00f4nias. Constru\u00e7\u00e3o robusta em a\u00e7o inoxid\u00e1vel 316.<\/p>\n","protected":false},"excerpt":{"rendered":"<p>Mosquet\u00e3o de mola de Seguran\u00e7a 10mm &#8211; Gancho de carabina de mola sim\u00e9trica com ilh\u00f3 para cinto\/cabo para cintos de<\/p>\n","protected":false},"featured_media":5937878,"comment_status":"closed","ping_status":"closed","template":"","meta":[],"product_brand":[3122],"product_cat":[1992],"product_tag":[],"class_list":{"0":"post-3694675","1":"product","2":"type-product","3":"status-publish","4":"has-post-thumbnail","6":"product_brand-marinetech-pt","7":"product_cat-mosquetoes","9":"first","10":"instock","11":"shipping-taxable","12":"purchasable","13":"product-type-simple"},"_links":{"self":[{"href":"https:\/\/stoic-curie.212-227-153-4.plesk.page\/pt\/wp-json\/wp\/v2\/product\/3694675","targetHints":{"allow":["GET"]}}],"collection":[{"href":"https:\/\/stoic-curie.212-227-153-4.plesk.page\/pt\/wp-json\/wp\/v2\/product"}],"about":[{"href":"https:\/\/stoic-curie.212-227-153-4.plesk.page\/pt\/wp-json\/wp\/v2\/types\/product"}],"replies":[{"embeddable":true,"href":"https:\/\/stoic-curie.212-227-153-4.plesk.page\/pt\/wp-json\/wp\/v2\/comments?post=3694675"}],"version-history":[{"count":0,"href":"https:\/\/stoic-curie.212-227-153-4.plesk.page\/pt\/wp-json\/wp\/v2\/product\/3694675\/revisions"}],"wp:featuredmedia":[{"embeddable":true,"href":"https:\/\/stoic-curie.212-227-153-4.plesk.page\/pt\/wp-json\/wp\/v2\/media\/5937878"}],"wp:attachment":[{"href":"https:\/\/stoic-curie.212-227-153-4.plesk.page\/pt\/wp-json\/wp\/v2\/media?parent=3694675"}],"wp:term":[{"taxonomy":"product_brand","embeddable":true,"href":"https:\/\/stoic-curie.212-227-153-4.plesk.page\/pt\/wp-json\/wp\/v2\/product_brand?post=3694675"},{"taxonomy":"product_cat","embeddable":true,"href":"https:\/\/stoic-curie.212-227-153-4.plesk.page\/pt\/wp-json\/wp\/v2\/product_cat?post=3694675"},{"taxonomy":"product_tag","embeddable":true,"href":"https:\/\/stoic-curie.212-227-153-4.plesk.page\/pt\/wp-json\/wp\/v2\/product_tag?post=3694675"}],"curies":[{"name":"wp","href":"https:\/\/api.w.org\/{rel}","templated":true}]}}