{"id":3694677,"date":"2025-10-13T14:01:33","date_gmt":"2025-10-13T18:01:33","guid":{"rendered":"https:\/\/stoic-curie.212-227-153-4.plesk.page\/product\/gancho-de-engate-fechado-jib-55mm\/"},"modified":"2026-02-25T00:27:46","modified_gmt":"2026-02-25T00:27:46","slug":"gancho-de-engate-fechado-jib-55mm","status":"publish","type":"product","link":"https:\/\/stoic-curie.212-227-153-4.plesk.page\/pt\/product\/gancho-de-engate-fechado-jib-55mm\/","title":{"rendered":"Gancho de Engate Fechado Jib  55mm"},"content":{"rendered":"<p>Gancho de Engate Fechado Jib  55mm &#8211; <\/p>\n<p>Gancho de mola fechado em a\u00e7o inoxid\u00e1vel 316 para jib. Utilizado para prender o jib ao parafuso de olho da proa. Est\u00e1 costurado em um cinto ou emendado em uma linha.<\/p>\n","protected":false},"excerpt":{"rendered":"<p>Gancho de Engate Fechado Jib 55mm &#8211; Gancho de mola fechado em a\u00e7o inoxid\u00e1vel 316 para jib. Utilizado para prender<\/p>\n","protected":false},"featured_media":5937882,"comment_status":"closed","ping_status":"closed","template":"","meta":[],"product_brand":[3122],"product_cat":[1992,2051],"product_tag":[],"class_list":{"0":"post-3694677","1":"product","2":"type-product","3":"status-publish","4":"has-post-thumbnail","6":"product_brand-marinetech-pt","7":"product_cat-mosquetoes","8":"product_cat-mosquetoes-e-manilhas","10":"first","11":"instock","12":"shipping-taxable","13":"purchasable","14":"product-type-simple"},"_links":{"self":[{"href":"https:\/\/stoic-curie.212-227-153-4.plesk.page\/pt\/wp-json\/wp\/v2\/product\/3694677","targetHints":{"allow":["GET"]}}],"collection":[{"href":"https:\/\/stoic-curie.212-227-153-4.plesk.page\/pt\/wp-json\/wp\/v2\/product"}],"about":[{"href":"https:\/\/stoic-curie.212-227-153-4.plesk.page\/pt\/wp-json\/wp\/v2\/types\/product"}],"replies":[{"embeddable":true,"href":"https:\/\/stoic-curie.212-227-153-4.plesk.page\/pt\/wp-json\/wp\/v2\/comments?post=3694677"}],"version-history":[{"count":0,"href":"https:\/\/stoic-curie.212-227-153-4.plesk.page\/pt\/wp-json\/wp\/v2\/product\/3694677\/revisions"}],"wp:featuredmedia":[{"embeddable":true,"href":"https:\/\/stoic-curie.212-227-153-4.plesk.page\/pt\/wp-json\/wp\/v2\/media\/5937882"}],"wp:attachment":[{"href":"https:\/\/stoic-curie.212-227-153-4.plesk.page\/pt\/wp-json\/wp\/v2\/media?parent=3694677"}],"wp:term":[{"taxonomy":"product_brand","embeddable":true,"href":"https:\/\/stoic-curie.212-227-153-4.plesk.page\/pt\/wp-json\/wp\/v2\/product_brand?post=3694677"},{"taxonomy":"product_cat","embeddable":true,"href":"https:\/\/stoic-curie.212-227-153-4.plesk.page\/pt\/wp-json\/wp\/v2\/product_cat?post=3694677"},{"taxonomy":"product_tag","embeddable":true,"href":"https:\/\/stoic-curie.212-227-153-4.plesk.page\/pt\/wp-json\/wp\/v2\/product_tag?post=3694677"}],"curies":[{"name":"wp","href":"https:\/\/api.w.org\/{rel}","templated":true}]}}