{"id":3694682,"date":"2025-10-13T14:01:34","date_gmt":"2025-10-13T18:01:34","guid":{"rendered":"https:\/\/stoic-curie.212-227-153-4.plesk.page\/product\/mosquetao-giratorio-com-manilha-74-mm\/"},"modified":"2026-02-25T00:27:46","modified_gmt":"2026-02-25T00:27:46","slug":"mosquetao-giratorio-com-manilha-74-mm","status":"publish","type":"product","link":"https:\/\/stoic-curie.212-227-153-4.plesk.page\/pt\/product\/mosquetao-giratorio-com-manilha-74-mm\/","title":{"rendered":"Mosquet\u00e3o girat\u00f3rio com manilha 74 mm"},"content":{"rendered":"<p>Mosquet\u00e3o girat\u00f3rio com manilha 74 mm &#8211; <\/p>\n<p>Gancho de libera\u00e7\u00e3o r\u00e1pida com olho girat\u00f3rio de a\u00e7o inoxid\u00e1vel 316 com pino clevis. Usado para as drizas e escotas do spinnaker ou do genoa. No caso de drizas emendada, o pino do gancho pode ser facilmente substitu\u00eddo se estiver desgastado.<\/p>\n","protected":false},"excerpt":{"rendered":"<p>Mosquet\u00e3o girat\u00f3rio com manilha 74 mm &#8211; Gancho de libera\u00e7\u00e3o r\u00e1pida com olho girat\u00f3rio de a\u00e7o inoxid\u00e1vel 316 com pino<\/p>\n","protected":false},"featured_media":5937891,"comment_status":"closed","ping_status":"closed","template":"","meta":[],"product_brand":[3122],"product_cat":[1992,2051],"product_tag":[],"class_list":{"0":"post-3694682","1":"product","2":"type-product","3":"status-publish","4":"has-post-thumbnail","6":"product_brand-marinetech-pt","7":"product_cat-mosquetoes","8":"product_cat-mosquetoes-e-manilhas","10":"first","11":"instock","12":"shipping-taxable","13":"purchasable","14":"product-type-simple"},"_links":{"self":[{"href":"https:\/\/stoic-curie.212-227-153-4.plesk.page\/pt\/wp-json\/wp\/v2\/product\/3694682","targetHints":{"allow":["GET"]}}],"collection":[{"href":"https:\/\/stoic-curie.212-227-153-4.plesk.page\/pt\/wp-json\/wp\/v2\/product"}],"about":[{"href":"https:\/\/stoic-curie.212-227-153-4.plesk.page\/pt\/wp-json\/wp\/v2\/types\/product"}],"replies":[{"embeddable":true,"href":"https:\/\/stoic-curie.212-227-153-4.plesk.page\/pt\/wp-json\/wp\/v2\/comments?post=3694682"}],"version-history":[{"count":0,"href":"https:\/\/stoic-curie.212-227-153-4.plesk.page\/pt\/wp-json\/wp\/v2\/product\/3694682\/revisions"}],"wp:featuredmedia":[{"embeddable":true,"href":"https:\/\/stoic-curie.212-227-153-4.plesk.page\/pt\/wp-json\/wp\/v2\/media\/5937891"}],"wp:attachment":[{"href":"https:\/\/stoic-curie.212-227-153-4.plesk.page\/pt\/wp-json\/wp\/v2\/media?parent=3694682"}],"wp:term":[{"taxonomy":"product_brand","embeddable":true,"href":"https:\/\/stoic-curie.212-227-153-4.plesk.page\/pt\/wp-json\/wp\/v2\/product_brand?post=3694682"},{"taxonomy":"product_cat","embeddable":true,"href":"https:\/\/stoic-curie.212-227-153-4.plesk.page\/pt\/wp-json\/wp\/v2\/product_cat?post=3694682"},{"taxonomy":"product_tag","embeddable":true,"href":"https:\/\/stoic-curie.212-227-153-4.plesk.page\/pt\/wp-json\/wp\/v2\/product_tag?post=3694682"}],"curies":[{"name":"wp","href":"https:\/\/api.w.org\/{rel}","templated":true}]}}