{"id":3694685,"date":"2025-10-13T14:01:35","date_gmt":"2025-10-13T18:01:35","guid":{"rendered":"https:\/\/stoic-curie.212-227-153-4.plesk.page\/product\/olhal-com-rosca-em-aco-inoxidavel-m8\/"},"modified":"2026-02-25T00:27:46","modified_gmt":"2026-02-25T00:27:46","slug":"olhal-com-rosca-em-aco-inoxidavel-m8","status":"publish","type":"product","link":"https:\/\/stoic-curie.212-227-153-4.plesk.page\/pt\/product\/olhal-com-rosca-em-aco-inoxidavel-m8\/","title":{"rendered":"Olhal com rosca em a\u00e7o inoxid\u00e1vel M8"},"content":{"rendered":"<p>Olhal com rosca em a\u00e7o inoxid\u00e1vel M8 &#8211; <\/p>\n<p>Gaiola de a\u00e7o inoxid\u00e1vel com cabe\u00e7a soldada.<\/p>\n","protected":false},"excerpt":{"rendered":"<p>Olhal com rosca em a\u00e7o inoxid\u00e1vel M8 &#8211; Gaiola de a\u00e7o inoxid\u00e1vel com cabe\u00e7a soldada.<\/p>\n","protected":false},"featured_media":5937894,"comment_status":"closed","ping_status":"closed","template":"","meta":[],"product_brand":[3122],"product_cat":[1969,2052,2013],"product_tag":[],"class_list":{"0":"post-3694685","1":"product","2":"type-product","3":"status-publish","4":"has-post-thumbnail","6":"product_brand-marinetech-pt","7":"product_cat-acessorios-de-conves","8":"product_cat-ferragens","9":"product_cat-parafusos-de-olhal-inoxidaveis","11":"first","12":"instock","13":"shipping-taxable","14":"purchasable","15":"product-type-simple"},"_links":{"self":[{"href":"https:\/\/stoic-curie.212-227-153-4.plesk.page\/pt\/wp-json\/wp\/v2\/product\/3694685","targetHints":{"allow":["GET"]}}],"collection":[{"href":"https:\/\/stoic-curie.212-227-153-4.plesk.page\/pt\/wp-json\/wp\/v2\/product"}],"about":[{"href":"https:\/\/stoic-curie.212-227-153-4.plesk.page\/pt\/wp-json\/wp\/v2\/types\/product"}],"replies":[{"embeddable":true,"href":"https:\/\/stoic-curie.212-227-153-4.plesk.page\/pt\/wp-json\/wp\/v2\/comments?post=3694685"}],"version-history":[{"count":0,"href":"https:\/\/stoic-curie.212-227-153-4.plesk.page\/pt\/wp-json\/wp\/v2\/product\/3694685\/revisions"}],"wp:featuredmedia":[{"embeddable":true,"href":"https:\/\/stoic-curie.212-227-153-4.plesk.page\/pt\/wp-json\/wp\/v2\/media\/5937894"}],"wp:attachment":[{"href":"https:\/\/stoic-curie.212-227-153-4.plesk.page\/pt\/wp-json\/wp\/v2\/media?parent=3694685"}],"wp:term":[{"taxonomy":"product_brand","embeddable":true,"href":"https:\/\/stoic-curie.212-227-153-4.plesk.page\/pt\/wp-json\/wp\/v2\/product_brand?post=3694685"},{"taxonomy":"product_cat","embeddable":true,"href":"https:\/\/stoic-curie.212-227-153-4.plesk.page\/pt\/wp-json\/wp\/v2\/product_cat?post=3694685"},{"taxonomy":"product_tag","embeddable":true,"href":"https:\/\/stoic-curie.212-227-153-4.plesk.page\/pt\/wp-json\/wp\/v2\/product_tag?post=3694685"}],"curies":[{"name":"wp","href":"https:\/\/api.w.org\/{rel}","templated":true}]}}