{"id":3694698,"date":"2025-10-13T14:01:39","date_gmt":"2025-10-13T18:01:39","guid":{"rendered":"https:\/\/stoic-curie.212-227-153-4.plesk.page\/product\/olhal-rosca-com-anel-m12x80-w60-aco-inoxidavel\/"},"modified":"2026-02-25T00:27:46","modified_gmt":"2026-02-25T00:27:46","slug":"olhal-rosca-com-anel-m12x80-w60-aco-inoxidavel","status":"publish","type":"product","link":"https:\/\/stoic-curie.212-227-153-4.plesk.page\/pt\/product\/olhal-rosca-com-anel-m12x80-w60-aco-inoxidavel\/","title":{"rendered":"Olhal Rosca com Anel M12x80 W60 a\u00e7o inoxid\u00e1vel"},"content":{"rendered":"<p>Olhal Rosca com Anel M12x80 W60 a\u00e7o inoxid\u00e1vel &#8211; <\/p>\n<p>Anel de a\u00e7o inoxid\u00e1vel em um parafuso roscado.<\/p>\n","protected":false},"excerpt":{"rendered":"<p>Olhal Rosca com Anel M12x80 W60 a\u00e7o inoxid\u00e1vel &#8211; Anel de a\u00e7o inoxid\u00e1vel em um parafuso roscado.<\/p>\n","protected":false},"featured_media":5937918,"comment_status":"closed","ping_status":"closed","template":"","meta":[],"product_brand":[3122],"product_cat":[1969,2052,2013],"product_tag":[],"class_list":{"0":"post-3694698","1":"product","2":"type-product","3":"status-publish","4":"has-post-thumbnail","6":"product_brand-marinetech-pt","7":"product_cat-acessorios-de-conves","8":"product_cat-ferragens","9":"product_cat-parafusos-de-olhal-inoxidaveis","11":"first","12":"instock","13":"shipping-taxable","14":"purchasable","15":"product-type-simple"},"_links":{"self":[{"href":"https:\/\/stoic-curie.212-227-153-4.plesk.page\/pt\/wp-json\/wp\/v2\/product\/3694698","targetHints":{"allow":["GET"]}}],"collection":[{"href":"https:\/\/stoic-curie.212-227-153-4.plesk.page\/pt\/wp-json\/wp\/v2\/product"}],"about":[{"href":"https:\/\/stoic-curie.212-227-153-4.plesk.page\/pt\/wp-json\/wp\/v2\/types\/product"}],"replies":[{"embeddable":true,"href":"https:\/\/stoic-curie.212-227-153-4.plesk.page\/pt\/wp-json\/wp\/v2\/comments?post=3694698"}],"version-history":[{"count":0,"href":"https:\/\/stoic-curie.212-227-153-4.plesk.page\/pt\/wp-json\/wp\/v2\/product\/3694698\/revisions"}],"wp:featuredmedia":[{"embeddable":true,"href":"https:\/\/stoic-curie.212-227-153-4.plesk.page\/pt\/wp-json\/wp\/v2\/media\/5937918"}],"wp:attachment":[{"href":"https:\/\/stoic-curie.212-227-153-4.plesk.page\/pt\/wp-json\/wp\/v2\/media?parent=3694698"}],"wp:term":[{"taxonomy":"product_brand","embeddable":true,"href":"https:\/\/stoic-curie.212-227-153-4.plesk.page\/pt\/wp-json\/wp\/v2\/product_brand?post=3694698"},{"taxonomy":"product_cat","embeddable":true,"href":"https:\/\/stoic-curie.212-227-153-4.plesk.page\/pt\/wp-json\/wp\/v2\/product_cat?post=3694698"},{"taxonomy":"product_tag","embeddable":true,"href":"https:\/\/stoic-curie.212-227-153-4.plesk.page\/pt\/wp-json\/wp\/v2\/product_tag?post=3694698"}],"curies":[{"name":"wp","href":"https:\/\/api.w.org\/{rel}","templated":true}]}}