{"id":3694739,"date":"2025-10-13T14:01:50","date_gmt":"2025-10-13T18:01:50","guid":{"rendered":"https:\/\/stoic-curie.212-227-153-4.plesk.page\/product\/alca-elevacao-74x50x8mm-latao-dourado\/"},"modified":"2026-02-25T00:27:46","modified_gmt":"2026-02-25T00:27:46","slug":"alca-elevacao-74x50x8mm-latao-dourado","status":"publish","type":"product","link":"https:\/\/stoic-curie.212-227-153-4.plesk.page\/pt\/product\/alca-elevacao-74x50x8mm-latao-dourado\/","title":{"rendered":"Al\u00e7a eleva\u00e7\u00e3o 74x50x8mm lat\u00e3o Dourado"},"content":{"rendered":"<p>Al\u00e7a eleva\u00e7\u00e3o 74x50x8mm lat\u00e3o Dourado &#8211; <\/p>\n<p>Al\u00e7a de eleva\u00e7\u00e3o quadrada embutida de lat\u00e3o. Pegador quadrado.<\/p>\n","protected":false},"excerpt":{"rendered":"<p>Al\u00e7a eleva\u00e7\u00e3o 74x50x8mm lat\u00e3o Dourado &#8211; Al\u00e7a de eleva\u00e7\u00e3o quadrada embutida de lat\u00e3o. Pegador quadrado.<\/p>\n","protected":false},"featured_media":5937987,"comment_status":"closed","ping_status":"closed","template":"","meta":[],"product_brand":[2947],"product_cat":[1997],"product_tag":[],"class_list":{"0":"post-3694739","1":"product","2":"type-product","3":"status-publish","4":"has-post-thumbnail","6":"product_brand-foresti-suardi-pt","7":"product_cat-acessorios-de-cabine","9":"first","10":"instock","11":"shipping-taxable","12":"purchasable","13":"product-type-simple"},"_links":{"self":[{"href":"https:\/\/stoic-curie.212-227-153-4.plesk.page\/pt\/wp-json\/wp\/v2\/product\/3694739","targetHints":{"allow":["GET"]}}],"collection":[{"href":"https:\/\/stoic-curie.212-227-153-4.plesk.page\/pt\/wp-json\/wp\/v2\/product"}],"about":[{"href":"https:\/\/stoic-curie.212-227-153-4.plesk.page\/pt\/wp-json\/wp\/v2\/types\/product"}],"replies":[{"embeddable":true,"href":"https:\/\/stoic-curie.212-227-153-4.plesk.page\/pt\/wp-json\/wp\/v2\/comments?post=3694739"}],"version-history":[{"count":0,"href":"https:\/\/stoic-curie.212-227-153-4.plesk.page\/pt\/wp-json\/wp\/v2\/product\/3694739\/revisions"}],"wp:featuredmedia":[{"embeddable":true,"href":"https:\/\/stoic-curie.212-227-153-4.plesk.page\/pt\/wp-json\/wp\/v2\/media\/5937987"}],"wp:attachment":[{"href":"https:\/\/stoic-curie.212-227-153-4.plesk.page\/pt\/wp-json\/wp\/v2\/media?parent=3694739"}],"wp:term":[{"taxonomy":"product_brand","embeddable":true,"href":"https:\/\/stoic-curie.212-227-153-4.plesk.page\/pt\/wp-json\/wp\/v2\/product_brand?post=3694739"},{"taxonomy":"product_cat","embeddable":true,"href":"https:\/\/stoic-curie.212-227-153-4.plesk.page\/pt\/wp-json\/wp\/v2\/product_cat?post=3694739"},{"taxonomy":"product_tag","embeddable":true,"href":"https:\/\/stoic-curie.212-227-153-4.plesk.page\/pt\/wp-json\/wp\/v2\/product_tag?post=3694739"}],"curies":[{"name":"wp","href":"https:\/\/api.w.org\/{rel}","templated":true}]}}