{"id":3694749,"date":"2025-10-13T14:01:53","date_gmt":"2025-10-13T18:01:53","guid":{"rendered":"https:\/\/stoic-curie.212-227-153-4.plesk.page\/product\/pega-pvc-205x55mm-cinza-escuro\/"},"modified":"2026-02-25T00:27:46","modified_gmt":"2026-02-25T00:27:46","slug":"pega-pvc-205x55mm-cinza-escuro","status":"publish","type":"product","link":"https:\/\/stoic-curie.212-227-153-4.plesk.page\/pt\/product\/pega-pvc-205x55mm-cinza-escuro\/","title":{"rendered":"Pega Pvc 205x55mm Cinza Escuro"},"content":{"rendered":"<p>Pega Pvc 205x55mm Cinza Escuro &#8211; <\/p>\n<p>N\u00facleo refor\u00e7ado com corpo de PVC macio e al\u00e7as curtas (20 cm). Montagem nivelada por parafusos.<\/p>\n","protected":false},"excerpt":{"rendered":"<p>Pega Pvc 205x55mm Cinza Escuro &#8211; N\u00facleo refor\u00e7ado com corpo de PVC macio e al\u00e7as curtas (20 cm). Montagem nivelada<\/p>\n","protected":false},"featured_media":5937991,"comment_status":"closed","ping_status":"closed","template":"","meta":[],"product_brand":[2862],"product_cat":[1994],"product_tag":[],"class_list":{"0":"post-3694749","1":"product","2":"type-product","3":"status-publish","4":"has-post-thumbnail","6":"product_brand-ceredi-pt","7":"product_cat-corrimoes","9":"first","10":"instock","11":"shipping-taxable","12":"purchasable","13":"product-type-simple"},"_links":{"self":[{"href":"https:\/\/stoic-curie.212-227-153-4.plesk.page\/pt\/wp-json\/wp\/v2\/product\/3694749","targetHints":{"allow":["GET"]}}],"collection":[{"href":"https:\/\/stoic-curie.212-227-153-4.plesk.page\/pt\/wp-json\/wp\/v2\/product"}],"about":[{"href":"https:\/\/stoic-curie.212-227-153-4.plesk.page\/pt\/wp-json\/wp\/v2\/types\/product"}],"replies":[{"embeddable":true,"href":"https:\/\/stoic-curie.212-227-153-4.plesk.page\/pt\/wp-json\/wp\/v2\/comments?post=3694749"}],"version-history":[{"count":0,"href":"https:\/\/stoic-curie.212-227-153-4.plesk.page\/pt\/wp-json\/wp\/v2\/product\/3694749\/revisions"}],"wp:featuredmedia":[{"embeddable":true,"href":"https:\/\/stoic-curie.212-227-153-4.plesk.page\/pt\/wp-json\/wp\/v2\/media\/5937991"}],"wp:attachment":[{"href":"https:\/\/stoic-curie.212-227-153-4.plesk.page\/pt\/wp-json\/wp\/v2\/media?parent=3694749"}],"wp:term":[{"taxonomy":"product_brand","embeddable":true,"href":"https:\/\/stoic-curie.212-227-153-4.plesk.page\/pt\/wp-json\/wp\/v2\/product_brand?post=3694749"},{"taxonomy":"product_cat","embeddable":true,"href":"https:\/\/stoic-curie.212-227-153-4.plesk.page\/pt\/wp-json\/wp\/v2\/product_cat?post=3694749"},{"taxonomy":"product_tag","embeddable":true,"href":"https:\/\/stoic-curie.212-227-153-4.plesk.page\/pt\/wp-json\/wp\/v2\/product_tag?post=3694749"}],"curies":[{"name":"wp","href":"https:\/\/api.w.org\/{rel}","templated":true}]}}