{"id":3694753,"date":"2025-10-13T14:01:54","date_gmt":"2025-10-13T18:01:54","guid":{"rendered":"https:\/\/stoic-curie.212-227-153-4.plesk.page\/product\/puxador-de-gaveta-32mm-latao-cromado\/"},"modified":"2026-02-25T00:27:46","modified_gmt":"2026-02-25T00:27:46","slug":"puxador-de-gaveta-32mm-latao-cromado","status":"publish","type":"product","link":"https:\/\/stoic-curie.212-227-153-4.plesk.page\/pt\/product\/puxador-de-gaveta-32mm-latao-cromado\/","title":{"rendered":"Puxador de gaveta 32mm lat\u00e3o Cromado"},"content":{"rendered":"<p>Puxador de gaveta 32mm lat\u00e3o Cromado &#8211; <\/p>\n<p>Al\u00e7a de gaveta de lat\u00e3o polido ou cromado para montagem passante.<\/p>\n","protected":false},"excerpt":{"rendered":"<p>Puxador de gaveta 32mm lat\u00e3o Cromado &#8211; Al\u00e7a de gaveta de lat\u00e3o polido ou cromado para montagem passante.<\/p>\n","protected":false},"featured_media":5937993,"comment_status":"closed","ping_status":"closed","template":"","meta":[],"product_brand":[2947],"product_cat":[1997,1974],"product_tag":[],"class_list":{"0":"post-3694753","1":"product","2":"type-product","3":"status-publish","4":"has-post-thumbnail","6":"product_brand-foresti-suardi-pt","7":"product_cat-acessorios-de-cabine","8":"product_cat-trincos","10":"first","11":"instock","12":"shipping-taxable","13":"purchasable","14":"product-type-simple"},"_links":{"self":[{"href":"https:\/\/stoic-curie.212-227-153-4.plesk.page\/pt\/wp-json\/wp\/v2\/product\/3694753","targetHints":{"allow":["GET"]}}],"collection":[{"href":"https:\/\/stoic-curie.212-227-153-4.plesk.page\/pt\/wp-json\/wp\/v2\/product"}],"about":[{"href":"https:\/\/stoic-curie.212-227-153-4.plesk.page\/pt\/wp-json\/wp\/v2\/types\/product"}],"replies":[{"embeddable":true,"href":"https:\/\/stoic-curie.212-227-153-4.plesk.page\/pt\/wp-json\/wp\/v2\/comments?post=3694753"}],"version-history":[{"count":0,"href":"https:\/\/stoic-curie.212-227-153-4.plesk.page\/pt\/wp-json\/wp\/v2\/product\/3694753\/revisions"}],"wp:featuredmedia":[{"embeddable":true,"href":"https:\/\/stoic-curie.212-227-153-4.plesk.page\/pt\/wp-json\/wp\/v2\/media\/5937993"}],"wp:attachment":[{"href":"https:\/\/stoic-curie.212-227-153-4.plesk.page\/pt\/wp-json\/wp\/v2\/media?parent=3694753"}],"wp:term":[{"taxonomy":"product_brand","embeddable":true,"href":"https:\/\/stoic-curie.212-227-153-4.plesk.page\/pt\/wp-json\/wp\/v2\/product_brand?post=3694753"},{"taxonomy":"product_cat","embeddable":true,"href":"https:\/\/stoic-curie.212-227-153-4.plesk.page\/pt\/wp-json\/wp\/v2\/product_cat?post=3694753"},{"taxonomy":"product_tag","embeddable":true,"href":"https:\/\/stoic-curie.212-227-153-4.plesk.page\/pt\/wp-json\/wp\/v2\/product_tag?post=3694753"}],"curies":[{"name":"wp","href":"https:\/\/api.w.org\/{rel}","templated":true}]}}