{"id":3694754,"date":"2025-10-13T14:01:55","date_gmt":"2025-10-13T18:01:55","guid":{"rendered":"https:\/\/stoic-curie.212-227-153-4.plesk.page\/product\/pega-plastica-para-montagem-embutida-57x57mm-branco\/"},"modified":"2026-02-25T00:27:46","modified_gmt":"2026-02-25T00:27:46","slug":"pega-plastica-para-montagem-embutida-57x57mm-branco","status":"publish","type":"product","link":"https:\/\/stoic-curie.212-227-153-4.plesk.page\/pt\/product\/pega-plastica-para-montagem-embutida-57x57mm-branco\/","title":{"rendered":"Pega Pl\u00e1stica para montagem embutida 57x57mm Branco"},"content":{"rendered":"<p>Pega Pl\u00e1stica para montagem embutida 57x57mm Branco &#8211; <\/p>\n<p>Al\u00e7as compactas de montagens embutidas em pl\u00e1stico refor\u00e7ado.<\/p>\n","protected":false},"excerpt":{"rendered":"<p>Pega Pl\u00e1stica para montagem embutida 57x57mm Branco &#8211; Al\u00e7as compactas de montagens embutidas em pl\u00e1stico refor\u00e7ado.<\/p>\n","protected":false},"featured_media":5937994,"comment_status":"closed","ping_status":"closed","template":"","meta":[],"product_brand":[3212],"product_cat":[1997],"product_tag":[],"class_list":{"0":"post-3694754","1":"product","2":"type-product","3":"status-publish","4":"has-post-thumbnail","6":"product_brand-nuova-rade-pt","7":"product_cat-acessorios-de-cabine","9":"first","10":"instock","11":"shipping-taxable","12":"purchasable","13":"product-type-simple"},"_links":{"self":[{"href":"https:\/\/stoic-curie.212-227-153-4.plesk.page\/pt\/wp-json\/wp\/v2\/product\/3694754","targetHints":{"allow":["GET"]}}],"collection":[{"href":"https:\/\/stoic-curie.212-227-153-4.plesk.page\/pt\/wp-json\/wp\/v2\/product"}],"about":[{"href":"https:\/\/stoic-curie.212-227-153-4.plesk.page\/pt\/wp-json\/wp\/v2\/types\/product"}],"replies":[{"embeddable":true,"href":"https:\/\/stoic-curie.212-227-153-4.plesk.page\/pt\/wp-json\/wp\/v2\/comments?post=3694754"}],"version-history":[{"count":0,"href":"https:\/\/stoic-curie.212-227-153-4.plesk.page\/pt\/wp-json\/wp\/v2\/product\/3694754\/revisions"}],"wp:featuredmedia":[{"embeddable":true,"href":"https:\/\/stoic-curie.212-227-153-4.plesk.page\/pt\/wp-json\/wp\/v2\/media\/5937994"}],"wp:attachment":[{"href":"https:\/\/stoic-curie.212-227-153-4.plesk.page\/pt\/wp-json\/wp\/v2\/media?parent=3694754"}],"wp:term":[{"taxonomy":"product_brand","embeddable":true,"href":"https:\/\/stoic-curie.212-227-153-4.plesk.page\/pt\/wp-json\/wp\/v2\/product_brand?post=3694754"},{"taxonomy":"product_cat","embeddable":true,"href":"https:\/\/stoic-curie.212-227-153-4.plesk.page\/pt\/wp-json\/wp\/v2\/product_cat?post=3694754"},{"taxonomy":"product_tag","embeddable":true,"href":"https:\/\/stoic-curie.212-227-153-4.plesk.page\/pt\/wp-json\/wp\/v2\/product_tag?post=3694754"}],"curies":[{"name":"wp","href":"https:\/\/api.w.org\/{rel}","templated":true}]}}