{"id":3694755,"date":"2025-10-13T14:01:55","date_gmt":"2025-10-13T18:01:55","guid":{"rendered":"https:\/\/stoic-curie.212-227-153-4.plesk.page\/product\/grampo-de-fixacao-giratorio-duplo-bloqueavel-150x35mm\/"},"modified":"2026-02-25T00:27:46","modified_gmt":"2026-02-25T00:27:46","slug":"grampo-de-fixacao-giratorio-duplo-bloqueavel-150x35mm","status":"publish","type":"product","link":"https:\/\/stoic-curie.212-227-153-4.plesk.page\/pt\/product\/grampo-de-fixacao-giratorio-duplo-bloqueavel-150x35mm\/","title":{"rendered":"Grampo de fixa\u00e7\u00e3o girat\u00f3rio duplo bloque\u00e1vel 150x35mm"},"content":{"rendered":"<p>Grampo de fixa\u00e7\u00e3o girat\u00f3rio duplo bloque\u00e1vel 150x35mm &#8211; <\/p>\n<p>Clamp de reten\u00e7\u00e3o dupla girat\u00f3ria em lat\u00e3o cromado com bloqueio.<\/p>\n","protected":false},"excerpt":{"rendered":"<p>Grampo de fixa\u00e7\u00e3o girat\u00f3rio duplo bloque\u00e1vel 150x35mm &#8211; Clamp de reten\u00e7\u00e3o dupla girat\u00f3ria em lat\u00e3o cromado com bloqueio.<\/p>\n","protected":false},"featured_media":5937995,"comment_status":"closed","ping_status":"closed","template":"","meta":[],"product_brand":[3122],"product_cat":[1974],"product_tag":[],"class_list":{"0":"post-3694755","1":"product","2":"type-product","3":"status-publish","4":"has-post-thumbnail","6":"product_brand-marinetech-pt","7":"product_cat-trincos","9":"first","10":"instock","11":"shipping-taxable","12":"purchasable","13":"product-type-simple"},"_links":{"self":[{"href":"https:\/\/stoic-curie.212-227-153-4.plesk.page\/pt\/wp-json\/wp\/v2\/product\/3694755","targetHints":{"allow":["GET"]}}],"collection":[{"href":"https:\/\/stoic-curie.212-227-153-4.plesk.page\/pt\/wp-json\/wp\/v2\/product"}],"about":[{"href":"https:\/\/stoic-curie.212-227-153-4.plesk.page\/pt\/wp-json\/wp\/v2\/types\/product"}],"replies":[{"embeddable":true,"href":"https:\/\/stoic-curie.212-227-153-4.plesk.page\/pt\/wp-json\/wp\/v2\/comments?post=3694755"}],"version-history":[{"count":0,"href":"https:\/\/stoic-curie.212-227-153-4.plesk.page\/pt\/wp-json\/wp\/v2\/product\/3694755\/revisions"}],"wp:featuredmedia":[{"embeddable":true,"href":"https:\/\/stoic-curie.212-227-153-4.plesk.page\/pt\/wp-json\/wp\/v2\/media\/5937995"}],"wp:attachment":[{"href":"https:\/\/stoic-curie.212-227-153-4.plesk.page\/pt\/wp-json\/wp\/v2\/media?parent=3694755"}],"wp:term":[{"taxonomy":"product_brand","embeddable":true,"href":"https:\/\/stoic-curie.212-227-153-4.plesk.page\/pt\/wp-json\/wp\/v2\/product_brand?post=3694755"},{"taxonomy":"product_cat","embeddable":true,"href":"https:\/\/stoic-curie.212-227-153-4.plesk.page\/pt\/wp-json\/wp\/v2\/product_cat?post=3694755"},{"taxonomy":"product_tag","embeddable":true,"href":"https:\/\/stoic-curie.212-227-153-4.plesk.page\/pt\/wp-json\/wp\/v2\/product_tag?post=3694755"}],"curies":[{"name":"wp","href":"https:\/\/api.w.org\/{rel}","templated":true}]}}