{"id":3694760,"date":"2025-10-13T14:01:57","date_gmt":"2025-10-13T18:01:57","guid":{"rendered":"https:\/\/stoic-curie.212-227-153-4.plesk.page\/product\/fecho-de-correr-southco-sundecker-53x115mm-lado-sul\/"},"modified":"2026-02-25T00:27:46","modified_gmt":"2026-02-25T00:27:46","slug":"fecho-de-correr-southco-sundecker-53x115mm-lado-sul","status":"publish","type":"product","link":"https:\/\/stoic-curie.212-227-153-4.plesk.page\/pt\/product\/fecho-de-correr-southco-sundecker-53x115mm-lado-sul\/","title":{"rendered":"Fecho de correr Southco Sundecker 53x115mm Lado Sul"},"content":{"rendered":"<p>Fecho de correr Southco Sundecker 53x115mm Lado Sul &#8211; <\/p>\n<p>O fecho Sundecker de libera\u00e7\u00e3o por pux\u00e3o da Southco permite abrir\/fechar compartimentos, arm\u00e1rios e caixas remotamente (basta puxar a al\u00e7a). Orient\u00e1vel, pode ser montado em qualquer posi\u00e7\u00e3o e sua instala\u00e7\u00e3o \u00e9 r\u00e1pida e f\u00e1cil. O comprimento da al\u00e7a \u00e9 de 1 metro.<\/p>\n","protected":false},"excerpt":{"rendered":"<p>Fecho de correr Southco Sundecker 53x115mm Lado Sul &#8211; O fecho Sundecker de libera\u00e7\u00e3o por pux\u00e3o da Southco permite abrir\/fechar<\/p>\n","protected":false},"featured_media":5937997,"comment_status":"closed","ping_status":"closed","template":"","meta":[],"product_brand":[3417],"product_cat":[1997,1974],"product_tag":[],"class_list":{"0":"post-3694760","1":"product","2":"type-product","3":"status-publish","4":"has-post-thumbnail","6":"product_brand-southco-mobella-pt","7":"product_cat-acessorios-de-cabine","8":"product_cat-trincos","10":"first","11":"instock","12":"shipping-taxable","13":"purchasable","14":"product-type-simple"},"_links":{"self":[{"href":"https:\/\/stoic-curie.212-227-153-4.plesk.page\/pt\/wp-json\/wp\/v2\/product\/3694760","targetHints":{"allow":["GET"]}}],"collection":[{"href":"https:\/\/stoic-curie.212-227-153-4.plesk.page\/pt\/wp-json\/wp\/v2\/product"}],"about":[{"href":"https:\/\/stoic-curie.212-227-153-4.plesk.page\/pt\/wp-json\/wp\/v2\/types\/product"}],"replies":[{"embeddable":true,"href":"https:\/\/stoic-curie.212-227-153-4.plesk.page\/pt\/wp-json\/wp\/v2\/comments?post=3694760"}],"version-history":[{"count":0,"href":"https:\/\/stoic-curie.212-227-153-4.plesk.page\/pt\/wp-json\/wp\/v2\/product\/3694760\/revisions"}],"wp:featuredmedia":[{"embeddable":true,"href":"https:\/\/stoic-curie.212-227-153-4.plesk.page\/pt\/wp-json\/wp\/v2\/media\/5937997"}],"wp:attachment":[{"href":"https:\/\/stoic-curie.212-227-153-4.plesk.page\/pt\/wp-json\/wp\/v2\/media?parent=3694760"}],"wp:term":[{"taxonomy":"product_brand","embeddable":true,"href":"https:\/\/stoic-curie.212-227-153-4.plesk.page\/pt\/wp-json\/wp\/v2\/product_brand?post=3694760"},{"taxonomy":"product_cat","embeddable":true,"href":"https:\/\/stoic-curie.212-227-153-4.plesk.page\/pt\/wp-json\/wp\/v2\/product_cat?post=3694760"},{"taxonomy":"product_tag","embeddable":true,"href":"https:\/\/stoic-curie.212-227-153-4.plesk.page\/pt\/wp-json\/wp\/v2\/product_tag?post=3694760"}],"curies":[{"name":"wp","href":"https:\/\/api.w.org\/{rel}","templated":true}]}}