{"id":3694764,"date":"2025-10-13T14:01:58","date_gmt":"2025-10-13T18:01:58","guid":{"rendered":"https:\/\/stoic-curie.212-227-153-4.plesk.page\/product\/fecho-de-botao-giratorio-southco-montagem-em-superficie-32x47mm-acabamento-cromado\/"},"modified":"2026-02-25T00:27:46","modified_gmt":"2026-02-25T00:27:46","slug":"fecho-de-botao-giratorio-southco-montagem-em-superficie-32x47mm-acabamento-cromado","status":"publish","type":"product","link":"https:\/\/stoic-curie.212-227-153-4.plesk.page\/pt\/product\/fecho-de-botao-giratorio-southco-montagem-em-superficie-32x47mm-acabamento-cromado\/","title":{"rendered":"Fecho de bot\u00e3o girat\u00f3rio Southco Montagem em superf\u00edcie 32x47mm Acabamento cromado"},"content":{"rendered":"<p>Fecho de bot\u00e3o girat\u00f3rio Southco Montagem em superf\u00edcie 32x47mm Acabamento cromado &#8211; <\/p>\n<p>Fechadura com bot\u00e3o de press\u00e3o\/tor\u00e7\u00e3o Southco: o bot\u00e3o permanece nivelado quando fechado, mas salta para fora com um toque para oferecer uma pegada segura para operar a fechadura e abrir ou fechar a porta. Gire o bot\u00e3o para abrir, empurre a porta para fechar. Mant\u00e9m-se autoajust\u00e1vel. Porca e corpo resistentes \u00e0 corros\u00e3o UV. Para montagem em portas embutidas ou de superf\u00edcie.<\/p>\n","protected":false},"excerpt":{"rendered":"<p>Fecho de bot\u00e3o girat\u00f3rio Southco Montagem em superf\u00edcie 32x47mm Acabamento cromado &#8211; Fechadura com bot\u00e3o de press\u00e3o\/tor\u00e7\u00e3o Southco: o bot\u00e3o<\/p>\n","protected":false},"featured_media":5938004,"comment_status":"closed","ping_status":"closed","template":"","meta":[],"product_brand":[3417],"product_cat":[1997,1974],"product_tag":[],"class_list":{"0":"post-3694764","1":"product","2":"type-product","3":"status-publish","4":"has-post-thumbnail","6":"product_brand-southco-mobella-pt","7":"product_cat-acessorios-de-cabine","8":"product_cat-trincos","10":"first","11":"instock","12":"shipping-taxable","13":"purchasable","14":"product-type-simple"},"_links":{"self":[{"href":"https:\/\/stoic-curie.212-227-153-4.plesk.page\/pt\/wp-json\/wp\/v2\/product\/3694764","targetHints":{"allow":["GET"]}}],"collection":[{"href":"https:\/\/stoic-curie.212-227-153-4.plesk.page\/pt\/wp-json\/wp\/v2\/product"}],"about":[{"href":"https:\/\/stoic-curie.212-227-153-4.plesk.page\/pt\/wp-json\/wp\/v2\/types\/product"}],"replies":[{"embeddable":true,"href":"https:\/\/stoic-curie.212-227-153-4.plesk.page\/pt\/wp-json\/wp\/v2\/comments?post=3694764"}],"version-history":[{"count":0,"href":"https:\/\/stoic-curie.212-227-153-4.plesk.page\/pt\/wp-json\/wp\/v2\/product\/3694764\/revisions"}],"wp:featuredmedia":[{"embeddable":true,"href":"https:\/\/stoic-curie.212-227-153-4.plesk.page\/pt\/wp-json\/wp\/v2\/media\/5938004"}],"wp:attachment":[{"href":"https:\/\/stoic-curie.212-227-153-4.plesk.page\/pt\/wp-json\/wp\/v2\/media?parent=3694764"}],"wp:term":[{"taxonomy":"product_brand","embeddable":true,"href":"https:\/\/stoic-curie.212-227-153-4.plesk.page\/pt\/wp-json\/wp\/v2\/product_brand?post=3694764"},{"taxonomy":"product_cat","embeddable":true,"href":"https:\/\/stoic-curie.212-227-153-4.plesk.page\/pt\/wp-json\/wp\/v2\/product_cat?post=3694764"},{"taxonomy":"product_tag","embeddable":true,"href":"https:\/\/stoic-curie.212-227-153-4.plesk.page\/pt\/wp-json\/wp\/v2\/product_tag?post=3694764"}],"curies":[{"name":"wp","href":"https:\/\/api.w.org\/{rel}","templated":true}]}}