{"id":3694766,"date":"2025-10-13T14:01:58","date_gmt":"2025-10-13T18:01:58","guid":{"rendered":"https:\/\/stoic-curie.212-227-153-4.plesk.page\/product\/southco-fechadura-porta-pressao-25x50mm-cetim\/"},"modified":"2026-02-25T00:27:46","modified_gmt":"2026-02-25T00:27:46","slug":"southco-fechadura-porta-pressao-25x50mm-cetim","status":"publish","type":"product","link":"https:\/\/stoic-curie.212-227-153-4.plesk.page\/pt\/product\/southco-fechadura-porta-pressao-25x50mm-cetim\/","title":{"rendered":"Southco Fechadura Porta Press\u00e3o 25x50mm Cetim"},"content":{"rendered":"<p>Southco Fechadura Porta Press\u00e3o 25x50mm Cetim &#8211; <\/p>\n<p>Fecho de ponto Southco Push-to-Close com bot\u00e3o embutido e flanjo redondo. O bot\u00e3o de puxar est\u00e1 embutido na porta fechada e sai quando a porta \u00e9 aberta. Porca e carca\u00e7a de nylon preto, bot\u00e3o e flange de lat\u00e3o. Deve ser completado com um suporte fixo ou ajust\u00e1vel.<\/p>\n","protected":false},"excerpt":{"rendered":"<p>Southco Fechadura Porta Press\u00e3o 25x50mm Cetim &#8211; Fecho de ponto Southco Push-to-Close com bot\u00e3o embutido e flanjo redondo. O bot\u00e3o<\/p>\n","protected":false},"featured_media":5938007,"comment_status":"closed","ping_status":"closed","template":"","meta":[],"product_brand":[3417],"product_cat":[1997,1974],"product_tag":[],"class_list":{"0":"post-3694766","1":"product","2":"type-product","3":"status-publish","4":"has-post-thumbnail","6":"product_brand-southco-mobella-pt","7":"product_cat-acessorios-de-cabine","8":"product_cat-trincos","10":"first","11":"instock","12":"shipping-taxable","13":"purchasable","14":"product-type-simple"},"_links":{"self":[{"href":"https:\/\/stoic-curie.212-227-153-4.plesk.page\/pt\/wp-json\/wp\/v2\/product\/3694766","targetHints":{"allow":["GET"]}}],"collection":[{"href":"https:\/\/stoic-curie.212-227-153-4.plesk.page\/pt\/wp-json\/wp\/v2\/product"}],"about":[{"href":"https:\/\/stoic-curie.212-227-153-4.plesk.page\/pt\/wp-json\/wp\/v2\/types\/product"}],"replies":[{"embeddable":true,"href":"https:\/\/stoic-curie.212-227-153-4.plesk.page\/pt\/wp-json\/wp\/v2\/comments?post=3694766"}],"version-history":[{"count":0,"href":"https:\/\/stoic-curie.212-227-153-4.plesk.page\/pt\/wp-json\/wp\/v2\/product\/3694766\/revisions"}],"wp:featuredmedia":[{"embeddable":true,"href":"https:\/\/stoic-curie.212-227-153-4.plesk.page\/pt\/wp-json\/wp\/v2\/media\/5938007"}],"wp:attachment":[{"href":"https:\/\/stoic-curie.212-227-153-4.plesk.page\/pt\/wp-json\/wp\/v2\/media?parent=3694766"}],"wp:term":[{"taxonomy":"product_brand","embeddable":true,"href":"https:\/\/stoic-curie.212-227-153-4.plesk.page\/pt\/wp-json\/wp\/v2\/product_brand?post=3694766"},{"taxonomy":"product_cat","embeddable":true,"href":"https:\/\/stoic-curie.212-227-153-4.plesk.page\/pt\/wp-json\/wp\/v2\/product_cat?post=3694766"},{"taxonomy":"product_tag","embeddable":true,"href":"https:\/\/stoic-curie.212-227-153-4.plesk.page\/pt\/wp-json\/wp\/v2\/product_tag?post=3694766"}],"curies":[{"name":"wp","href":"https:\/\/api.w.org\/{rel}","templated":true}]}}