{"id":3694767,"date":"2025-10-13T14:01:59","date_gmt":"2025-10-13T18:01:59","guid":{"rendered":"https:\/\/stoic-curie.212-227-153-4.plesk.page\/product\/southco-fechadura-botao-de-chave-25x40mm-nylon-preto\/"},"modified":"2026-02-25T00:27:46","modified_gmt":"2026-02-25T00:27:46","slug":"southco-fechadura-botao-de-chave-25x40mm-nylon-preto","status":"publish","type":"product","link":"https:\/\/stoic-curie.212-227-153-4.plesk.page\/pt\/product\/southco-fechadura-botao-de-chave-25x40mm-nylon-preto\/","title":{"rendered":"Southco Fechadura Bot\u00e3o de Chave 25x40mm Nylon Preto"},"content":{"rendered":"<p>Southco Fechadura Bot\u00e3o de Chave 25x40mm Nylon Preto &#8211; <\/p>\n<p>Habita\u00e7\u00e3o de nylon e resina refor\u00e7ada com fecho de bot\u00e3o de press\u00e3o com bloqueio Southco. Molas internas em a\u00e7o inoxid\u00e1vel 302 resistentes \u00e0 corros\u00e3o. Espessura m\u00e1xima da porta de 12,5 mm.<\/p>\n","protected":false},"excerpt":{"rendered":"<p>Southco Fechadura Bot\u00e3o de Chave 25x40mm Nylon Preto &#8211; Habita\u00e7\u00e3o de nylon e resina refor\u00e7ada com fecho de bot\u00e3o de<\/p>\n","protected":false},"featured_media":5938011,"comment_status":"closed","ping_status":"closed","template":"","meta":[],"product_brand":[3417],"product_cat":[1997,1974],"product_tag":[],"class_list":{"0":"post-3694767","1":"product","2":"type-product","3":"status-publish","4":"has-post-thumbnail","6":"product_brand-southco-mobella-pt","7":"product_cat-acessorios-de-cabine","8":"product_cat-trincos","10":"first","11":"instock","12":"shipping-taxable","13":"purchasable","14":"product-type-simple"},"_links":{"self":[{"href":"https:\/\/stoic-curie.212-227-153-4.plesk.page\/pt\/wp-json\/wp\/v2\/product\/3694767","targetHints":{"allow":["GET"]}}],"collection":[{"href":"https:\/\/stoic-curie.212-227-153-4.plesk.page\/pt\/wp-json\/wp\/v2\/product"}],"about":[{"href":"https:\/\/stoic-curie.212-227-153-4.plesk.page\/pt\/wp-json\/wp\/v2\/types\/product"}],"replies":[{"embeddable":true,"href":"https:\/\/stoic-curie.212-227-153-4.plesk.page\/pt\/wp-json\/wp\/v2\/comments?post=3694767"}],"version-history":[{"count":0,"href":"https:\/\/stoic-curie.212-227-153-4.plesk.page\/pt\/wp-json\/wp\/v2\/product\/3694767\/revisions"}],"wp:featuredmedia":[{"embeddable":true,"href":"https:\/\/stoic-curie.212-227-153-4.plesk.page\/pt\/wp-json\/wp\/v2\/media\/5938011"}],"wp:attachment":[{"href":"https:\/\/stoic-curie.212-227-153-4.plesk.page\/pt\/wp-json\/wp\/v2\/media?parent=3694767"}],"wp:term":[{"taxonomy":"product_brand","embeddable":true,"href":"https:\/\/stoic-curie.212-227-153-4.plesk.page\/pt\/wp-json\/wp\/v2\/product_brand?post=3694767"},{"taxonomy":"product_cat","embeddable":true,"href":"https:\/\/stoic-curie.212-227-153-4.plesk.page\/pt\/wp-json\/wp\/v2\/product_cat?post=3694767"},{"taxonomy":"product_tag","embeddable":true,"href":"https:\/\/stoic-curie.212-227-153-4.plesk.page\/pt\/wp-json\/wp\/v2\/product_tag?post=3694767"}],"curies":[{"name":"wp","href":"https:\/\/api.w.org\/{rel}","templated":true}]}}