{"id":3694770,"date":"2025-10-13T14:01:59","date_gmt":"2025-10-13T18:01:59","guid":{"rendered":"https:\/\/stoic-curie.212-227-153-4.plesk.page\/product\/mini-cadeados-com-chave-19x125mm\/"},"modified":"2026-02-25T00:27:46","modified_gmt":"2026-02-25T00:27:46","slug":"mini-cadeados-com-chave-19x125mm","status":"publish","type":"product","link":"https:\/\/stoic-curie.212-227-153-4.plesk.page\/pt\/product\/mini-cadeados-com-chave-19x125mm\/","title":{"rendered":"Mini Cadeados com Chave 19x125mm"},"content":{"rendered":"<p>Mini Cadeados com Chave 19x125mm &#8211; <\/p>\n<p>Estrutura em a\u00e7o inoxid\u00e1vel para escotilhas e compartimentos. A ser completada com fecho de c\u00e2mara e chaves.<\/p>\n","protected":false},"excerpt":{"rendered":"<p>Mini Cadeados com Chave 19x125mm &#8211; Estrutura em a\u00e7o inoxid\u00e1vel para escotilhas e compartimentos. A ser completada com fecho de<\/p>\n","protected":false},"featured_media":5938017,"comment_status":"closed","ping_status":"closed","template":"","meta":[],"product_brand":[3137],"product_cat":[1982,1995],"product_tag":[],"class_list":{"0":"post-3694770","1":"product","2":"type-product","3":"status-publish","4":"has-post-thumbnail","6":"product_brand-masterlock-pt","7":"product_cat-escotilhas-plasticas","8":"product_cat-fechaduras","10":"first","11":"instock","12":"shipping-taxable","13":"purchasable","14":"product-type-simple"},"_links":{"self":[{"href":"https:\/\/stoic-curie.212-227-153-4.plesk.page\/pt\/wp-json\/wp\/v2\/product\/3694770","targetHints":{"allow":["GET"]}}],"collection":[{"href":"https:\/\/stoic-curie.212-227-153-4.plesk.page\/pt\/wp-json\/wp\/v2\/product"}],"about":[{"href":"https:\/\/stoic-curie.212-227-153-4.plesk.page\/pt\/wp-json\/wp\/v2\/types\/product"}],"replies":[{"embeddable":true,"href":"https:\/\/stoic-curie.212-227-153-4.plesk.page\/pt\/wp-json\/wp\/v2\/comments?post=3694770"}],"version-history":[{"count":0,"href":"https:\/\/stoic-curie.212-227-153-4.plesk.page\/pt\/wp-json\/wp\/v2\/product\/3694770\/revisions"}],"wp:featuredmedia":[{"embeddable":true,"href":"https:\/\/stoic-curie.212-227-153-4.plesk.page\/pt\/wp-json\/wp\/v2\/media\/5938017"}],"wp:attachment":[{"href":"https:\/\/stoic-curie.212-227-153-4.plesk.page\/pt\/wp-json\/wp\/v2\/media?parent=3694770"}],"wp:term":[{"taxonomy":"product_brand","embeddable":true,"href":"https:\/\/stoic-curie.212-227-153-4.plesk.page\/pt\/wp-json\/wp\/v2\/product_brand?post=3694770"},{"taxonomy":"product_cat","embeddable":true,"href":"https:\/\/stoic-curie.212-227-153-4.plesk.page\/pt\/wp-json\/wp\/v2\/product_cat?post=3694770"},{"taxonomy":"product_tag","embeddable":true,"href":"https:\/\/stoic-curie.212-227-153-4.plesk.page\/pt\/wp-json\/wp\/v2\/product_tag?post=3694770"}],"curies":[{"name":"wp","href":"https:\/\/api.w.org\/{rel}","templated":true}]}}