{"id":3694773,"date":"2025-10-13T14:02:00","date_gmt":"2025-10-13T18:02:00","guid":{"rendered":"https:\/\/stoic-curie.212-227-153-4.plesk.page\/product\/macaneta-oval-e-puxadores-de-porta-com-anel-51x26mm-em-latao-cromado\/"},"modified":"2026-02-25T00:27:46","modified_gmt":"2026-02-25T00:27:46","slug":"macaneta-oval-e-puxadores-de-porta-com-anel-51x26mm-em-latao-cromado","status":"publish","type":"product","link":"https:\/\/stoic-curie.212-227-153-4.plesk.page\/pt\/product\/macaneta-oval-e-puxadores-de-porta-com-anel-51x26mm-em-latao-cromado\/","title":{"rendered":"Ma\u00e7aneta oval e puxadores de porta com anel 51x26mm em lat\u00e3o cromado"},"content":{"rendered":"<p>Ma\u00e7aneta oval e puxadores de porta com anel 51x26mm em lat\u00e3o cromado &#8211; <\/p>\n<p>Ma\u00e7anetas e puxadores de porta em forma oval de lat\u00e3o cromado.<\/p>\n","protected":false},"excerpt":{"rendered":"<p>Ma\u00e7aneta oval e puxadores de porta com anel 51x26mm em lat\u00e3o cromado &#8211; Ma\u00e7anetas e puxadores de porta em forma<\/p>\n","protected":false},"featured_media":5938036,"comment_status":"closed","ping_status":"closed","template":"","meta":[],"product_brand":[2947],"product_cat":[1995],"product_tag":[],"class_list":{"0":"post-3694773","1":"product","2":"type-product","3":"status-publish","4":"has-post-thumbnail","6":"product_brand-foresti-suardi-pt","7":"product_cat-fechaduras","9":"first","10":"instock","11":"shipping-taxable","12":"purchasable","13":"product-type-simple"},"_links":{"self":[{"href":"https:\/\/stoic-curie.212-227-153-4.plesk.page\/pt\/wp-json\/wp\/v2\/product\/3694773","targetHints":{"allow":["GET"]}}],"collection":[{"href":"https:\/\/stoic-curie.212-227-153-4.plesk.page\/pt\/wp-json\/wp\/v2\/product"}],"about":[{"href":"https:\/\/stoic-curie.212-227-153-4.plesk.page\/pt\/wp-json\/wp\/v2\/types\/product"}],"replies":[{"embeddable":true,"href":"https:\/\/stoic-curie.212-227-153-4.plesk.page\/pt\/wp-json\/wp\/v2\/comments?post=3694773"}],"version-history":[{"count":0,"href":"https:\/\/stoic-curie.212-227-153-4.plesk.page\/pt\/wp-json\/wp\/v2\/product\/3694773\/revisions"}],"wp:featuredmedia":[{"embeddable":true,"href":"https:\/\/stoic-curie.212-227-153-4.plesk.page\/pt\/wp-json\/wp\/v2\/media\/5938036"}],"wp:attachment":[{"href":"https:\/\/stoic-curie.212-227-153-4.plesk.page\/pt\/wp-json\/wp\/v2\/media?parent=3694773"}],"wp:term":[{"taxonomy":"product_brand","embeddable":true,"href":"https:\/\/stoic-curie.212-227-153-4.plesk.page\/pt\/wp-json\/wp\/v2\/product_brand?post=3694773"},{"taxonomy":"product_cat","embeddable":true,"href":"https:\/\/stoic-curie.212-227-153-4.plesk.page\/pt\/wp-json\/wp\/v2\/product_cat?post=3694773"},{"taxonomy":"product_tag","embeddable":true,"href":"https:\/\/stoic-curie.212-227-153-4.plesk.page\/pt\/wp-json\/wp\/v2\/product_tag?post=3694773"}],"curies":[{"name":"wp","href":"https:\/\/api.w.org\/{rel}","templated":true}]}}