{"id":3694778,"date":"2025-10-13T14:02:02","date_gmt":"2025-10-13T18:02:02","guid":{"rendered":"https:\/\/stoic-curie.212-227-153-4.plesk.page\/product\/cadeados-com-argola-longa-40mm-hardinox-maritimo-padrao\/"},"modified":"2026-02-25T00:27:46","modified_gmt":"2026-02-25T00:27:46","slug":"cadeados-com-argola-longa-40mm-hardinox-maritimo-padrao","status":"publish","type":"product","link":"https:\/\/stoic-curie.212-227-153-4.plesk.page\/pt\/product\/cadeados-com-argola-longa-40mm-hardinox-maritimo-padrao\/","title":{"rendered":"Cadeados com argola Longa 40mm Hardinox mar\u00edtimo Padr\u00e3o"},"content":{"rendered":"<p>Cadeados com argola Longa 40mm Hardinox mar\u00edtimo Padr\u00e3o &#8211; <\/p>\n<p>Cadeados de a\u00e7o inoxid\u00e1vel polido com gancho longo.<br \/>Resistentes, robustos e seguros, imunes ao sal e ao ambiente mar\u00edtimo.<\/p>\n","protected":false},"excerpt":{"rendered":"<p>Cadeados com argola Longa 40mm Hardinox mar\u00edtimo Padr\u00e3o &#8211; Cadeados de a\u00e7o inoxid\u00e1vel polido com gancho longo.Resistentes, robustos e seguros,<\/p>\n","protected":false},"featured_media":5938048,"comment_status":"closed","ping_status":"closed","template":"","meta":[],"product_brand":[3137],"product_cat":[1973],"product_tag":[],"class_list":{"0":"post-3694778","1":"product","2":"type-product","3":"status-publish","4":"has-post-thumbnail","6":"product_brand-masterlock-pt","7":"product_cat-cadeados","9":"first","10":"instock","11":"shipping-taxable","12":"purchasable","13":"product-type-simple"},"_links":{"self":[{"href":"https:\/\/stoic-curie.212-227-153-4.plesk.page\/pt\/wp-json\/wp\/v2\/product\/3694778","targetHints":{"allow":["GET"]}}],"collection":[{"href":"https:\/\/stoic-curie.212-227-153-4.plesk.page\/pt\/wp-json\/wp\/v2\/product"}],"about":[{"href":"https:\/\/stoic-curie.212-227-153-4.plesk.page\/pt\/wp-json\/wp\/v2\/types\/product"}],"replies":[{"embeddable":true,"href":"https:\/\/stoic-curie.212-227-153-4.plesk.page\/pt\/wp-json\/wp\/v2\/comments?post=3694778"}],"version-history":[{"count":0,"href":"https:\/\/stoic-curie.212-227-153-4.plesk.page\/pt\/wp-json\/wp\/v2\/product\/3694778\/revisions"}],"wp:featuredmedia":[{"embeddable":true,"href":"https:\/\/stoic-curie.212-227-153-4.plesk.page\/pt\/wp-json\/wp\/v2\/media\/5938048"}],"wp:attachment":[{"href":"https:\/\/stoic-curie.212-227-153-4.plesk.page\/pt\/wp-json\/wp\/v2\/media?parent=3694778"}],"wp:term":[{"taxonomy":"product_brand","embeddable":true,"href":"https:\/\/stoic-curie.212-227-153-4.plesk.page\/pt\/wp-json\/wp\/v2\/product_brand?post=3694778"},{"taxonomy":"product_cat","embeddable":true,"href":"https:\/\/stoic-curie.212-227-153-4.plesk.page\/pt\/wp-json\/wp\/v2\/product_cat?post=3694778"},{"taxonomy":"product_tag","embeddable":true,"href":"https:\/\/stoic-curie.212-227-153-4.plesk.page\/pt\/wp-json\/wp\/v2\/product_tag?post=3694778"}],"curies":[{"name":"wp","href":"https:\/\/api.w.org\/{rel}","templated":true}]}}