{"id":3694798,"date":"2025-10-13T14:02:08","date_gmt":"2025-10-13T18:02:08","guid":{"rendered":"https:\/\/stoic-curie.212-227-153-4.plesk.page\/product\/dobradica-inoxidavel-76-x-43-x-2mm\/"},"modified":"2026-02-25T00:27:46","modified_gmt":"2026-02-25T00:27:46","slug":"dobradica-inoxidavel-76-x-43-x-2mm","status":"publish","type":"product","link":"https:\/\/stoic-curie.212-227-153-4.plesk.page\/pt\/product\/dobradica-inoxidavel-76-x-43-x-2mm\/","title":{"rendered":"Dobradi\u00e7a inoxid\u00e1vel 76 x 43 x 2mm"},"content":{"rendered":"<p>Dobradi\u00e7a inoxid\u00e1vel 76 x 43 x 2mm &#8211; <\/p>\n<p>Charni\u00e7as pequenas de a\u00e7o inoxid\u00e1vel polido a espelho em forma de biscoito com cantos quadrados. Padr\u00e3o = Pino de charni\u00e7a superior. Centerpin = Pino de charni\u00e7a central. Reverse = Pino de charni\u00e7a inferior.<\/p>\n","protected":false},"excerpt":{"rendered":"<p>Dobradi\u00e7a inoxid\u00e1vel 76 x 43 x 2mm &#8211; Charni\u00e7as pequenas de a\u00e7o inoxid\u00e1vel polido a espelho em forma de biscoito<\/p>\n","protected":false},"featured_media":5938101,"comment_status":"closed","ping_status":"closed","template":"","meta":[],"product_brand":[3122],"product_cat":[1998],"product_tag":[],"class_list":{"0":"post-3694798","1":"product","2":"type-product","3":"status-publish","4":"has-post-thumbnail","6":"product_brand-marinetech-pt","7":"product_cat-dobradicas","9":"first","10":"instock","11":"shipping-taxable","12":"purchasable","13":"product-type-simple"},"_links":{"self":[{"href":"https:\/\/stoic-curie.212-227-153-4.plesk.page\/pt\/wp-json\/wp\/v2\/product\/3694798","targetHints":{"allow":["GET"]}}],"collection":[{"href":"https:\/\/stoic-curie.212-227-153-4.plesk.page\/pt\/wp-json\/wp\/v2\/product"}],"about":[{"href":"https:\/\/stoic-curie.212-227-153-4.plesk.page\/pt\/wp-json\/wp\/v2\/types\/product"}],"replies":[{"embeddable":true,"href":"https:\/\/stoic-curie.212-227-153-4.plesk.page\/pt\/wp-json\/wp\/v2\/comments?post=3694798"}],"version-history":[{"count":0,"href":"https:\/\/stoic-curie.212-227-153-4.plesk.page\/pt\/wp-json\/wp\/v2\/product\/3694798\/revisions"}],"wp:featuredmedia":[{"embeddable":true,"href":"https:\/\/stoic-curie.212-227-153-4.plesk.page\/pt\/wp-json\/wp\/v2\/media\/5938101"}],"wp:attachment":[{"href":"https:\/\/stoic-curie.212-227-153-4.plesk.page\/pt\/wp-json\/wp\/v2\/media?parent=3694798"}],"wp:term":[{"taxonomy":"product_brand","embeddable":true,"href":"https:\/\/stoic-curie.212-227-153-4.plesk.page\/pt\/wp-json\/wp\/v2\/product_brand?post=3694798"},{"taxonomy":"product_cat","embeddable":true,"href":"https:\/\/stoic-curie.212-227-153-4.plesk.page\/pt\/wp-json\/wp\/v2\/product_cat?post=3694798"},{"taxonomy":"product_tag","embeddable":true,"href":"https:\/\/stoic-curie.212-227-153-4.plesk.page\/pt\/wp-json\/wp\/v2\/product_tag?post=3694798"}],"curies":[{"name":"wp","href":"https:\/\/api.w.org\/{rel}","templated":true}]}}