{"id":3694816,"date":"2025-10-13T14:02:13","date_gmt":"2025-10-13T18:02:13","guid":{"rendered":"https:\/\/stoic-curie.212-227-153-4.plesk.page\/product\/degrau-dobravel-cinza-mast-step\/"},"modified":"2026-02-25T00:27:46","modified_gmt":"2026-02-25T00:27:46","slug":"degrau-dobravel-cinza-mast-step","status":"publish","type":"product","link":"https:\/\/stoic-curie.212-227-153-4.plesk.page\/pt\/product\/degrau-dobravel-cinza-mast-step\/","title":{"rendered":"Degrau dobr\u00e1vel Cinza  Mast Step"},"content":{"rendered":"<p>Degrau dobr\u00e1vel Cinza  Mast Step  &#8211; <\/p>\n<p>Degrau dobr\u00e1vel de Nylon\/fibra de vidro extremamente leve e resistente. Resistente aos UV, amagn\u00e9tico, aerodin\u00e2mico. Carga m\u00e1xima 140 kg.<\/p>\n","protected":false},"excerpt":{"rendered":"<p>Degrau dobr\u00e1vel Cinza Mast Step &#8211; Degrau dobr\u00e1vel de Nylon\/fibra de vidro extremamente leve e resistente. Resistente aos UV, amagn\u00e9tico,<\/p>\n","protected":false},"featured_media":5938170,"comment_status":"closed","ping_status":"closed","template":"","meta":[],"product_brand":[2877],"product_cat":[2058],"product_tag":[],"class_list":{"0":"post-3694816","1":"product","2":"type-product","3":"status-publish","4":"has-post-thumbnail","6":"product_brand-davis-pt","7":"product_cat-acessorios-para-veleiro","9":"first","10":"instock","11":"shipping-taxable","12":"purchasable","13":"product-type-simple"},"_links":{"self":[{"href":"https:\/\/stoic-curie.212-227-153-4.plesk.page\/pt\/wp-json\/wp\/v2\/product\/3694816","targetHints":{"allow":["GET"]}}],"collection":[{"href":"https:\/\/stoic-curie.212-227-153-4.plesk.page\/pt\/wp-json\/wp\/v2\/product"}],"about":[{"href":"https:\/\/stoic-curie.212-227-153-4.plesk.page\/pt\/wp-json\/wp\/v2\/types\/product"}],"replies":[{"embeddable":true,"href":"https:\/\/stoic-curie.212-227-153-4.plesk.page\/pt\/wp-json\/wp\/v2\/comments?post=3694816"}],"version-history":[{"count":0,"href":"https:\/\/stoic-curie.212-227-153-4.plesk.page\/pt\/wp-json\/wp\/v2\/product\/3694816\/revisions"}],"wp:featuredmedia":[{"embeddable":true,"href":"https:\/\/stoic-curie.212-227-153-4.plesk.page\/pt\/wp-json\/wp\/v2\/media\/5938170"}],"wp:attachment":[{"href":"https:\/\/stoic-curie.212-227-153-4.plesk.page\/pt\/wp-json\/wp\/v2\/media?parent=3694816"}],"wp:term":[{"taxonomy":"product_brand","embeddable":true,"href":"https:\/\/stoic-curie.212-227-153-4.plesk.page\/pt\/wp-json\/wp\/v2\/product_brand?post=3694816"},{"taxonomy":"product_cat","embeddable":true,"href":"https:\/\/stoic-curie.212-227-153-4.plesk.page\/pt\/wp-json\/wp\/v2\/product_cat?post=3694816"},{"taxonomy":"product_tag","embeddable":true,"href":"https:\/\/stoic-curie.212-227-153-4.plesk.page\/pt\/wp-json\/wp\/v2\/product_tag?post=3694816"}],"curies":[{"name":"wp","href":"https:\/\/api.w.org\/{rel}","templated":true}]}}