{"id":3694817,"date":"2025-10-13T14:02:14","date_gmt":"2025-10-13T18:02:14","guid":{"rendered":"https:\/\/stoic-curie.212-227-153-4.plesk.page\/product\/escadas-para-insuflaveis-2-degraus-aluminio\/"},"modified":"2026-02-25T00:27:46","modified_gmt":"2026-02-25T00:27:46","slug":"escadas-para-insuflaveis-2-degraus-aluminio","status":"publish","type":"product","link":"https:\/\/stoic-curie.212-227-153-4.plesk.page\/pt\/product\/escadas-para-insuflaveis-2-degraus-aluminio\/","title":{"rendered":"Escadas para Insufl\u00e1veis 2 Degraus Alum\u00ednio"},"content":{"rendered":"<p>Escadas para Insufl\u00e1veis 2 Degraus Alum\u00ednio &#8211; <\/p>\n<p>Escadas de embarque dobr\u00e1veis em alum\u00ednio anodizado para embarca\u00e7\u00f5es infl\u00e1veis. Inclui duas cordas torcidas de fixa\u00e7\u00e3o.<\/p>\n","protected":false},"excerpt":{"rendered":"<p>Escadas para Insufl\u00e1veis 2 Degraus Alum\u00ednio &#8211; Escadas de embarque dobr\u00e1veis em alum\u00ednio anodizado para embarca\u00e7\u00f5es infl\u00e1veis. Inclui duas cordas<\/p>\n","protected":false},"featured_media":5938193,"comment_status":"closed","ping_status":"closed","template":"","meta":[],"product_brand":[3492],"product_cat":[2126,1905],"product_tag":[],"class_list":{"0":"post-3694817","1":"product","2":"type-product","3":"status-publish","4":"has-post-thumbnail","6":"product_brand-trem-pt","7":"product_cat-acessorios-para-embarcacoes-auxiliares","8":"product_cat-escadas","10":"first","11":"instock","12":"shipping-taxable","13":"purchasable","14":"product-type-simple"},"_links":{"self":[{"href":"https:\/\/stoic-curie.212-227-153-4.plesk.page\/pt\/wp-json\/wp\/v2\/product\/3694817","targetHints":{"allow":["GET"]}}],"collection":[{"href":"https:\/\/stoic-curie.212-227-153-4.plesk.page\/pt\/wp-json\/wp\/v2\/product"}],"about":[{"href":"https:\/\/stoic-curie.212-227-153-4.plesk.page\/pt\/wp-json\/wp\/v2\/types\/product"}],"replies":[{"embeddable":true,"href":"https:\/\/stoic-curie.212-227-153-4.plesk.page\/pt\/wp-json\/wp\/v2\/comments?post=3694817"}],"version-history":[{"count":0,"href":"https:\/\/stoic-curie.212-227-153-4.plesk.page\/pt\/wp-json\/wp\/v2\/product\/3694817\/revisions"}],"wp:featuredmedia":[{"embeddable":true,"href":"https:\/\/stoic-curie.212-227-153-4.plesk.page\/pt\/wp-json\/wp\/v2\/media\/5938193"}],"wp:attachment":[{"href":"https:\/\/stoic-curie.212-227-153-4.plesk.page\/pt\/wp-json\/wp\/v2\/media?parent=3694817"}],"wp:term":[{"taxonomy":"product_brand","embeddable":true,"href":"https:\/\/stoic-curie.212-227-153-4.plesk.page\/pt\/wp-json\/wp\/v2\/product_brand?post=3694817"},{"taxonomy":"product_cat","embeddable":true,"href":"https:\/\/stoic-curie.212-227-153-4.plesk.page\/pt\/wp-json\/wp\/v2\/product_cat?post=3694817"},{"taxonomy":"product_tag","embeddable":true,"href":"https:\/\/stoic-curie.212-227-153-4.plesk.page\/pt\/wp-json\/wp\/v2\/product_tag?post=3694817"}],"curies":[{"name":"wp","href":"https:\/\/api.w.org\/{rel}","templated":true}]}}