{"id":3694818,"date":"2025-10-13T14:02:14","date_gmt":"2025-10-13T18:02:14","guid":{"rendered":"https:\/\/stoic-curie.212-227-153-4.plesk.page\/product\/suporte-externo-de-suporte-em-trilho-suporte-de-plastico-de-10-hp-max\/"},"modified":"2026-02-25T00:27:46","modified_gmt":"2026-02-25T00:27:46","slug":"suporte-externo-de-suporte-em-trilho-suporte-de-plastico-de-10-hp-max","status":"publish","type":"product","link":"https:\/\/stoic-curie.212-227-153-4.plesk.page\/pt\/product\/suporte-externo-de-suporte-em-trilho-suporte-de-plastico-de-10-hp-max\/","title":{"rendered":"Suporte externo de suporte em trilho Suporte de pl\u00e1stico de 10 HP max."},"content":{"rendered":"<p>Suporte externo de suporte em trilho Suporte de pl\u00e1stico de 10 HP max. &#8211; <\/p>\n<p>Suporte de montagem de trilho de pad de pl\u00e1stico refor\u00e7ado para pequenos motores fora de borda. Suporte de tubo em a\u00e7o inoxid\u00e1vel e parafusos. Dimens\u00f5es do pad: 195 x H215 mm. Altura l\u00edquida do suporte de tubo: 260 mm.<\/p>\n","protected":false},"excerpt":{"rendered":"<p>Suporte externo de suporte em trilho Suporte de pl\u00e1stico de 10 HP max. &#8211; Suporte de montagem de trilho de<\/p>\n","protected":false},"featured_media":5938227,"comment_status":"closed","ping_status":"closed","template":"","meta":[],"product_brand":[3492],"product_cat":[2114,2127],"product_tag":[],"class_list":{"0":"post-3694818","1":"product","2":"type-product","3":"status-publish","4":"has-post-thumbnail","6":"product_brand-trem-pt","7":"product_cat-acessorios-para-motores-fora-de-bordo","8":"product_cat-turcos","10":"first","11":"instock","12":"shipping-taxable","13":"purchasable","14":"product-type-simple"},"_links":{"self":[{"href":"https:\/\/stoic-curie.212-227-153-4.plesk.page\/pt\/wp-json\/wp\/v2\/product\/3694818","targetHints":{"allow":["GET"]}}],"collection":[{"href":"https:\/\/stoic-curie.212-227-153-4.plesk.page\/pt\/wp-json\/wp\/v2\/product"}],"about":[{"href":"https:\/\/stoic-curie.212-227-153-4.plesk.page\/pt\/wp-json\/wp\/v2\/types\/product"}],"replies":[{"embeddable":true,"href":"https:\/\/stoic-curie.212-227-153-4.plesk.page\/pt\/wp-json\/wp\/v2\/comments?post=3694818"}],"version-history":[{"count":0,"href":"https:\/\/stoic-curie.212-227-153-4.plesk.page\/pt\/wp-json\/wp\/v2\/product\/3694818\/revisions"}],"wp:featuredmedia":[{"embeddable":true,"href":"https:\/\/stoic-curie.212-227-153-4.plesk.page\/pt\/wp-json\/wp\/v2\/media\/5938227"}],"wp:attachment":[{"href":"https:\/\/stoic-curie.212-227-153-4.plesk.page\/pt\/wp-json\/wp\/v2\/media?parent=3694818"}],"wp:term":[{"taxonomy":"product_brand","embeddable":true,"href":"https:\/\/stoic-curie.212-227-153-4.plesk.page\/pt\/wp-json\/wp\/v2\/product_brand?post=3694818"},{"taxonomy":"product_cat","embeddable":true,"href":"https:\/\/stoic-curie.212-227-153-4.plesk.page\/pt\/wp-json\/wp\/v2\/product_cat?post=3694818"},{"taxonomy":"product_tag","embeddable":true,"href":"https:\/\/stoic-curie.212-227-153-4.plesk.page\/pt\/wp-json\/wp\/v2\/product_tag?post=3694818"}],"curies":[{"name":"wp","href":"https:\/\/api.w.org\/{rel}","templated":true}]}}