{"id":3694829,"date":"2025-10-13T14:02:17","date_gmt":"2025-10-13T18:02:17","guid":{"rendered":"https:\/\/stoic-curie.212-227-153-4.plesk.page\/product\/junta-aberta-t-inclinada-60-graus-d22mm-aco-inoxidavel\/"},"modified":"2026-02-25T00:27:47","modified_gmt":"2026-02-25T00:27:47","slug":"junta-aberta-t-inclinada-60-graus-d22mm-aco-inoxidavel","status":"publish","type":"product","link":"https:\/\/stoic-curie.212-227-153-4.plesk.page\/pt\/product\/junta-aberta-t-inclinada-60-graus-d22mm-aco-inoxidavel\/","title":{"rendered":"Junta aberta T inclinada 60 graus D22mm a\u00e7o inoxid\u00e1vel"},"content":{"rendered":"<p>Junta aberta T inclinada 60 graus D22mm a\u00e7o inoxid\u00e1vel &#8211; <\/p>\n<p>Conector T em a\u00e7o inoxid\u00e1vel 316 fundido e polido com \u00e2ngulo de 60\u00b0.<\/p>\n","protected":false},"excerpt":{"rendered":"<p>Junta aberta T inclinada 60 graus D22mm a\u00e7o inoxid\u00e1vel &#8211; Conector T em a\u00e7o inoxid\u00e1vel 316 fundido e polido com<\/p>\n","protected":false},"featured_media":5938254,"comment_status":"closed","ping_status":"closed","template":"","meta":[],"product_brand":[3122],"product_cat":[1987,1994],"product_tag":[],"class_list":{"0":"post-3694829","1":"product","2":"type-product","3":"status-publish","4":"has-post-thumbnail","6":"product_brand-marinetech-pt","7":"product_cat-acessorios-para-corrimao","8":"product_cat-corrimoes","10":"first","11":"instock","12":"shipping-taxable","13":"purchasable","14":"product-type-simple"},"_links":{"self":[{"href":"https:\/\/stoic-curie.212-227-153-4.plesk.page\/pt\/wp-json\/wp\/v2\/product\/3694829","targetHints":{"allow":["GET"]}}],"collection":[{"href":"https:\/\/stoic-curie.212-227-153-4.plesk.page\/pt\/wp-json\/wp\/v2\/product"}],"about":[{"href":"https:\/\/stoic-curie.212-227-153-4.plesk.page\/pt\/wp-json\/wp\/v2\/types\/product"}],"replies":[{"embeddable":true,"href":"https:\/\/stoic-curie.212-227-153-4.plesk.page\/pt\/wp-json\/wp\/v2\/comments?post=3694829"}],"version-history":[{"count":0,"href":"https:\/\/stoic-curie.212-227-153-4.plesk.page\/pt\/wp-json\/wp\/v2\/product\/3694829\/revisions"}],"wp:featuredmedia":[{"embeddable":true,"href":"https:\/\/stoic-curie.212-227-153-4.plesk.page\/pt\/wp-json\/wp\/v2\/media\/5938254"}],"wp:attachment":[{"href":"https:\/\/stoic-curie.212-227-153-4.plesk.page\/pt\/wp-json\/wp\/v2\/media?parent=3694829"}],"wp:term":[{"taxonomy":"product_brand","embeddable":true,"href":"https:\/\/stoic-curie.212-227-153-4.plesk.page\/pt\/wp-json\/wp\/v2\/product_brand?post=3694829"},{"taxonomy":"product_cat","embeddable":true,"href":"https:\/\/stoic-curie.212-227-153-4.plesk.page\/pt\/wp-json\/wp\/v2\/product_cat?post=3694829"},{"taxonomy":"product_tag","embeddable":true,"href":"https:\/\/stoic-curie.212-227-153-4.plesk.page\/pt\/wp-json\/wp\/v2\/product_tag?post=3694829"}],"curies":[{"name":"wp","href":"https:\/\/api.w.org\/{rel}","templated":true}]}}