{"id":3694832,"date":"2025-10-13T14:02:18","date_gmt":"2025-10-13T18:02:18","guid":{"rendered":"https:\/\/stoic-curie.212-227-153-4.plesk.page\/product\/plataforma-e-escada-sobressalente-com-tubo-de-encaixe-de-25-mm\/"},"modified":"2026-02-25T00:27:47","modified_gmt":"2026-02-25T00:27:47","slug":"plataforma-e-escada-sobressalente-com-tubo-de-encaixe-de-25-mm","status":"publish","type":"product","link":"https:\/\/stoic-curie.212-227-153-4.plesk.page\/pt\/product\/plataforma-e-escada-sobressalente-com-tubo-de-encaixe-de-25-mm\/","title":{"rendered":"Plataforma e escada sobressalente com tubo de encaixe de 25 mm"},"content":{"rendered":"<p>Plataforma e escada sobressalente com tubo de encaixe de 25 mm &#8211; <\/p>\n<p>Articula\u00e7\u00e3o de base sobressalente em a\u00e7o inoxid\u00e1vel para plataformas de nata\u00e7\u00e3o e escadas de popa.<\/p>\n","protected":false},"excerpt":{"rendered":"<p>Plataforma e escada sobressalente com tubo de encaixe de 25 mm &#8211; Articula\u00e7\u00e3o de base sobressalente em a\u00e7o inoxid\u00e1vel para<\/p>\n","protected":false},"featured_media":5938259,"comment_status":"closed","ping_status":"closed","template":"","meta":[],"product_brand":[3492],"product_cat":[1905,1901,1981],"product_tag":[],"class_list":{"0":"post-3694832","1":"product","2":"type-product","3":"status-publish","4":"has-post-thumbnail","6":"product_brand-trem-pt","7":"product_cat-escadas","8":"product_cat-plataforma-para-banho-mergulho","9":"product_cat-plataformas-de-popa-hardware-nautico","11":"first","12":"instock","13":"shipping-taxable","14":"purchasable","15":"product-type-simple"},"_links":{"self":[{"href":"https:\/\/stoic-curie.212-227-153-4.plesk.page\/pt\/wp-json\/wp\/v2\/product\/3694832","targetHints":{"allow":["GET"]}}],"collection":[{"href":"https:\/\/stoic-curie.212-227-153-4.plesk.page\/pt\/wp-json\/wp\/v2\/product"}],"about":[{"href":"https:\/\/stoic-curie.212-227-153-4.plesk.page\/pt\/wp-json\/wp\/v2\/types\/product"}],"replies":[{"embeddable":true,"href":"https:\/\/stoic-curie.212-227-153-4.plesk.page\/pt\/wp-json\/wp\/v2\/comments?post=3694832"}],"version-history":[{"count":0,"href":"https:\/\/stoic-curie.212-227-153-4.plesk.page\/pt\/wp-json\/wp\/v2\/product\/3694832\/revisions"}],"wp:featuredmedia":[{"embeddable":true,"href":"https:\/\/stoic-curie.212-227-153-4.plesk.page\/pt\/wp-json\/wp\/v2\/media\/5938259"}],"wp:attachment":[{"href":"https:\/\/stoic-curie.212-227-153-4.plesk.page\/pt\/wp-json\/wp\/v2\/media?parent=3694832"}],"wp:term":[{"taxonomy":"product_brand","embeddable":true,"href":"https:\/\/stoic-curie.212-227-153-4.plesk.page\/pt\/wp-json\/wp\/v2\/product_brand?post=3694832"},{"taxonomy":"product_cat","embeddable":true,"href":"https:\/\/stoic-curie.212-227-153-4.plesk.page\/pt\/wp-json\/wp\/v2\/product_cat?post=3694832"},{"taxonomy":"product_tag","embeddable":true,"href":"https:\/\/stoic-curie.212-227-153-4.plesk.page\/pt\/wp-json\/wp\/v2\/product_tag?post=3694832"}],"curies":[{"name":"wp","href":"https:\/\/api.w.org\/{rel}","templated":true}]}}