{"id":3694833,"date":"2025-10-13T14:02:19","date_gmt":"2025-10-13T18:02:19","guid":{"rendered":"https:\/\/stoic-curie.212-227-153-4.plesk.page\/product\/croque-de-amarracao-150cm-alu\/"},"modified":"2026-02-25T00:27:47","modified_gmt":"2026-02-25T00:27:47","slug":"croque-de-amarracao-150cm-alu","status":"publish","type":"product","link":"https:\/\/stoic-curie.212-227-153-4.plesk.page\/pt\/product\/croque-de-amarracao-150cm-alu\/","title":{"rendered":"Croque de Amarra\u00e7\u00e3o 150cm Alu"},"content":{"rendered":"<p>Croque de Amarra\u00e7\u00e3o 150cm Alu &#8211; <\/p>\n<p>P\u00f3lo de alum\u00ednio anodizado e ponta de gancho de pl\u00e1stico. Cabo ergon\u00f4mico para uma pegada confort\u00e1vel e segura.<\/p>\n","protected":false},"excerpt":{"rendered":"<p>Croque de Amarra\u00e7\u00e3o 150cm Alu &#8211; P\u00f3lo de alum\u00ednio anodizado e ponta de gancho de pl\u00e1stico. Cabo ergon\u00f4mico para uma<\/p>\n","protected":false},"featured_media":5938279,"comment_status":"closed","ping_status":"closed","template":"","meta":[],"product_brand":[3492],"product_cat":[1903],"product_tag":[],"class_list":{"0":"post-3694833","1":"product","2":"type-product","3":"status-publish","4":"has-post-thumbnail","6":"product_brand-trem-pt","7":"product_cat-ganchos-de-amarracao-e-ancoragem","9":"first","10":"instock","11":"shipping-taxable","12":"purchasable","13":"product-type-simple"},"_links":{"self":[{"href":"https:\/\/stoic-curie.212-227-153-4.plesk.page\/pt\/wp-json\/wp\/v2\/product\/3694833","targetHints":{"allow":["GET"]}}],"collection":[{"href":"https:\/\/stoic-curie.212-227-153-4.plesk.page\/pt\/wp-json\/wp\/v2\/product"}],"about":[{"href":"https:\/\/stoic-curie.212-227-153-4.plesk.page\/pt\/wp-json\/wp\/v2\/types\/product"}],"replies":[{"embeddable":true,"href":"https:\/\/stoic-curie.212-227-153-4.plesk.page\/pt\/wp-json\/wp\/v2\/comments?post=3694833"}],"version-history":[{"count":0,"href":"https:\/\/stoic-curie.212-227-153-4.plesk.page\/pt\/wp-json\/wp\/v2\/product\/3694833\/revisions"}],"wp:featuredmedia":[{"embeddable":true,"href":"https:\/\/stoic-curie.212-227-153-4.plesk.page\/pt\/wp-json\/wp\/v2\/media\/5938279"}],"wp:attachment":[{"href":"https:\/\/stoic-curie.212-227-153-4.plesk.page\/pt\/wp-json\/wp\/v2\/media?parent=3694833"}],"wp:term":[{"taxonomy":"product_brand","embeddable":true,"href":"https:\/\/stoic-curie.212-227-153-4.plesk.page\/pt\/wp-json\/wp\/v2\/product_brand?post=3694833"},{"taxonomy":"product_cat","embeddable":true,"href":"https:\/\/stoic-curie.212-227-153-4.plesk.page\/pt\/wp-json\/wp\/v2\/product_cat?post=3694833"},{"taxonomy":"product_tag","embeddable":true,"href":"https:\/\/stoic-curie.212-227-153-4.plesk.page\/pt\/wp-json\/wp\/v2\/product_tag?post=3694833"}],"curies":[{"name":"wp","href":"https:\/\/api.w.org\/{rel}","templated":true}]}}