{"id":3694835,"date":"2025-10-13T14:02:19","date_gmt":"2025-10-13T18:02:19","guid":{"rendered":"https:\/\/stoic-curie.212-227-153-4.plesk.page\/product\/croque-telescopio-easy-boathook-120-200-cm\/"},"modified":"2026-02-25T00:27:47","modified_gmt":"2026-02-25T00:27:47","slug":"croque-telescopio-easy-boathook-120-200-cm","status":"publish","type":"product","link":"https:\/\/stoic-curie.212-227-153-4.plesk.page\/pt\/product\/croque-telescopio-easy-boathook-120-200-cm\/","title":{"rendered":"Croque telesc\u00f3pio Easy Boathook 120 &lt;&gt; 200 cm"},"content":{"rendered":"<p>Croque telesc\u00f3pio Easy Boathook 120 <> 200 cm &#8211; <\/p>\n<p>Remo telesc\u00f3pico para barco com mastro de alum\u00ednio anodizado e ponta de gancho de pl\u00e1stico. Dois punhos ergon\u00f4micos proporcionam uma pegada confort\u00e1vel e segura.<\/p>\n","protected":false},"excerpt":{"rendered":"<p>Croque telesc\u00f3pio Easy Boathook 120 200 cm &#8211; Remo telesc\u00f3pico para barco com mastro de alum\u00ednio anodizado e ponta de<\/p>\n","protected":false},"featured_media":5938280,"comment_status":"closed","ping_status":"closed","template":"","meta":[],"product_brand":[2837],"product_cat":[1903],"product_tag":[],"class_list":{"0":"post-3694835","1":"product","2":"type-product","3":"status-publish","4":"has-post-thumbnail","6":"product_brand-boatasy-pt","7":"product_cat-ganchos-de-amarracao-e-ancoragem","9":"first","10":"instock","11":"shipping-taxable","12":"purchasable","13":"product-type-simple"},"_links":{"self":[{"href":"https:\/\/stoic-curie.212-227-153-4.plesk.page\/pt\/wp-json\/wp\/v2\/product\/3694835","targetHints":{"allow":["GET"]}}],"collection":[{"href":"https:\/\/stoic-curie.212-227-153-4.plesk.page\/pt\/wp-json\/wp\/v2\/product"}],"about":[{"href":"https:\/\/stoic-curie.212-227-153-4.plesk.page\/pt\/wp-json\/wp\/v2\/types\/product"}],"replies":[{"embeddable":true,"href":"https:\/\/stoic-curie.212-227-153-4.plesk.page\/pt\/wp-json\/wp\/v2\/comments?post=3694835"}],"version-history":[{"count":0,"href":"https:\/\/stoic-curie.212-227-153-4.plesk.page\/pt\/wp-json\/wp\/v2\/product\/3694835\/revisions"}],"wp:featuredmedia":[{"embeddable":true,"href":"https:\/\/stoic-curie.212-227-153-4.plesk.page\/pt\/wp-json\/wp\/v2\/media\/5938280"}],"wp:attachment":[{"href":"https:\/\/stoic-curie.212-227-153-4.plesk.page\/pt\/wp-json\/wp\/v2\/media?parent=3694835"}],"wp:term":[{"taxonomy":"product_brand","embeddable":true,"href":"https:\/\/stoic-curie.212-227-153-4.plesk.page\/pt\/wp-json\/wp\/v2\/product_brand?post=3694835"},{"taxonomy":"product_cat","embeddable":true,"href":"https:\/\/stoic-curie.212-227-153-4.plesk.page\/pt\/wp-json\/wp\/v2\/product_cat?post=3694835"},{"taxonomy":"product_tag","embeddable":true,"href":"https:\/\/stoic-curie.212-227-153-4.plesk.page\/pt\/wp-json\/wp\/v2\/product_tag?post=3694835"}],"curies":[{"name":"wp","href":"https:\/\/api.w.org\/{rel}","templated":true}]}}