{"id":3694836,"date":"2025-10-13T14:02:20","date_gmt":"2025-10-13T18:02:20","guid":{"rendered":"https:\/\/stoic-curie.212-227-153-4.plesk.page\/product\/remos-de-aluminio-185cm\/"},"modified":"2026-02-25T00:27:47","modified_gmt":"2026-02-25T00:27:47","slug":"remos-de-aluminio-185cm","status":"publish","type":"product","link":"https:\/\/stoic-curie.212-227-153-4.plesk.page\/pt\/product\/remos-de-aluminio-185cm\/","title":{"rendered":"Remos de Alum\u00ednio 185cm"},"content":{"rendered":"<p>Remos de Alum\u00ednio 185cm &#8211; <\/p>\n<p>Remo com cabo de alum\u00ednio anodizado e l\u00e2mina de pl\u00e1stico.<\/p>\n","protected":false},"excerpt":{"rendered":"<p>Remos de Alum\u00ednio 185cm &#8211; Remo com cabo de alum\u00ednio anodizado e l\u00e2mina de pl\u00e1stico.<\/p>\n","protected":false},"featured_media":5938283,"comment_status":"closed","ping_status":"closed","template":"","meta":[],"product_brand":[2852],"product_cat":[2123],"product_tag":[],"class_list":{"0":"post-3694836","1":"product","2":"type-product","3":"status-publish","4":"has-post-thumbnail","6":"product_brand-bravo-scoprega-pt","7":"product_cat-remos-e-pagaias","9":"first","10":"instock","11":"shipping-taxable","12":"purchasable","13":"product-type-simple"},"_links":{"self":[{"href":"https:\/\/stoic-curie.212-227-153-4.plesk.page\/pt\/wp-json\/wp\/v2\/product\/3694836","targetHints":{"allow":["GET"]}}],"collection":[{"href":"https:\/\/stoic-curie.212-227-153-4.plesk.page\/pt\/wp-json\/wp\/v2\/product"}],"about":[{"href":"https:\/\/stoic-curie.212-227-153-4.plesk.page\/pt\/wp-json\/wp\/v2\/types\/product"}],"replies":[{"embeddable":true,"href":"https:\/\/stoic-curie.212-227-153-4.plesk.page\/pt\/wp-json\/wp\/v2\/comments?post=3694836"}],"version-history":[{"count":0,"href":"https:\/\/stoic-curie.212-227-153-4.plesk.page\/pt\/wp-json\/wp\/v2\/product\/3694836\/revisions"}],"wp:featuredmedia":[{"embeddable":true,"href":"https:\/\/stoic-curie.212-227-153-4.plesk.page\/pt\/wp-json\/wp\/v2\/media\/5938283"}],"wp:attachment":[{"href":"https:\/\/stoic-curie.212-227-153-4.plesk.page\/pt\/wp-json\/wp\/v2\/media?parent=3694836"}],"wp:term":[{"taxonomy":"product_brand","embeddable":true,"href":"https:\/\/stoic-curie.212-227-153-4.plesk.page\/pt\/wp-json\/wp\/v2\/product_brand?post=3694836"},{"taxonomy":"product_cat","embeddable":true,"href":"https:\/\/stoic-curie.212-227-153-4.plesk.page\/pt\/wp-json\/wp\/v2\/product_cat?post=3694836"},{"taxonomy":"product_tag","embeddable":true,"href":"https:\/\/stoic-curie.212-227-153-4.plesk.page\/pt\/wp-json\/wp\/v2\/product_tag?post=3694836"}],"curies":[{"name":"wp","href":"https:\/\/api.w.org\/{rel}","templated":true}]}}