{"id":3694839,"date":"2025-10-13T14:02:21","date_gmt":"2025-10-13T18:02:21","guid":{"rendered":"https:\/\/stoic-curie.212-227-153-4.plesk.page\/product\/remo-em-aluminio-com-croque-140cm\/"},"modified":"2026-02-25T00:27:47","modified_gmt":"2026-02-25T00:27:47","slug":"remo-em-aluminio-com-croque-140cm","status":"publish","type":"product","link":"https:\/\/stoic-curie.212-227-153-4.plesk.page\/pt\/product\/remo-em-aluminio-com-croque-140cm\/","title":{"rendered":"Remo em Alum\u00ednio com Croque 140cm"},"content":{"rendered":"<p>Remo em Alum\u00ednio com Croque 140cm &#8211; <\/p>\n<p>Eixo de alum\u00ednio anodizado e remo de pl\u00e1stico.<\/p>\n","protected":false},"excerpt":{"rendered":"<p>Remo em Alum\u00ednio com Croque 140cm &#8211; Eixo de alum\u00ednio anodizado e remo de pl\u00e1stico.<\/p>\n","protected":false},"featured_media":5938287,"comment_status":"closed","ping_status":"closed","template":"","meta":[],"product_brand":[2852],"product_cat":[1903,2123],"product_tag":[],"class_list":{"0":"post-3694839","1":"product","2":"type-product","3":"status-publish","4":"has-post-thumbnail","6":"product_brand-bravo-scoprega-pt","7":"product_cat-ganchos-de-amarracao-e-ancoragem","8":"product_cat-remos-e-pagaias","10":"first","11":"instock","12":"shipping-taxable","13":"purchasable","14":"product-type-simple"},"_links":{"self":[{"href":"https:\/\/stoic-curie.212-227-153-4.plesk.page\/pt\/wp-json\/wp\/v2\/product\/3694839","targetHints":{"allow":["GET"]}}],"collection":[{"href":"https:\/\/stoic-curie.212-227-153-4.plesk.page\/pt\/wp-json\/wp\/v2\/product"}],"about":[{"href":"https:\/\/stoic-curie.212-227-153-4.plesk.page\/pt\/wp-json\/wp\/v2\/types\/product"}],"replies":[{"embeddable":true,"href":"https:\/\/stoic-curie.212-227-153-4.plesk.page\/pt\/wp-json\/wp\/v2\/comments?post=3694839"}],"version-history":[{"count":0,"href":"https:\/\/stoic-curie.212-227-153-4.plesk.page\/pt\/wp-json\/wp\/v2\/product\/3694839\/revisions"}],"wp:featuredmedia":[{"embeddable":true,"href":"https:\/\/stoic-curie.212-227-153-4.plesk.page\/pt\/wp-json\/wp\/v2\/media\/5938287"}],"wp:attachment":[{"href":"https:\/\/stoic-curie.212-227-153-4.plesk.page\/pt\/wp-json\/wp\/v2\/media?parent=3694839"}],"wp:term":[{"taxonomy":"product_brand","embeddable":true,"href":"https:\/\/stoic-curie.212-227-153-4.plesk.page\/pt\/wp-json\/wp\/v2\/product_brand?post=3694839"},{"taxonomy":"product_cat","embeddable":true,"href":"https:\/\/stoic-curie.212-227-153-4.plesk.page\/pt\/wp-json\/wp\/v2\/product_cat?post=3694839"},{"taxonomy":"product_tag","embeddable":true,"href":"https:\/\/stoic-curie.212-227-153-4.plesk.page\/pt\/wp-json\/wp\/v2\/product_tag?post=3694839"}],"curies":[{"name":"wp","href":"https:\/\/api.w.org\/{rel}","templated":true}]}}