{"id":3694843,"date":"2025-10-13T14:02:22","date_gmt":"2025-10-13T18:02:22","guid":{"rendered":"https:\/\/stoic-curie.212-227-153-4.plesk.page\/product\/mosquetao-telescopio-branco-de-cor-branco-120-200-cm\/"},"modified":"2026-02-25T00:27:47","modified_gmt":"2026-02-25T00:27:47","slug":"mosquetao-telescopio-branco-de-cor-branco-120-200-cm","status":"publish","type":"product","link":"https:\/\/stoic-curie.212-227-153-4.plesk.page\/pt\/product\/mosquetao-telescopio-branco-de-cor-branco-120-200-cm\/","title":{"rendered":"Mosquet\u00e3o telesc\u00f3pio branco de cor branco 120 &lt;&gt; 200 cm"},"content":{"rendered":"<p>Mosquet\u00e3o telesc\u00f3pio branco de cor branco 120 <> 200 cm &#8211; <\/p>\n<p>Garrote telesc\u00f3pico de alum\u00ednio anodizado com ponta de gancho de pl\u00e1stico. Dois cabos ergon\u00f4micos para um agarre confort\u00e1vel e seguro. Cores brilhantes e laqueadas para uma longa vida \u00fatil.<\/p>\n","protected":false},"excerpt":{"rendered":"<p>Mosquet\u00e3o telesc\u00f3pio branco de cor branco 120 200 cm &#8211; Garrote telesc\u00f3pico de alum\u00ednio anodizado com ponta de gancho de<\/p>\n","protected":false},"featured_media":5938293,"comment_status":"closed","ping_status":"closed","template":"","meta":[],"product_brand":[2837],"product_cat":[1903],"product_tag":[],"class_list":{"0":"post-3694843","1":"product","2":"type-product","3":"status-publish","4":"has-post-thumbnail","6":"product_brand-boatasy-pt","7":"product_cat-ganchos-de-amarracao-e-ancoragem","9":"first","10":"instock","11":"shipping-taxable","12":"purchasable","13":"product-type-simple"},"_links":{"self":[{"href":"https:\/\/stoic-curie.212-227-153-4.plesk.page\/pt\/wp-json\/wp\/v2\/product\/3694843","targetHints":{"allow":["GET"]}}],"collection":[{"href":"https:\/\/stoic-curie.212-227-153-4.plesk.page\/pt\/wp-json\/wp\/v2\/product"}],"about":[{"href":"https:\/\/stoic-curie.212-227-153-4.plesk.page\/pt\/wp-json\/wp\/v2\/types\/product"}],"replies":[{"embeddable":true,"href":"https:\/\/stoic-curie.212-227-153-4.plesk.page\/pt\/wp-json\/wp\/v2\/comments?post=3694843"}],"version-history":[{"count":0,"href":"https:\/\/stoic-curie.212-227-153-4.plesk.page\/pt\/wp-json\/wp\/v2\/product\/3694843\/revisions"}],"wp:featuredmedia":[{"embeddable":true,"href":"https:\/\/stoic-curie.212-227-153-4.plesk.page\/pt\/wp-json\/wp\/v2\/media\/5938293"}],"wp:attachment":[{"href":"https:\/\/stoic-curie.212-227-153-4.plesk.page\/pt\/wp-json\/wp\/v2\/media?parent=3694843"}],"wp:term":[{"taxonomy":"product_brand","embeddable":true,"href":"https:\/\/stoic-curie.212-227-153-4.plesk.page\/pt\/wp-json\/wp\/v2\/product_brand?post=3694843"},{"taxonomy":"product_cat","embeddable":true,"href":"https:\/\/stoic-curie.212-227-153-4.plesk.page\/pt\/wp-json\/wp\/v2\/product_cat?post=3694843"},{"taxonomy":"product_tag","embeddable":true,"href":"https:\/\/stoic-curie.212-227-153-4.plesk.page\/pt\/wp-json\/wp\/v2\/product_tag?post=3694843"}],"curies":[{"name":"wp","href":"https:\/\/api.w.org\/{rel}","templated":true}]}}