{"id":3694845,"date":"2025-10-13T14:02:22","date_gmt":"2025-10-13T18:02:22","guid":{"rendered":"https:\/\/stoic-curie.212-227-153-4.plesk.page\/product\/kong-mosquetao-amarracao-croque\/"},"modified":"2026-02-25T00:27:47","modified_gmt":"2026-02-25T00:27:47","slug":"kong-mosquetao-amarracao-croque","status":"publish","type":"product","link":"https:\/\/stoic-curie.212-227-153-4.plesk.page\/pt\/product\/kong-mosquetao-amarracao-croque\/","title":{"rendered":"Kong Mosquet\u00e3o Amarra\u00e7\u00e3o Croque"},"content":{"rendered":"<p>Kong Mosquet\u00e3o Amarra\u00e7\u00e3o Croque &#8211; <\/p>\n<p>O mosquet\u00e3o de a\u00e7o inoxid\u00e1vel para ancoragem vem equipado com um conector de baioneta para gancho de barco. Ele se conecta ao furo da b\u00f3ia de ancoragem e, quando o gancho \u00e9 recuperado, o mosquet\u00e3o permanece preso \u00e0 b\u00f3ia.<\/p>\n","protected":false},"excerpt":{"rendered":"<p>Kong Mosquet\u00e3o Amarra\u00e7\u00e3o Croque &#8211; O mosquet\u00e3o de a\u00e7o inoxid\u00e1vel para ancoragem vem equipado com um conector de baioneta para<\/p>\n","protected":false},"featured_media":5938298,"comment_status":"closed","ping_status":"closed","template":"","meta":[],"product_brand":[3052],"product_cat":[1903],"product_tag":[],"class_list":{"0":"post-3694845","1":"product","2":"type-product","3":"status-publish","4":"has-post-thumbnail","6":"product_brand-kong-pt","7":"product_cat-ganchos-de-amarracao-e-ancoragem","9":"first","10":"instock","11":"shipping-taxable","12":"purchasable","13":"product-type-simple"},"_links":{"self":[{"href":"https:\/\/stoic-curie.212-227-153-4.plesk.page\/pt\/wp-json\/wp\/v2\/product\/3694845","targetHints":{"allow":["GET"]}}],"collection":[{"href":"https:\/\/stoic-curie.212-227-153-4.plesk.page\/pt\/wp-json\/wp\/v2\/product"}],"about":[{"href":"https:\/\/stoic-curie.212-227-153-4.plesk.page\/pt\/wp-json\/wp\/v2\/types\/product"}],"replies":[{"embeddable":true,"href":"https:\/\/stoic-curie.212-227-153-4.plesk.page\/pt\/wp-json\/wp\/v2\/comments?post=3694845"}],"version-history":[{"count":0,"href":"https:\/\/stoic-curie.212-227-153-4.plesk.page\/pt\/wp-json\/wp\/v2\/product\/3694845\/revisions"}],"wp:featuredmedia":[{"embeddable":true,"href":"https:\/\/stoic-curie.212-227-153-4.plesk.page\/pt\/wp-json\/wp\/v2\/media\/5938298"}],"wp:attachment":[{"href":"https:\/\/stoic-curie.212-227-153-4.plesk.page\/pt\/wp-json\/wp\/v2\/media?parent=3694845"}],"wp:term":[{"taxonomy":"product_brand","embeddable":true,"href":"https:\/\/stoic-curie.212-227-153-4.plesk.page\/pt\/wp-json\/wp\/v2\/product_brand?post=3694845"},{"taxonomy":"product_cat","embeddable":true,"href":"https:\/\/stoic-curie.212-227-153-4.plesk.page\/pt\/wp-json\/wp\/v2\/product_cat?post=3694845"},{"taxonomy":"product_tag","embeddable":true,"href":"https:\/\/stoic-curie.212-227-153-4.plesk.page\/pt\/wp-json\/wp\/v2\/product_tag?post=3694845"}],"curies":[{"name":"wp","href":"https:\/\/api.w.org\/{rel}","templated":true}]}}