{"id":3695044,"date":"2025-10-13T14:03:21","date_gmt":"2025-10-13T18:03:21","guid":{"rendered":"https:\/\/stoic-curie.212-227-153-4.plesk.page\/product\/valvula-de-3-vias-de-pvc-de-38-mm\/"},"modified":"2026-02-25T00:27:47","modified_gmt":"2026-02-25T00:27:47","slug":"valvula-de-3-vias-de-pvc-de-38-mm","status":"publish","type":"product","link":"https:\/\/stoic-curie.212-227-153-4.plesk.page\/pt\/product\/valvula-de-3-vias-de-pvc-de-38-mm\/","title":{"rendered":"V\u00e1lvula de 3 vias de PVC de 38 mm"},"content":{"rendered":"<p>V\u00e1lvula de 3 vias de PVC de 38 mm &#8211; <\/p>\n<p>V\u00e1lvulas pl\u00e1sticas leves de 3 vias para sistemas de baixa press\u00e3o.<\/p>\n","protected":false},"excerpt":{"rendered":"<p>V\u00e1lvula de 3 vias de PVC de 38 mm &#8211; V\u00e1lvulas pl\u00e1sticas leves de 3 vias para sistemas de baixa<\/p>\n","protected":false},"featured_media":5938633,"comment_status":"closed","ping_status":"closed","template":"","meta":[],"product_brand":[3492],"product_cat":[1948,1936,1957],"product_tag":[],"class_list":{"0":"post-3695044","1":"product","2":"type-product","3":"status-publish","4":"has-post-thumbnail","6":"product_brand-trem-pt","7":"product_cat-acessorios-para-canalizacao-de-plastico","8":"product_cat-tanques-de-aguas-residuais","9":"product_cat-valvulas-maritimas","11":"first","12":"instock","13":"shipping-taxable","14":"purchasable","15":"product-type-simple"},"_links":{"self":[{"href":"https:\/\/stoic-curie.212-227-153-4.plesk.page\/pt\/wp-json\/wp\/v2\/product\/3695044","targetHints":{"allow":["GET"]}}],"collection":[{"href":"https:\/\/stoic-curie.212-227-153-4.plesk.page\/pt\/wp-json\/wp\/v2\/product"}],"about":[{"href":"https:\/\/stoic-curie.212-227-153-4.plesk.page\/pt\/wp-json\/wp\/v2\/types\/product"}],"replies":[{"embeddable":true,"href":"https:\/\/stoic-curie.212-227-153-4.plesk.page\/pt\/wp-json\/wp\/v2\/comments?post=3695044"}],"version-history":[{"count":0,"href":"https:\/\/stoic-curie.212-227-153-4.plesk.page\/pt\/wp-json\/wp\/v2\/product\/3695044\/revisions"}],"wp:featuredmedia":[{"embeddable":true,"href":"https:\/\/stoic-curie.212-227-153-4.plesk.page\/pt\/wp-json\/wp\/v2\/media\/5938633"}],"wp:attachment":[{"href":"https:\/\/stoic-curie.212-227-153-4.plesk.page\/pt\/wp-json\/wp\/v2\/media?parent=3695044"}],"wp:term":[{"taxonomy":"product_brand","embeddable":true,"href":"https:\/\/stoic-curie.212-227-153-4.plesk.page\/pt\/wp-json\/wp\/v2\/product_brand?post=3695044"},{"taxonomy":"product_cat","embeddable":true,"href":"https:\/\/stoic-curie.212-227-153-4.plesk.page\/pt\/wp-json\/wp\/v2\/product_cat?post=3695044"},{"taxonomy":"product_tag","embeddable":true,"href":"https:\/\/stoic-curie.212-227-153-4.plesk.page\/pt\/wp-json\/wp\/v2\/product_tag?post=3695044"}],"curies":[{"name":"wp","href":"https:\/\/api.w.org\/{rel}","templated":true}]}}