{"id":3695052,"date":"2025-10-13T14:03:23","date_gmt":"2025-10-13T18:03:23","guid":{"rendered":"https:\/\/stoic-curie.212-227-153-4.plesk.page\/product\/tampao-de-drenagem-expansivel-branco-de-40mm\/"},"modified":"2026-02-25T00:27:47","modified_gmt":"2026-02-25T00:27:47","slug":"tampao-de-drenagem-expansivel-branco-de-40mm","status":"publish","type":"product","link":"https:\/\/stoic-curie.212-227-153-4.plesk.page\/pt\/product\/tampao-de-drenagem-expansivel-branco-de-40mm\/","title":{"rendered":"Tamp\u00e3o de drenagem expans\u00edvel branco de 40mm"},"content":{"rendered":"<p>Tamp\u00e3o de drenagem expans\u00edvel branco de 40mm &#8211; <\/p>\n<p>Tamp\u00e3o de drenagem grande em pl\u00e1stico e PVC em expans\u00e3o.<\/p>\n","protected":false},"excerpt":{"rendered":"<p>Tamp\u00e3o de drenagem expans\u00edvel branco de 40mm &#8211; Tamp\u00e3o de drenagem grande em pl\u00e1stico e PVC em expans\u00e3o.<\/p>\n","protected":false},"featured_media":5938643,"comment_status":"closed","ping_status":"closed","template":"","meta":[],"product_brand":[2862],"product_cat":[1954],"product_tag":[],"class_list":{"0":"post-3695052","1":"product","2":"type-product","3":"status-publish","4":"has-post-thumbnail","6":"product_brand-ceredi-pt","7":"product_cat-bujoes-de-drenagem","9":"first","10":"instock","11":"shipping-taxable","12":"purchasable","13":"product-type-simple"},"_links":{"self":[{"href":"https:\/\/stoic-curie.212-227-153-4.plesk.page\/pt\/wp-json\/wp\/v2\/product\/3695052","targetHints":{"allow":["GET"]}}],"collection":[{"href":"https:\/\/stoic-curie.212-227-153-4.plesk.page\/pt\/wp-json\/wp\/v2\/product"}],"about":[{"href":"https:\/\/stoic-curie.212-227-153-4.plesk.page\/pt\/wp-json\/wp\/v2\/types\/product"}],"replies":[{"embeddable":true,"href":"https:\/\/stoic-curie.212-227-153-4.plesk.page\/pt\/wp-json\/wp\/v2\/comments?post=3695052"}],"version-history":[{"count":0,"href":"https:\/\/stoic-curie.212-227-153-4.plesk.page\/pt\/wp-json\/wp\/v2\/product\/3695052\/revisions"}],"wp:featuredmedia":[{"embeddable":true,"href":"https:\/\/stoic-curie.212-227-153-4.plesk.page\/pt\/wp-json\/wp\/v2\/media\/5938643"}],"wp:attachment":[{"href":"https:\/\/stoic-curie.212-227-153-4.plesk.page\/pt\/wp-json\/wp\/v2\/media?parent=3695052"}],"wp:term":[{"taxonomy":"product_brand","embeddable":true,"href":"https:\/\/stoic-curie.212-227-153-4.plesk.page\/pt\/wp-json\/wp\/v2\/product_brand?post=3695052"},{"taxonomy":"product_cat","embeddable":true,"href":"https:\/\/stoic-curie.212-227-153-4.plesk.page\/pt\/wp-json\/wp\/v2\/product_cat?post=3695052"},{"taxonomy":"product_tag","embeddable":true,"href":"https:\/\/stoic-curie.212-227-153-4.plesk.page\/pt\/wp-json\/wp\/v2\/product_tag?post=3695052"}],"curies":[{"name":"wp","href":"https:\/\/api.w.org\/{rel}","templated":true}]}}