{"id":3695053,"date":"2025-10-13T14:03:23","date_gmt":"2025-10-13T18:03:23","guid":{"rendered":"https:\/\/stoic-curie.212-227-153-4.plesk.page\/product\/drenos-de-espelho-com-barbas-para-tampoes-de-drenagem-expansiveis-d22-7-cinza\/"},"modified":"2026-02-25T00:27:47","modified_gmt":"2026-02-25T00:27:47","slug":"drenos-de-espelho-com-barbas-para-tampoes-de-drenagem-expansiveis-d22-7-cinza","status":"publish","type":"product","link":"https:\/\/stoic-curie.212-227-153-4.plesk.page\/pt\/product\/drenos-de-espelho-com-barbas-para-tampoes-de-drenagem-expansiveis-d22-7-cinza\/","title":{"rendered":"Drenos de espelho com barbas para tamp\u00f5es de drenagem expans\u00edveis D22.7 cinza"},"content":{"rendered":"<p>Drenos de espelho com barbas para tamp\u00f5es de drenagem expans\u00edveis D22.7 cinza &#8211; <\/p>\n<p>Drenos de transom com espig\u00f5es para tamp\u00f5es de drenagem expans\u00edveis: 1425010\/11\/12\/90\/91-1425114\/15\/16.<\/p>\n","protected":false},"excerpt":{"rendered":"<p>Drenos de espelho com barbas para tamp\u00f5es de drenagem expans\u00edveis D22.7 cinza &#8211; Drenos de transom com espig\u00f5es para tamp\u00f5es<\/p>\n","protected":false},"featured_media":5938646,"comment_status":"closed","ping_status":"closed","template":"","meta":[],"product_brand":[3212],"product_cat":[1948,1954,1953],"product_tag":[],"class_list":{"0":"post-3695053","1":"product","2":"type-product","3":"status-publish","4":"has-post-thumbnail","6":"product_brand-nuova-rade-pt","7":"product_cat-acessorios-para-canalizacao-de-plastico","8":"product_cat-bujoes-de-drenagem","9":"product_cat-pecas-de-casco","11":"first","12":"instock","13":"shipping-taxable","14":"purchasable","15":"product-type-simple"},"_links":{"self":[{"href":"https:\/\/stoic-curie.212-227-153-4.plesk.page\/pt\/wp-json\/wp\/v2\/product\/3695053","targetHints":{"allow":["GET"]}}],"collection":[{"href":"https:\/\/stoic-curie.212-227-153-4.plesk.page\/pt\/wp-json\/wp\/v2\/product"}],"about":[{"href":"https:\/\/stoic-curie.212-227-153-4.plesk.page\/pt\/wp-json\/wp\/v2\/types\/product"}],"replies":[{"embeddable":true,"href":"https:\/\/stoic-curie.212-227-153-4.plesk.page\/pt\/wp-json\/wp\/v2\/comments?post=3695053"}],"version-history":[{"count":0,"href":"https:\/\/stoic-curie.212-227-153-4.plesk.page\/pt\/wp-json\/wp\/v2\/product\/3695053\/revisions"}],"wp:featuredmedia":[{"embeddable":true,"href":"https:\/\/stoic-curie.212-227-153-4.plesk.page\/pt\/wp-json\/wp\/v2\/media\/5938646"}],"wp:attachment":[{"href":"https:\/\/stoic-curie.212-227-153-4.plesk.page\/pt\/wp-json\/wp\/v2\/media?parent=3695053"}],"wp:term":[{"taxonomy":"product_brand","embeddable":true,"href":"https:\/\/stoic-curie.212-227-153-4.plesk.page\/pt\/wp-json\/wp\/v2\/product_brand?post=3695053"},{"taxonomy":"product_cat","embeddable":true,"href":"https:\/\/stoic-curie.212-227-153-4.plesk.page\/pt\/wp-json\/wp\/v2\/product_cat?post=3695053"},{"taxonomy":"product_tag","embeddable":true,"href":"https:\/\/stoic-curie.212-227-153-4.plesk.page\/pt\/wp-json\/wp\/v2\/product_tag?post=3695053"}],"curies":[{"name":"wp","href":"https:\/\/api.w.org\/{rel}","templated":true}]}}