{"id":3695065,"date":"2025-10-13T14:03:27","date_gmt":"2025-10-13T18:03:27","guid":{"rendered":"https:\/\/stoic-curie.212-227-153-4.plesk.page\/product\/soquete-de-drenagem-telescopico-de-polipropileno-de-75mm-60-215\/"},"modified":"2026-02-25T00:27:47","modified_gmt":"2026-02-25T00:27:47","slug":"soquete-de-drenagem-telescopico-de-polipropileno-de-75mm-60-215","status":"publish","type":"product","link":"https:\/\/stoic-curie.212-227-153-4.plesk.page\/pt\/product\/soquete-de-drenagem-telescopico-de-polipropileno-de-75mm-60-215\/","title":{"rendered":"Soquete de drenagem telesc\u00f3pico de polipropileno de 75mm 60\/215"},"content":{"rendered":"<p>Soquete de drenagem telesc\u00f3pico de polipropileno de 75mm 60\/215 &#8211; <\/p>\n<p>Conector telesc\u00f3pico de casco em polipropileno branco e muito resistente. Com v\u00e1lvula de tampa de n\u00e3o retorno N\/R de f\u00e1cil montagem opcional.<\/p>\n","protected":false},"excerpt":{"rendered":"<p>Soquete de drenagem telesc\u00f3pico de polipropileno de 75mm 60\/215 &#8211; Conector telesc\u00f3pico de casco em polipropileno branco e muito resistente.<\/p>\n","protected":false},"featured_media":5938668,"comment_status":"closed","ping_status":"closed","template":"","meta":[],"product_brand":[2862],"product_cat":[1948,1954,1953],"product_tag":[],"class_list":{"0":"post-3695065","1":"product","2":"type-product","3":"status-publish","4":"has-post-thumbnail","6":"product_brand-ceredi-pt","7":"product_cat-acessorios-para-canalizacao-de-plastico","8":"product_cat-bujoes-de-drenagem","9":"product_cat-pecas-de-casco","11":"first","12":"instock","13":"shipping-taxable","14":"purchasable","15":"product-type-simple"},"_links":{"self":[{"href":"https:\/\/stoic-curie.212-227-153-4.plesk.page\/pt\/wp-json\/wp\/v2\/product\/3695065","targetHints":{"allow":["GET"]}}],"collection":[{"href":"https:\/\/stoic-curie.212-227-153-4.plesk.page\/pt\/wp-json\/wp\/v2\/product"}],"about":[{"href":"https:\/\/stoic-curie.212-227-153-4.plesk.page\/pt\/wp-json\/wp\/v2\/types\/product"}],"replies":[{"embeddable":true,"href":"https:\/\/stoic-curie.212-227-153-4.plesk.page\/pt\/wp-json\/wp\/v2\/comments?post=3695065"}],"version-history":[{"count":0,"href":"https:\/\/stoic-curie.212-227-153-4.plesk.page\/pt\/wp-json\/wp\/v2\/product\/3695065\/revisions"}],"wp:featuredmedia":[{"embeddable":true,"href":"https:\/\/stoic-curie.212-227-153-4.plesk.page\/pt\/wp-json\/wp\/v2\/media\/5938668"}],"wp:attachment":[{"href":"https:\/\/stoic-curie.212-227-153-4.plesk.page\/pt\/wp-json\/wp\/v2\/media?parent=3695065"}],"wp:term":[{"taxonomy":"product_brand","embeddable":true,"href":"https:\/\/stoic-curie.212-227-153-4.plesk.page\/pt\/wp-json\/wp\/v2\/product_brand?post=3695065"},{"taxonomy":"product_cat","embeddable":true,"href":"https:\/\/stoic-curie.212-227-153-4.plesk.page\/pt\/wp-json\/wp\/v2\/product_cat?post=3695065"},{"taxonomy":"product_tag","embeddable":true,"href":"https:\/\/stoic-curie.212-227-153-4.plesk.page\/pt\/wp-json\/wp\/v2\/product_tag?post=3695065"}],"curies":[{"name":"wp","href":"https:\/\/api.w.org\/{rel}","templated":true}]}}