{"id":3695067,"date":"2025-10-13T14:03:28","date_gmt":"2025-10-13T18:03:28","guid":{"rendered":"https:\/\/stoic-curie.212-227-153-4.plesk.page\/product\/filtro-de-espelho-de-pvc-de-18-a-24mm\/"},"modified":"2026-02-25T00:27:47","modified_gmt":"2026-02-25T00:27:47","slug":"filtro-de-espelho-de-pvc-de-18-a-24mm","status":"publish","type":"product","link":"https:\/\/stoic-curie.212-227-153-4.plesk.page\/pt\/product\/filtro-de-espelho-de-pvc-de-18-a-24mm\/","title":{"rendered":"Filtro de espelho de PVC de 18 a 24mm"},"content":{"rendered":"<p>Filtro de espelho de PVC de 18 a 24mm &#8211; <\/p>\n<p>Filtro de por\u00e3o de pl\u00e1stico com conex\u00e3o de tubo para mangueira.<\/p>\n","protected":false},"excerpt":{"rendered":"<p>Filtro de espelho de PVC de 18 a 24mm &#8211; Filtro de por\u00e3o de pl\u00e1stico com conex\u00e3o de tubo para<\/p>\n","protected":false},"featured_media":5938673,"comment_status":"closed","ping_status":"closed","template":"","meta":[],"product_brand":[3212],"product_cat":[1937],"product_tag":[],"class_list":{"0":"post-3695067","1":"product","2":"type-product","3":"status-publish","4":"has-post-thumbnail","6":"product_brand-nuova-rade-pt","7":"product_cat-filtros-para-bombas-de-esgoto","9":"first","10":"instock","11":"shipping-taxable","12":"purchasable","13":"product-type-simple"},"_links":{"self":[{"href":"https:\/\/stoic-curie.212-227-153-4.plesk.page\/pt\/wp-json\/wp\/v2\/product\/3695067","targetHints":{"allow":["GET"]}}],"collection":[{"href":"https:\/\/stoic-curie.212-227-153-4.plesk.page\/pt\/wp-json\/wp\/v2\/product"}],"about":[{"href":"https:\/\/stoic-curie.212-227-153-4.plesk.page\/pt\/wp-json\/wp\/v2\/types\/product"}],"replies":[{"embeddable":true,"href":"https:\/\/stoic-curie.212-227-153-4.plesk.page\/pt\/wp-json\/wp\/v2\/comments?post=3695067"}],"version-history":[{"count":0,"href":"https:\/\/stoic-curie.212-227-153-4.plesk.page\/pt\/wp-json\/wp\/v2\/product\/3695067\/revisions"}],"wp:featuredmedia":[{"embeddable":true,"href":"https:\/\/stoic-curie.212-227-153-4.plesk.page\/pt\/wp-json\/wp\/v2\/media\/5938673"}],"wp:attachment":[{"href":"https:\/\/stoic-curie.212-227-153-4.plesk.page\/pt\/wp-json\/wp\/v2\/media?parent=3695067"}],"wp:term":[{"taxonomy":"product_brand","embeddable":true,"href":"https:\/\/stoic-curie.212-227-153-4.plesk.page\/pt\/wp-json\/wp\/v2\/product_brand?post=3695067"},{"taxonomy":"product_cat","embeddable":true,"href":"https:\/\/stoic-curie.212-227-153-4.plesk.page\/pt\/wp-json\/wp\/v2\/product_cat?post=3695067"},{"taxonomy":"product_tag","embeddable":true,"href":"https:\/\/stoic-curie.212-227-153-4.plesk.page\/pt\/wp-json\/wp\/v2\/product_tag?post=3695067"}],"curies":[{"name":"wp","href":"https:\/\/api.w.org\/{rel}","templated":true}]}}