{"id":3695069,"date":"2025-10-13T14:03:29","date_gmt":"2025-10-13T18:03:29","guid":{"rendered":"https:\/\/stoic-curie.212-227-153-4.plesk.page\/product\/filtro-de-espelho-johnson-25-38\/"},"modified":"2026-02-25T00:27:47","modified_gmt":"2026-02-25T00:27:47","slug":"filtro-de-espelho-johnson-25-38","status":"publish","type":"product","link":"https:\/\/stoic-curie.212-227-153-4.plesk.page\/pt\/product\/filtro-de-espelho-johnson-25-38\/","title":{"rendered":"Filtro de espelho Johnson 25\/38"},"content":{"rendered":"<p>Filtro de espelho Johnson 25\/38 &#8211; <\/p>\n<p>O filtro de por\u00e3o Johnson com v\u00e1lvula de reten\u00e7\u00e3o foi projetado para evitar que detritos do por\u00e3o bloqueiem a tubula\u00e7\u00e3o de suc\u00e7\u00e3o. Mant\u00e9m a priming nas tubula\u00e7\u00f5es de suc\u00e7\u00e3o. F\u00e1cil de manter e limpar sem usar ferramentas.<\/p>\n","protected":false},"excerpt":{"rendered":"<p>Filtro de espelho Johnson 25\/38 &#8211; O filtro de por\u00e3o Johnson com v\u00e1lvula de reten\u00e7\u00e3o foi projetado para evitar que<\/p>\n","protected":false},"featured_media":5938674,"comment_status":"closed","ping_status":"closed","template":"","meta":[],"product_brand":[3047],"product_cat":[1937],"product_tag":[],"class_list":{"0":"post-3695069","1":"product","2":"type-product","3":"status-publish","4":"has-post-thumbnail","6":"product_brand-johnson-marine-pt","7":"product_cat-filtros-para-bombas-de-esgoto","9":"first","10":"instock","11":"shipping-taxable","12":"purchasable","13":"product-type-simple"},"_links":{"self":[{"href":"https:\/\/stoic-curie.212-227-153-4.plesk.page\/pt\/wp-json\/wp\/v2\/product\/3695069","targetHints":{"allow":["GET"]}}],"collection":[{"href":"https:\/\/stoic-curie.212-227-153-4.plesk.page\/pt\/wp-json\/wp\/v2\/product"}],"about":[{"href":"https:\/\/stoic-curie.212-227-153-4.plesk.page\/pt\/wp-json\/wp\/v2\/types\/product"}],"replies":[{"embeddable":true,"href":"https:\/\/stoic-curie.212-227-153-4.plesk.page\/pt\/wp-json\/wp\/v2\/comments?post=3695069"}],"version-history":[{"count":0,"href":"https:\/\/stoic-curie.212-227-153-4.plesk.page\/pt\/wp-json\/wp\/v2\/product\/3695069\/revisions"}],"wp:featuredmedia":[{"embeddable":true,"href":"https:\/\/stoic-curie.212-227-153-4.plesk.page\/pt\/wp-json\/wp\/v2\/media\/5938674"}],"wp:attachment":[{"href":"https:\/\/stoic-curie.212-227-153-4.plesk.page\/pt\/wp-json\/wp\/v2\/media?parent=3695069"}],"wp:term":[{"taxonomy":"product_brand","embeddable":true,"href":"https:\/\/stoic-curie.212-227-153-4.plesk.page\/pt\/wp-json\/wp\/v2\/product_brand?post=3695069"},{"taxonomy":"product_cat","embeddable":true,"href":"https:\/\/stoic-curie.212-227-153-4.plesk.page\/pt\/wp-json\/wp\/v2\/product_cat?post=3695069"},{"taxonomy":"product_tag","embeddable":true,"href":"https:\/\/stoic-curie.212-227-153-4.plesk.page\/pt\/wp-json\/wp\/v2\/product_tag?post=3695069"}],"curies":[{"name":"wp","href":"https:\/\/api.w.org\/{rel}","templated":true}]}}